{"id":110,"date":"2013-01-02T13:18:40","date_gmt":"2013-01-02T13:18:40","guid":{"rendered":"http:\/\/www.id-build.com\/wp-APRSE\/?page_id=110"},"modified":"2020-09-08T14:02:13","modified_gmt":"2020-09-08T14:02:13","slug":"qui-nous-sommes","status":"publish","type":"page","link":"https:\/\/www.saa-aprse.ca\/fr\/qui-nous-sommes\/","title":{"rendered":"Qui nous sommes"},"content":{"rendered":"<p><strong><a href=\"https:\/\/www.facebook.com\/Southeastern-Anglers-Association-SAA-1959899444254967\/?ref=aymt_homepage_panel\"><img loading=\"lazy\" decoding=\"async\" width=\"159\" height=\"160\" class=\"alignleft wp-image-3076\" src=\"https:\/\/www.saa-aprse.ca\/wp-content\/uploads\/2020\/08\/f_logo_RGB-Blue_72.png\" alt=\"Facebook\" style=\"width: 100px; border-radius: 50%;\"><\/a>Visitez et aimez notre page Facebook en cliquant sur l&rsquo;ic\u00f4ne Facebook \u00e0 gauche!<\/strong><\/p>\n<p><img loading=\"lazy\" decoding=\"async\" src=\"http:\/\/www.saa-aprse.ca\/wp-content\/uploads\/2012\/12\/BouctoucheRiver.jpg\" alt=\"BouctoucheRiver\" width=\"640\" height=\"361\"><\/p>\n<p style=\"text-align: justify;\">L\u2019Association des p\u00eacheurs r\u00e9cr\u00e9atifs du sud-est Inc (APRSE) est un organisme \u00e0 but non-lucratif qui existe depuis 1993.&nbsp; Elle s\u2019est engag\u00e9e \u00e0 entreprendre divers projets environnemental afin de mener \u00e0 bien son mandat, soit d\u2019\u00e9tablir une p\u00eache r\u00e9cr\u00e9ative durable tout en prot\u00e9geant et restaurant l\u2019habitat du poisson des bassins versants de Chockpish, Bouctouche et Cocagne.<\/p>\n<p style=\"text-align: justify;\">C\u2019est gr\u00e2ce \u00e0 l\u2019aide de plusieurs partenaires,&nbsp; de b\u00e9n\u00e9voles et \u00e0 diverses ressources financi\u00e8res, que l&rsquo;Assocation des p\u00eacheurs r\u00e9cr\u00e9atifs du sud-est a \u00e9t\u00e9 en mesure d\u2019entreprendre plusieurs projets. De 1997 \u00e0 2015, APRSE a dirig\u00e9 plusieurs suivis sur les habitats, des tests de qualit\u00e9 d&rsquo;eau, restauration des cours d&rsquo;eau et des projets d&rsquo;intervention avec les communaut\u00e9s. Les indicateurs environnementaux qui sont recueilli des suivis&nbsp; nous vont aider \u00e0 mieux comprendre les changements dans les bassins versants. Le succ\u00e8s de nos efforts mise envers la protection des habitats des bassins versants vont aider \u00e0 la protection des ressources \u00e0 l&rsquo;avenir. Plus de connaissons ont \u00e9t\u00e9 acqu\u00e9ri&nbsp;sur les menaces et les enjeux qui affectent les populations de poisson dans les rivi\u00e8res.<\/p>\n<p style=\"text-align: justify;\">L\u2019Association des p\u00eacheurs r\u00e9cr\u00e9atifs du sud-est s&rsquo;engage \u00e0 travail avec les parties int\u00e9ress\u00e9es et les propri\u00e9taires de terrain afin d&rsquo;utiliser les meilleurs pratiques d&rsquo;am\u00e9nagement de terrain afin d&rsquo;atteindre la viabilit\u00e9 des basins versants.<\/p>\n<p style=\"text-align: justify;\">D&rsquo;importante exp\u00e9riences et de d\u00e9vouement que l\u2019Association des p\u00eacheurs r\u00e9cr\u00e9atifs du sud-est, le personnel et les directeurs, \u00e0 contribu\u00e9 envers la protection et la restauration des habitats de bassin versant parmi les 25 ans pass\u00e9s d\u00e9montre que nous some d\u00e9l\u00e9gu\u00e9 \u00e0 notre mission et nous continuerons peu importe les ressources finaci\u00e8res que APRSE obtiendra.<\/p>\n<p style=\"text-align: justify;\"><img loading=\"lazy\" decoding=\"async\" class=\"aligncenter wp-image-1962 size-large\" src=\"https:\/\/www.saa-aprse.ca\/wp-content\/uploads\/2013\/01\/Projects3-700x629.png\" alt=\"Projects3\" width=\"584\" height=\"525\" srcset=\"https:\/\/www.saa-aprse.ca\/wp-content\/uploads\/2013\/01\/Projects3-700x629.png 700w, https:\/\/www.saa-aprse.ca\/wp-content\/uploads\/2013\/01\/Projects3-300x269.png 300w, https:\/\/www.saa-aprse.ca\/wp-content\/uploads\/2013\/01\/Projects3-333x300.png 333w, https:\/\/www.saa-aprse.ca\/wp-content\/uploads\/2013\/01\/Projects3.png 1039w\" sizes=\"(max-width: 584px) 100vw, 584px\" \/>En reconnaissance de sa contribution \u00e0 l\u2019am\u00e9lioration de l\u2019environnement, l\u2019APRSE a re\u00e7u un certificat de citoyennet\u00e9 pour l\u2019Environnement en 1995 remis par le minist\u00e8re des P\u00eaches et de l\u2019Aquaculture du N.-B, le prix de l\u2019organisme de service de l\u2019ann\u00e9e en 1997 remis par la Commission \u00e9conomique de Kent et le Prix de la P\u00eache r\u00e9cr\u00e9ative au Canada remis par P\u00eaches et Oc\u00e9ans Canada en 2000.<\/p>\n<p style=\"text-align: justify;\">UN EFFORT COLLABORATIF<span class=\"text_exposed_hide\">&#8230;<\/span><\/p>\n<div class=\"text_exposed_show\">\n<p>L\u2019Association des p\u00eacheurs r\u00e9cr\u00e9atifs du sud-est est fi\u00e8re de faire part du R\u00e9seau environnemental du Nouveau-Brunswick (RENB) et les effort collaborative sur la biodiversit\u00e9 au Nouveau-Brunswick. Nous supportant la conservation et l&rsquo;intendance de la biodiversit\u00e9 dans notre province. Voir le lien pour plus d&rsquo;information: <a href=\"http:\/\/www.nben.ca\/index.php\/fr\/\" target=\"_blank\" rel=\"nofollow noopener noreferrer\" data-ft=\"{&quot;tn&quot;:&quot;-U&quot;}\" data-lynx-uri=\"http:\/\/l.facebook.com\/l.php?u=http%3A%2F%2Fwww.nben.ca%2Findex.php%2Ffr%2F&amp;h=AT3pu6RnVL0CEnakvL1rXLHSFiyCWSnOr-VF3G5ROFSkCO7c2WjTZ0taTEP9akCYH_HzdfUei0Z0GH3Sox7AN8eZgOZYTrBC6popK0JA6XMSjMTbqOLVBHOryrffNcu0KlzdTgU5AAa0SvC487BawP6l\" data-lynx-mode=\"hover\"><u><span style=\"color: #0066cc;\">http:\/\/www.nben.ca\/index.php\/fr\/<\/span><\/u><\/a><\/p>\n<p><img loading=\"lazy\" decoding=\"async\" class=\"alignnone size-full wp-image-2632\" src=\"http:\/\/www.saa-aprse.ca\/wp-content\/uploads\/2016\/04\/En_Bi_Col_Tag_jpg.jpg\" alt=\"En_Bi_Col_Tag_jpg\" width=\"2102\" height=\"929\" srcset=\"https:\/\/www.saa-aprse.ca\/wp-content\/uploads\/2016\/04\/En_Bi_Col_Tag_jpg.jpg 2102w, https:\/\/www.saa-aprse.ca\/wp-content\/uploads\/2016\/04\/En_Bi_Col_Tag_jpg-300x133.jpg 300w, https:\/\/www.saa-aprse.ca\/wp-content\/uploads\/2016\/04\/En_Bi_Col_Tag_jpg-768x339.jpg 768w, https:\/\/www.saa-aprse.ca\/wp-content\/uploads\/2016\/04\/En_Bi_Col_Tag_jpg-700x309.jpg 700w, https:\/\/www.saa-aprse.ca\/wp-content\/uploads\/2016\/04\/En_Bi_Col_Tag_jpg-500x221.jpg 500w\" sizes=\"(max-width: 2102px) 100vw, 2102px\" \/><\/p>\n<\/div>\n<p><em>Les p\u00eacheurs r\u00e9cr\u00e9atifs et les amateurs de la nature peuvent appuyer notre mission et nos projets en&nbsp;<a title=\"Membership\" href=\"http:\/\/www.saa-aprse.ca\/a-propos\/membership-2\/?lang=fr\">devenant membre<\/a>.<\/em><\/p>\n","protected":false},"excerpt":{"rendered":"<p>Visitez et aimez notre page Facebook en cliquant sur l&rsquo;ic\u00f4ne Facebook \u00e0 gauche! L\u2019Association des p\u00eacheurs r\u00e9cr\u00e9atifs du sud-est Inc (APRSE) est un organisme \u00e0 but non-lucratif qui existe depuis 1993.&nbsp; Elle s\u2019est engag\u00e9e \u00e0 entreprendre divers projets environnemental afin &hellip; <a href=\"https:\/\/www.saa-aprse.ca\/fr\/qui-nous-sommes\/\">Continuez de lire <span class=\"meta-nav\">\u2192<\/span><\/a><\/p>\n","protected":false},"author":1,"featured_media":0,"parent":0,"menu_order":1,"comment_status":"open","ping_status":"closed","template":"","meta":{"_acf_changed":false,"footnotes":""},"acf":[],"_links":{"self":[{"href":"https:\/\/www.saa-aprse.ca\/fr\/wp-json\/wp\/v2\/pages\/110"}],"collection":[{"href":"https:\/\/www.saa-aprse.ca\/fr\/wp-json\/wp\/v2\/pages"}],"about":[{"href":"https:\/\/www.saa-aprse.ca\/fr\/wp-json\/wp\/v2\/types\/page"}],"author":[{"embeddable":true,"href":"https:\/\/www.saa-aprse.ca\/fr\/wp-json\/wp\/v2\/users\/1"}],"replies":[{"embeddable":true,"href":"https:\/\/www.saa-aprse.ca\/fr\/wp-json\/wp\/v2\/comments?post=110"}],"version-history":[{"count":40,"href":"https:\/\/www.saa-aprse.ca\/fr\/wp-json\/wp\/v2\/pages\/110\/revisions"}],"predecessor-version":[{"id":3202,"href":"https:\/\/www.saa-aprse.ca\/fr\/wp-json\/wp\/v2\/pages\/110\/revisions\/3202"}],"wp:attachment":[{"href":"https:\/\/www.saa-aprse.ca\/fr\/wp-json\/wp\/v2\/media?parent=110"}],"curies":[{"name":"wp","href":"https:\/\/api.w.org\/{rel}","templated":true}]}}