{"id":114,"date":"2013-01-02T13:20:18","date_gmt":"2013-01-02T13:20:18","guid":{"rendered":"http:\/\/www.id-build.com\/wp-APRSE\/?page_id=114"},"modified":"2017-07-26T12:43:16","modified_gmt":"2017-07-26T12:43:16","slug":"territoire-et-bassin-versant","status":"publish","type":"page","link":"https:\/\/www.saa-aprse.ca\/fr\/qui-nous-sommes\/territoire-et-bassin-versant\/","title":{"rendered":"G\u00e9ographie du territoire et des bassins versants"},"content":{"rendered":"<p style=\"text-align: justify;\">Les bassins versants des rivi\u00e8res Chockpish, Bouctouche et Cocagne sont situ\u00e9s dans le comt\u00e9 de Kent, dans le sud-est de la province du Nouveau-Brunswick. Toutes les eaux se d\u00e9versent dans le bassin de drainage du d\u00e9troit de Northumberland, ce dernier faisant partie du grand \u00e9cosyst\u00e8me du Golfe du Saint-Laurent.<\/p>\n<p style=\"text-align: justify;\">Ces bassins versants sont situ\u00e9s dans la plaine c\u00f4ti\u00e8re des basses terres de l\u2019est du Nouveau-Brunswick, dont la pente vers la mer est faible et peu visible. Les rivi\u00e8res Chockpish, Bouctouche et Cocagne ont un d\u00e9bit d\u2019eau de lent \u00e0 mod\u00e9r\u00e9 et sont courtes et peu profondes, ce qui est typique des rivi\u00e8res de la c\u00f4te est du Nouveau-Brunswick.<\/p>\n<p style=\"text-align: justify;\"><img loading=\"lazy\" decoding=\"async\" class=\"wp-image-2603  alignright\" src=\"http:\/\/www.saa-aprse.ca\/wp-content\/uploads\/2016\/05\/Bassins-versant_Bouctouche-Chockpish-et-Cocagne2-538x700.png\" alt=\"Bassins versant_Bouctouche Chockpish et Cocagne2\" width=\"340\" height=\"439\" \/>La r\u00e9gion comprend une grande diversit\u00e9 d\u2019habitats. On y compte de nombreuses terres humides form\u00e9es au creux de basses collines ondul\u00e9es donnant un caract\u00e8re particulier \u00e0 la r\u00e9gion. Le d\u00e9veloppement de grandes \u00e9tendues de terres pour le secteur forestier et agricole est typique de l\u2019utilisation des terres de ces bassins versants. Ces utilisations des terres sont les moteurs de l\u2019\u00e9conomie r\u00e9gionale et ont un grand impact sur la qualit\u00e9 de l\u2019eau des bassins versants.<\/p>\n<p style=\"text-align: justify;\">La r\u00e9gion compte plusieurs r\u00e9sidences permanentes et saisonni\u00e8res qui forment plusieurs petites communaut\u00e9s et 2 municipalit\u00e9s. L\u2019\u00e9conomie de la r\u00e9gion repose sur les ressources naturelles ainsi que sur les biens et services que la r\u00e9gion peut offrir pour les r\u00e9gions avoisinantes, \u00e9tant donn\u00e9 sa proximit\u00e9 aux municipalit\u00e9s de Moncton, Dieppe, Riverview, Shediac et Richibuctou. (J. Gauvin et al., 2006. Rapport d\u2019ensemble de l\u2019\u00e9cosyst\u00e8me de la baie de Cocagne au Nouveau-Brunswick).<\/p>\n","protected":false},"excerpt":{"rendered":"<p>Les bassins versants des rivi\u00e8res Chockpish, Bouctouche et Cocagne sont situ\u00e9s dans le comt\u00e9 de Kent, dans le sud-est de la province du Nouveau-Brunswick. Toutes les eaux se d\u00e9versent dans le bassin de drainage du d\u00e9troit de Northumberland, ce dernier &hellip; <a href=\"https:\/\/www.saa-aprse.ca\/fr\/qui-nous-sommes\/territoire-et-bassin-versant\/\">Continuez de lire <span class=\"meta-nav\">\u2192<\/span><\/a><\/p>\n","protected":false},"author":1,"featured_media":0,"parent":110,"menu_order":3,"comment_status":"open","ping_status":"closed","template":"","meta":{"_acf_changed":false,"footnotes":""},"acf":[],"_links":{"self":[{"href":"https:\/\/www.saa-aprse.ca\/fr\/wp-json\/wp\/v2\/pages\/114"}],"collection":[{"href":"https:\/\/www.saa-aprse.ca\/fr\/wp-json\/wp\/v2\/pages"}],"about":[{"href":"https:\/\/www.saa-aprse.ca\/fr\/wp-json\/wp\/v2\/types\/page"}],"author":[{"embeddable":true,"href":"https:\/\/www.saa-aprse.ca\/fr\/wp-json\/wp\/v2\/users\/1"}],"replies":[{"embeddable":true,"href":"https:\/\/www.saa-aprse.ca\/fr\/wp-json\/wp\/v2\/comments?post=114"}],"version-history":[{"count":19,"href":"https:\/\/www.saa-aprse.ca\/fr\/wp-json\/wp\/v2\/pages\/114\/revisions"}],"predecessor-version":[{"id":2827,"href":"https:\/\/www.saa-aprse.ca\/fr\/wp-json\/wp\/v2\/pages\/114\/revisions\/2827"}],"up":[{"embeddable":true,"href":"https:\/\/www.saa-aprse.ca\/fr\/wp-json\/wp\/v2\/pages\/110"}],"wp:attachment":[{"href":"https:\/\/www.saa-aprse.ca\/fr\/wp-json\/wp\/v2\/media?parent=114"}],"curies":[{"name":"wp","href":"https:\/\/api.w.org\/{rel}","templated":true}]}}