{"id":132,"date":"2013-01-02T13:43:43","date_gmt":"2013-01-02T13:43:43","guid":{"rendered":"http:\/\/www.id-build.com\/wp-APRSE\/?page_id=132"},"modified":"2016-03-02T18:08:40","modified_gmt":"2016-03-02T18:08:40","slug":"personnel-et-c-a","status":"publish","type":"page","link":"https:\/\/www.saa-aprse.ca\/fr\/qui-nous-sommes\/personnel-et-c-a\/","title":{"rendered":"Personnel et conseil administratif"},"content":{"rendered":"<p style=\"text-align: justify;\">Le conseil administratif est form\u00e9 d\u2019un(e) pr\u00e9sident(e), d\u2019un(e) vice-pr\u00e9sident(e), d\u2019un(e) secr\u00e9taire\/tr\u00e9sorier(\u00e8re) et de directeurs\/directrices qui, tous ensemble, voient au respect de la vision, de la mission, du mandat, et des valeurs de l\u2019organisme.<\/p>\n<p style=\"text-align: justify;\">Au fil des ann\u00e9es, l\u2019association a employ\u00e9 plus de 50 personnes et a attribu\u00e9 des contrats \u00e0 des entreprises locales pour fournir une vari\u00e9t\u00e9 de produits et services. C\u2019est gr\u00e2ce \u00e0 des employ\u00e9s d\u00e9vou\u00e9s que plusieurs des projets ont \u00e9t\u00e9 possible.<\/p>\n","protected":false},"excerpt":{"rendered":"<p>Le conseil administratif est form\u00e9 d\u2019un(e) pr\u00e9sident(e), d\u2019un(e) vice-pr\u00e9sident(e), d\u2019un(e) secr\u00e9taire\/tr\u00e9sorier(\u00e8re) et de directeurs\/directrices qui, tous ensemble, voient au respect de la vision, de la mission, du mandat, et des valeurs de l\u2019organisme. Au fil des ann\u00e9es, l\u2019association a employ\u00e9 &hellip; <a href=\"https:\/\/www.saa-aprse.ca\/fr\/qui-nous-sommes\/personnel-et-c-a\/\">Continuez de lire <span class=\"meta-nav\">\u2192<\/span><\/a><\/p>\n","protected":false},"author":1,"featured_media":0,"parent":110,"menu_order":4,"comment_status":"open","ping_status":"closed","template":"page-monitoring.php","meta":{"_acf_changed":false,"footnotes":""},"acf":[],"_links":{"self":[{"href":"https:\/\/www.saa-aprse.ca\/fr\/wp-json\/wp\/v2\/pages\/132"}],"collection":[{"href":"https:\/\/www.saa-aprse.ca\/fr\/wp-json\/wp\/v2\/pages"}],"about":[{"href":"https:\/\/www.saa-aprse.ca\/fr\/wp-json\/wp\/v2\/types\/page"}],"author":[{"embeddable":true,"href":"https:\/\/www.saa-aprse.ca\/fr\/wp-json\/wp\/v2\/users\/1"}],"replies":[{"embeddable":true,"href":"https:\/\/www.saa-aprse.ca\/fr\/wp-json\/wp\/v2\/comments?post=132"}],"version-history":[{"count":9,"href":"https:\/\/www.saa-aprse.ca\/fr\/wp-json\/wp\/v2\/pages\/132\/revisions"}],"predecessor-version":[{"id":1990,"href":"https:\/\/www.saa-aprse.ca\/fr\/wp-json\/wp\/v2\/pages\/132\/revisions\/1990"}],"up":[{"embeddable":true,"href":"https:\/\/www.saa-aprse.ca\/fr\/wp-json\/wp\/v2\/pages\/110"}],"wp:attachment":[{"href":"https:\/\/www.saa-aprse.ca\/fr\/wp-json\/wp\/v2\/media?parent=132"}],"curies":[{"name":"wp","href":"https:\/\/api.w.org\/{rel}","templated":true}]}}