{"id":137,"date":"2013-01-02T13:46:21","date_gmt":"2013-01-02T13:46:21","guid":{"rendered":"http:\/\/www.id-build.com\/wp-APRSE\/?page_id=137"},"modified":"2013-08-01T17:56:43","modified_gmt":"2013-08-01T17:56:43","slug":"membership","status":"publish","type":"page","link":"https:\/\/www.saa-aprse.ca\/fr\/qui-nous-sommes\/membership\/","title":{"rendered":"Devenir membre"},"content":{"rendered":"<p>Devenez membre de la Association des p\u00eacheurs r\u00e9cr\u00e9atifs du sud-est Inc<\/p>\n<p>L&rsquo;adh\u00e9sion est \u00e9mise le 1er janvier de chaque ann\u00e9e.<\/p>\n<p>Veuillez compl\u00e9ter ce formulaire en ligne et nous envoyer le paiement (ch\u00e8que) par la poste \u00e0 l&rsquo;adresse suivante :<\/p>\n<p><strong>Association des p\u00eacheurs r\u00e9cr\u00e9atifs du sud-est Inc<\/strong><br \/>\nCP 1133, Cocagne NB E4R 1N6<\/p>\n<p>&nbsp;<\/p>\n<p><strong>Formulaire d&rsquo;adh\u00e9sion pour membre<\/strong><br \/>\n\n<div class=\"wpcf7 no-js\" id=\"wpcf7-f405-o1\" lang=\"en-US\" dir=\"ltr\">\n<div class=\"screen-reader-response\"><p role=\"status\" aria-live=\"polite\" aria-atomic=\"true\"><\/p> <ul><\/ul><\/div>\n<form action=\"\/fr\/wp-json\/wp\/v2\/pages\/137#wpcf7-f405-o1\" method=\"post\" class=\"wpcf7-form init\" aria-label=\"Contact form\" novalidate=\"novalidate\" data-status=\"init\">\n<div style=\"display: none;\">\n<input type=\"hidden\" name=\"_wpcf7\" value=\"405\" \/>\n<input type=\"hidden\" name=\"_wpcf7_version\" value=\"5.9.3\" \/>\n<input type=\"hidden\" name=\"_wpcf7_locale\" value=\"en_US\" \/>\n<input type=\"hidden\" name=\"_wpcf7_unit_tag\" value=\"wpcf7-f405-o1\" \/>\n<input type=\"hidden\" name=\"_wpcf7_container_post\" value=\"0\" \/>\n<input type=\"hidden\" name=\"_wpcf7_posted_data_hash\" value=\"\" \/>\n<\/div>\n<p>Nom de famille (obligatoire)\n<\/p>\n<p><span class=\"wpcf7-form-control-wrap\" data-name=\"last-name\"><input size=\"40\" class=\"wpcf7-form-control wpcf7-text wpcf7-validates-as-required\" aria-required=\"true\" aria-invalid=\"false\" value=\"\" type=\"text\" name=\"last-name\" \/><\/span>\n<\/p>\n<p>Pr\u00e9nom (obligatoire - de chaque membre)\n<\/p>\n<p><span class=\"wpcf7-form-control-wrap\" data-name=\"first-name\"><input size=\"40\" class=\"wpcf7-form-control wpcf7-text wpcf7-validates-as-required\" aria-required=\"true\" aria-invalid=\"false\" value=\"\" type=\"text\" name=\"first-name\" \/><\/span>\n<\/p>\n<p>Adresse (obligatoire)\n<\/p>\n<p><span class=\"wpcf7-form-control-wrap\" data-name=\"address\"><textarea cols=\"20\" rows=\"4\" class=\"wpcf7-form-control wpcf7-textarea wpcf7-validates-as-required\" aria-required=\"true\" aria-invalid=\"false\" name=\"address\"><\/textarea><\/span>\n<\/p>\n<p>Num\u00e9ro de t\u00e9l\u00e9phone (obligatoire)\n<\/p>\n<p><span class=\"wpcf7-form-control-wrap\" data-name=\"phone\"><input size=\"14\" maxlength=\"14\" class=\"wpcf7-form-control wpcf7-text wpcf7-validates-as-required\" aria-required=\"true\" aria-invalid=\"false\" value=\"\" type=\"text\" name=\"phone\" \/><\/span>\n<\/p>\n<p>Adresse couriel (obligatoire)\n<\/p>\n<p><span class=\"wpcf7-form-control-wrap\" data-name=\"your-email\"><input size=\"40\" class=\"wpcf7-form-control wpcf7-email wpcf7-validates-as-required wpcf7-text wpcf7-validates-as-email\" aria-required=\"true\" aria-invalid=\"false\" value=\"\" type=\"email\" name=\"your-email\" \/><\/span>\n<\/p>\n<p>Statut de membre (obligatoire)\n<\/p>\n<p><span class=\"wpcf7-form-control-wrap\" data-name=\"memberstatus\"><select class=\"wpcf7-form-control wpcf7-select wpcf7-validates-as-required\" aria-required=\"true\" aria-invalid=\"false\" name=\"memberstatus\"><option value=\"Renouvellement\">Renouvellement<\/option><option value=\"Nouveau membre\">Nouveau membre<\/option><\/select><\/span>\n<\/p>\n<p>Cat\u00e9gorie de membre (obligatoire)\n<\/p>\n<p><span class=\"wpcf7-form-control-wrap\" data-name=\"categorieofmember\"><select class=\"wpcf7-form-control wpcf7-select\" aria-invalid=\"false\" name=\"categorieofmember\"><option value=\"Famille 20,00 $\">Famille 20,00 $<\/option><option value=\"Individuel 10,00 $\">Individuel 10,00 $<\/option><\/select><\/span>\n<\/p>\n<p>CAPTCHA<br \/>\n<em>To use CAPTCHA, you need <a href=\"https:\/\/wordpress.org\/plugins\/really-simple-captcha\/\">Really Simple CAPTCHA<\/a> plugin installed.<\/em>\n<\/p>\n<p><span class=\"wpcf7-form-control-wrap\" data-name=\"captcha-92\"><input size=\"40\" class=\"wpcf7-form-control wpcf7-captchar\" autocomplete=\"off\" aria-invalid=\"false\" value=\"\" type=\"text\" name=\"captcha-92\" \/><\/span>\n<\/p>\n<p><input class=\"wpcf7-form-control wpcf7-submit has-spinner\" type=\"submit\" value=\"Envoyer\" \/>\n<\/p><div class=\"wpcf7-response-output\" aria-hidden=\"true\"><\/div>\n<\/form>\n<\/div>\n<\/p>\n","protected":false},"excerpt":{"rendered":"<p>Devenez membre de la Association des p\u00eacheurs r\u00e9cr\u00e9atifs du sud-est Inc L&rsquo;adh\u00e9sion est \u00e9mise le 1er janvier de chaque ann\u00e9e. Veuillez compl\u00e9ter ce formulaire en ligne et nous envoyer le paiement (ch\u00e8que) par la poste \u00e0 l&rsquo;adresse suivante : Association &hellip; <a href=\"https:\/\/www.saa-aprse.ca\/fr\/qui-nous-sommes\/membership\/\">Continuez de lire <span class=\"meta-nav\">\u2192<\/span><\/a><\/p>\n","protected":false},"author":1,"featured_media":0,"parent":110,"menu_order":5,"comment_status":"closed","ping_status":"closed","template":"","meta":{"_acf_changed":false,"footnotes":""},"acf":[],"_links":{"self":[{"href":"https:\/\/www.saa-aprse.ca\/fr\/wp-json\/wp\/v2\/pages\/137"}],"collection":[{"href":"https:\/\/www.saa-aprse.ca\/fr\/wp-json\/wp\/v2\/pages"}],"about":[{"href":"https:\/\/www.saa-aprse.ca\/fr\/wp-json\/wp\/v2\/types\/page"}],"author":[{"embeddable":true,"href":"https:\/\/www.saa-aprse.ca\/fr\/wp-json\/wp\/v2\/users\/1"}],"replies":[{"embeddable":true,"href":"https:\/\/www.saa-aprse.ca\/fr\/wp-json\/wp\/v2\/comments?post=137"}],"version-history":[{"count":13,"href":"https:\/\/www.saa-aprse.ca\/fr\/wp-json\/wp\/v2\/pages\/137\/revisions"}],"predecessor-version":[{"id":415,"href":"https:\/\/www.saa-aprse.ca\/fr\/wp-json\/wp\/v2\/pages\/137\/revisions\/415"}],"up":[{"embeddable":true,"href":"https:\/\/www.saa-aprse.ca\/fr\/wp-json\/wp\/v2\/pages\/110"}],"wp:attachment":[{"href":"https:\/\/www.saa-aprse.ca\/fr\/wp-json\/wp\/v2\/media?parent=137"}],"curies":[{"name":"wp","href":"https:\/\/api.w.org\/{rel}","templated":true}]}}