{"id":161,"date":"2013-01-02T13:52:30","date_gmt":"2013-01-02T13:52:30","guid":{"rendered":"http:\/\/www.id-build.com\/wp-APRSE\/?page_id=161"},"modified":"2016-05-12T12:44:36","modified_gmt":"2016-05-12T12:44:36","slug":"partenaires","status":"publish","type":"page","link":"https:\/\/www.saa-aprse.ca\/fr\/partenaires\/","title":{"rendered":"Partenaires"},"content":{"rendered":"<p><img loading=\"lazy\" decoding=\"async\" src=\"http:\/\/www.id-build.com\/wp-APRSE\/wp-content\/uploads\/2013\/01\/3191BC22upstream1.jpg\" alt=\"3191BC22upstream\" width=\"600\" height=\"167\" \/><\/p>\n<p style=\"text-align: justify;\">Au cours de notre partenariat de plus de 19 ann\u00e9es, un million et plus de dollars ont \u00e9t\u00e9 accord\u00e9s \u00e0 l&rsquo;APRSE pour r\u00e9aliser une vari\u00e9t\u00e9 de projets. L\u2019association a employ\u00e9 plus de 50 personnes et a attribu\u00e9 des contrats \u00e0 des entreprises locales pour fournir une vari\u00e9t\u00e9 de produits et de services. Sans les nombreux partenariats ax\u00e9s sur le b\u00e9n\u00e9volat, il n&rsquo;aurait pas \u00e9t\u00e9 possible de mettre sur pied ces projets.<\/p>\n<p>&nbsp;<\/p>\n<p><strong>Nous avons le plaisir de travailler avec les partenaires suivants :<\/strong><\/p>\n<p><strong>PARTENAIRES FINANCIERS<\/strong><\/p>\n<p>GOUVERNEMENT DE LA PROVINCE DU NB<\/p>\n<p>Fond en fiducie de la Faune du N-B<\/p>\n<p>Fonds en fiducie pour l\u2019Environnement du N.-B.<\/p>\n<p>Minist\u00e8re de l&rsquo;Environnement et Gouvernements locaux du N-B<\/p>\n<p>Minist\u00e8re de l\u2019Agriculture, Aquaculture et P\u00eaches du N-B<\/p>\n<p>Minist\u00e8re des Ressources Naturelles du N-B<\/p>\n<p>Minist\u00e8re de l\u2019\u00e9ducation post secondaires, Formation et Travail du N-B<\/p>\n<p>&nbsp;<\/p>\n<p>GOUVERNEMENT F\u00c9D\u00c9RAL<\/p>\n<p>Environnement Canada<\/p>\n<p>Minist\u00e8re P\u00eaches et Oc\u00e9ans<\/p>\n<p>Service Canada<\/p>\n<p>&nbsp;<\/p>\n<p>AUTRES<\/p>\n<p>Coop de Bouctouche<\/p>\n<p>Jane Maillet et Associ\u00e9 Inc<\/p>\n<p>Martine&rsquo;s Bookkeeping<\/p>\n<p>Fermiers locaux<\/p>\n<p>March\u00e9 des fermiers de Bouctouche<\/p>\n<p>&nbsp;<\/p>\n<p><strong>PARTENAIRES DE SUPPORT :<\/strong><\/p>\n<p>\u00c9COLES<\/p>\n<p>Blanche-Bourgeois &#8211; Cocagne<\/p>\n<p>Camille Vautour &#8211; Saint-Antoine<\/p>\n<p>Mont Carmel &#8211; Sainte-Marie-de-Kent<\/p>\n<p>Grande-Digue<\/p>\n<p>Notre-Dame<\/p>\n<p>Calixte Savoie &#8211; Sainte-Anne-de-Kent<\/p>\n<p>Saint-Paul<\/p>\n<p>&nbsp;<\/p>\n<p>ORGANISMES \u00c0 BUT NON LUCRATIF<\/p>\n<p>Coalition pour la viabilit\u00e9 du sud du golfe du Saint-Laurent<\/p>\n<p>Conseil du saumon du Nouveau-Brunswick<\/p>\n<p>F\u00e9d\u00e9ration du saumon de l\u2019Atlantique<\/p>\n<p>Groupe de d\u00e9veloppement durable du Pays de Cocagne<\/p>\n<p>Les amis de la rivi\u00e8re Kouchibouguacis<\/p>\n<p>L&rsquo;Association de la baie de Shediac<\/p>\n<p>&nbsp;<\/p>\n<p>UNIVERSIT\u00c9S\/COLL\u00c8GES<\/p>\n<p>&#8212; Universit\u00e9 de Moncton, Moncton, NB<\/p>\n<p>&#8211; Ma\u00eetrise en \u00e9tudes de l&rsquo;environnement<\/p>\n<p>&#8211; Groupe Littoral et vie<\/p>\n<p>&#8211; D\u00e9partement de g\u00e9ographie<\/p>\n<p>&#8212; College Communautaire du New Brunswick &#8211; Miramichi<\/p>\n<p>&#8211; Etudes en environnement<\/p>\n<p>&nbsp;<\/p>\n","protected":false},"excerpt":{"rendered":"<p>Au cours de notre partenariat de plus de 19 ann\u00e9es, un million et plus de dollars ont \u00e9t\u00e9 accord\u00e9s \u00e0 l&rsquo;APRSE pour r\u00e9aliser une vari\u00e9t\u00e9 de projets. L\u2019association a employ\u00e9 plus de 50 personnes et a attribu\u00e9 des contrats \u00e0 &hellip; <a href=\"https:\/\/www.saa-aprse.ca\/fr\/partenaires\/\">Continuez de lire <span class=\"meta-nav\">\u2192<\/span><\/a><\/p>\n","protected":false},"author":1,"featured_media":0,"parent":0,"menu_order":1,"comment_status":"open","ping_status":"closed","template":"","meta":{"_acf_changed":false,"footnotes":""},"acf":[],"_links":{"self":[{"href":"https:\/\/www.saa-aprse.ca\/fr\/wp-json\/wp\/v2\/pages\/161"}],"collection":[{"href":"https:\/\/www.saa-aprse.ca\/fr\/wp-json\/wp\/v2\/pages"}],"about":[{"href":"https:\/\/www.saa-aprse.ca\/fr\/wp-json\/wp\/v2\/types\/page"}],"author":[{"embeddable":true,"href":"https:\/\/www.saa-aprse.ca\/fr\/wp-json\/wp\/v2\/users\/1"}],"replies":[{"embeddable":true,"href":"https:\/\/www.saa-aprse.ca\/fr\/wp-json\/wp\/v2\/comments?post=161"}],"version-history":[{"count":11,"href":"https:\/\/www.saa-aprse.ca\/fr\/wp-json\/wp\/v2\/pages\/161\/revisions"}],"predecessor-version":[{"id":2625,"href":"https:\/\/www.saa-aprse.ca\/fr\/wp-json\/wp\/v2\/pages\/161\/revisions\/2625"}],"wp:attachment":[{"href":"https:\/\/www.saa-aprse.ca\/fr\/wp-json\/wp\/v2\/media?parent=161"}],"curies":[{"name":"wp","href":"https:\/\/api.w.org\/{rel}","templated":true}]}}