{"id":180,"date":"2013-01-02T13:57:05","date_gmt":"2013-01-02T13:57:05","guid":{"rendered":"http:\/\/www.id-build.com\/wp-APRSE\/?page_id=180"},"modified":"2013-03-14T01:10:01","modified_gmt":"2013-03-14T01:10:01","slug":"pecheurs-recreatifs","status":"publish","type":"page","link":"https:\/\/www.saa-aprse.ca\/fr\/galleries\/pecheurs-recreatifs\/","title":{"rendered":"P\u00eacheurs r\u00e9cr\u00e9atifs"},"content":{"rendered":"<p>Photos \u00e0 venir bient\u00f4t<\/p>\n<p>[new_royalslider id=\u00a0\u00bb9&Prime;]<\/p>\n<p>.<\/p>\n","protected":false},"excerpt":{"rendered":"<p>Photos \u00e0 venir bient\u00f4t [new_royalslider id=\u00a0\u00bb9&Prime;] .<\/p>\n","protected":false},"author":1,"featured_media":0,"parent":166,"menu_order":0,"comment_status":"open","ping_status":"open","template":"","meta":{"_acf_changed":false,"footnotes":""},"acf":[],"_links":{"self":[{"href":"https:\/\/www.saa-aprse.ca\/fr\/wp-json\/wp\/v2\/pages\/180"}],"collection":[{"href":"https:\/\/www.saa-aprse.ca\/fr\/wp-json\/wp\/v2\/pages"}],"about":[{"href":"https:\/\/www.saa-aprse.ca\/fr\/wp-json\/wp\/v2\/types\/page"}],"author":[{"embeddable":true,"href":"https:\/\/www.saa-aprse.ca\/fr\/wp-json\/wp\/v2\/users\/1"}],"replies":[{"embeddable":true,"href":"https:\/\/www.saa-aprse.ca\/fr\/wp-json\/wp\/v2\/comments?post=180"}],"version-history":[{"count":12,"href":"https:\/\/www.saa-aprse.ca\/fr\/wp-json\/wp\/v2\/pages\/180\/revisions"}],"predecessor-version":[{"id":1539,"href":"https:\/\/www.saa-aprse.ca\/fr\/wp-json\/wp\/v2\/pages\/180\/revisions\/1539"}],"up":[{"embeddable":true,"href":"https:\/\/www.saa-aprse.ca\/fr\/wp-json\/wp\/v2\/pages\/166"}],"wp:attachment":[{"href":"https:\/\/www.saa-aprse.ca\/fr\/wp-json\/wp\/v2\/media?parent=180"}],"curies":[{"name":"wp","href":"https:\/\/api.w.org\/{rel}","templated":true}]}}