{"id":191,"date":"2013-01-02T13:59:50","date_gmt":"2013-01-02T13:59:50","guid":{"rendered":"http:\/\/www.id-build.com\/wp-APRSE\/?page_id=191"},"modified":"2017-07-05T16:29:21","modified_gmt":"2017-07-05T16:29:21","slug":"contact","status":"publish","type":"page","link":"https:\/\/www.saa-aprse.ca\/fr\/contact\/","title":{"rendered":"Contact"},"content":{"rendered":"<p><strong>Association des p\u00eacheurs r\u00e9cr\u00e9atifs du sud-est<\/strong><\/p>\n<p>4585, route 134, Cocagne<\/p>\n<p>P.O. Box 1133 Cocagne N.-B., E4R 1N6<\/p>\n<p>1-506-576-2118<\/p>\n<p>Courriel: aprse@nb.aibn.com<\/p>\n<p>&nbsp;<\/p>\n<p><span style=\"text-decoration: underline;\"><strong>Par courriel:<\/strong><\/span><\/p>\n\n<div class=\"wpcf7 no-js\" id=\"wpcf7-f447-o1\" lang=\"en-US\" dir=\"ltr\">\n<div class=\"screen-reader-response\"><p role=\"status\" aria-live=\"polite\" aria-atomic=\"true\"><\/p> <ul><\/ul><\/div>\n<form action=\"\/fr\/wp-json\/wp\/v2\/pages\/191#wpcf7-f447-o1\" method=\"post\" class=\"wpcf7-form init\" aria-label=\"Contact form\" novalidate=\"novalidate\" data-status=\"init\">\n<div style=\"display: none;\">\n<input type=\"hidden\" name=\"_wpcf7\" value=\"447\" \/>\n<input type=\"hidden\" name=\"_wpcf7_version\" value=\"5.9.3\" \/>\n<input type=\"hidden\" name=\"_wpcf7_locale\" value=\"en_US\" \/>\n<input type=\"hidden\" name=\"_wpcf7_unit_tag\" value=\"wpcf7-f447-o1\" \/>\n<input type=\"hidden\" name=\"_wpcf7_container_post\" value=\"0\" \/>\n<input type=\"hidden\" name=\"_wpcf7_posted_data_hash\" value=\"\" \/>\n<\/div>\n<p>Votre nom (obligatoire)\n<\/p>\n<p><span class=\"wpcf7-form-control-wrap\" data-name=\"your-name\"><input size=\"40\" class=\"wpcf7-form-control wpcf7-text wpcf7-validates-as-required\" aria-required=\"true\" aria-invalid=\"false\" value=\"\" type=\"text\" name=\"your-name\" \/><\/span>\n<\/p>\n<p>Votre email (obligatoire)\n<\/p>\n<p><span class=\"wpcf7-form-control-wrap\" data-name=\"your-email\"><input size=\"40\" class=\"wpcf7-form-control wpcf7-email wpcf7-validates-as-required wpcf7-text wpcf7-validates-as-email\" aria-required=\"true\" aria-invalid=\"false\" value=\"\" type=\"email\" name=\"your-email\" \/><\/span>\n<\/p>\n<p>Sujet\n<\/p>\n<p><span class=\"wpcf7-form-control-wrap\" data-name=\"your-subject\"><input size=\"40\" class=\"wpcf7-form-control wpcf7-text\" aria-invalid=\"false\" value=\"\" type=\"text\" name=\"your-subject\" \/><\/span>\n<\/p>\n<p>Votre message\n<\/p>\n<p><span class=\"wpcf7-form-control-wrap\" data-name=\"your-message\"><textarea cols=\"40\" rows=\"10\" class=\"wpcf7-form-control wpcf7-textarea\" aria-invalid=\"false\" name=\"your-message\"><\/textarea><\/span>\n<\/p>\n<p>CAPTCHA<br \/>\n<em>To use CAPTCHA, you need <a href=\"https:\/\/wordpress.org\/plugins\/really-simple-captcha\/\">Really Simple CAPTCHA<\/a> plugin installed.<\/em><br \/>\n<span class=\"wpcf7-form-control-wrap\" data-name=\"captcha-382\"><input size=\"40\" class=\"wpcf7-form-control wpcf7-captchar\" autocomplete=\"off\" aria-invalid=\"false\" value=\"\" type=\"text\" name=\"captcha-382\" \/><\/span>\n<\/p>\n<p><input class=\"wpcf7-form-control wpcf7-submit has-spinner\" type=\"submit\" value=\"Envoyer\" \/>\n<\/p><div class=\"wpcf7-response-output\" aria-hidden=\"true\"><\/div>\n<\/form>\n<\/div>\n\n","protected":false},"excerpt":{"rendered":"<p>Association des p\u00eacheurs r\u00e9cr\u00e9atifs du sud-est 4585, route 134, Cocagne P.O. Box 1133 Cocagne N.-B., E4R 1N6 1-506-576-2118 Courriel: aprse@nb.aibn.com &nbsp; Par courriel:<\/p>\n","protected":false},"author":1,"featured_media":0,"parent":0,"menu_order":10,"comment_status":"open","ping_status":"closed","template":"","meta":{"_acf_changed":false,"footnotes":""},"acf":[],"_links":{"self":[{"href":"https:\/\/www.saa-aprse.ca\/fr\/wp-json\/wp\/v2\/pages\/191"}],"collection":[{"href":"https:\/\/www.saa-aprse.ca\/fr\/wp-json\/wp\/v2\/pages"}],"about":[{"href":"https:\/\/www.saa-aprse.ca\/fr\/wp-json\/wp\/v2\/types\/page"}],"author":[{"embeddable":true,"href":"https:\/\/www.saa-aprse.ca\/fr\/wp-json\/wp\/v2\/users\/1"}],"replies":[{"embeddable":true,"href":"https:\/\/www.saa-aprse.ca\/fr\/wp-json\/wp\/v2\/comments?post=191"}],"version-history":[{"count":14,"href":"https:\/\/www.saa-aprse.ca\/fr\/wp-json\/wp\/v2\/pages\/191\/revisions"}],"predecessor-version":[{"id":2701,"href":"https:\/\/www.saa-aprse.ca\/fr\/wp-json\/wp\/v2\/pages\/191\/revisions\/2701"}],"wp:attachment":[{"href":"https:\/\/www.saa-aprse.ca\/fr\/wp-json\/wp\/v2\/media?parent=191"}],"curies":[{"name":"wp","href":"https:\/\/api.w.org\/{rel}","templated":true}]}}