{"id":202,"date":"2013-01-02T14:08:53","date_gmt":"2013-01-02T14:08:53","guid":{"rendered":"http:\/\/www.id-build.com\/wp-APRSE\/?page_id=202"},"modified":"2016-03-02T19:57:27","modified_gmt":"2016-03-02T19:57:27","slug":"surveillance","status":"publish","type":"page","link":"https:\/\/www.saa-aprse.ca\/fr\/projets\/surveillance\/","title":{"rendered":"Surveillance (Monitoring)"},"content":{"rendered":"<p><strong>Filet de Comptage<\/strong><\/p>\n<p><!--Cette technique consiste en un filet de p\u00eache, qui sert de syst\u00e8me de capture pour comptabiliser et mesurer les salmonid\u00e9s et d\u2019autres esp\u00e8ces. Le filet de comptage en forme de V est install\u00e9 sur toute la largeur de la rivi\u00e8re o\u00f9 les poissons sont dirig\u00e9s vers une bo\u00eete, situ\u00e9 au centre. Les techniciens font la surveillance de la migration des poissons 24 heures par jour tout au long de la p\u00e9riode de migration de la truite du printemps et du saumon de l'Atlantique \u00e0 l'automne. Le filet de comptage s\u2019est \u00e9galement av\u00e9r\u00e9 une m\u00e9thode de capture du stock de g\u00e9niteurs sauvages du saumon de l'Atlantique pour les alevins d\u2019\u00e9closerie de l'ann\u00e9e suivante.\n\n&nbsp;\n--><br \/>\n<strong>Inventaire de moules d&rsquo;eau douce \u2028<\/strong><\/p>\n<p><!--Les moules d'eau douce sont de bons bio-indicateurs de l'habitat aquatique. On les retrouve dans les petits ruisseaux et rivi\u00e8res dont la temp\u00e9rature est assez froide pour maintenir les populations de salmonid\u00e9s. La moule perli\u00e8re d'eau douce qui fut retrouv\u00e9e lors de nos inventaires est rare et peut vivre jusqu'\u00e0 200 ans. Le saumon de l'Atlantique et la truite sont leurs h\u00f4tes principaux pendant le stage larvaire (Smith, 1976; Cunjak &amp; McGladdery, 1991). Ces inventaires sont d'une grande valeur car ils fournissent des informations de base sur les populations de moules d'eau douce de la r\u00e9gion et sur la qualit\u00e9 de l'habitat aquatique.\n\n&nbsp;\n--><br \/>\n<strong>P\u00eache \u00e9lectrique<\/strong><\/p>\n<p>La p\u00eache \u00e9lectrique est une m\u00e9thode couramment utilis\u00e9e pour estimer l&rsquo;abondance et la diversit\u00e9 des poissons dans une rivi\u00e8re. Elle est souvent utilis\u00e9e pour capturer les poissons retrouv\u00e9s dans une section pr\u00e9d\u00e9termin\u00e9e d&rsquo;une rivi\u00e8re. La section est balay\u00e9e avec une sonde produisant un courant \u00e9lectrique qui paralyse doucement le poisson pour un court lapse de temps. Ces derniers sont alors facilement r\u00e9cup\u00e9r\u00e9s avec une \u00e9puisette. Les poissons sont g\u00e9n\u00e9ralement d\u00e9pos\u00e9s dans un seau o\u00f9 ils sont identifi\u00e9s, compt\u00e9s et soumis \u00e0 d&rsquo;autres proc\u00e9dures si n\u00e9cessaire. Le tout se d\u00e9roule rapidement et les poissons sont rel\u00e2ch\u00e9s par la suite. Cette proc\u00e9dure n&rsquo;affecte pas la sant\u00e9 et la survie des poissons captur\u00e9s.<\/p>\n<p>&nbsp;<\/p>\n<p><strong>Prises accessoires des p\u00eaches commerciales (le gaspareau, l&rsquo;anguille et l&rsquo;\u00e9perlan)<\/strong><\/p>\n<p><!--Ce sondage permet de d\u00e9terminer si la p\u00eache commerciale a un impact sur \u200b\u200bles diff\u00e9rentes prises accessoires, comme les populations de bar ray\u00e9, truite et saumon. Le sondage se d\u00e9roule pendant que les p\u00eacheurs commerciaux recueillent leurs prises. Les prises accessoires sont identifi\u00e9es, compt\u00e9es, puis rel\u00e2ch\u00e9es.\n\n&nbsp;--><\/p>\n<p><strong>Programme de surveillance des invert\u00e9br\u00e9s\u2028<\/strong><\/p>\n<p><!--Les invert\u00e9br\u00e9s sont d'excellents bio-indicateurs de la qualit\u00e9 de l'eau et constituent une source importante de nourriture pour le saumon atlantique et la truite mouchet\u00e9. L'\u00e9chantillonnage d'invert\u00e9br\u00e9s et l'analyse de la qualit\u00e9 de l'eau permettent de d\u00e9terminer les effets de l\u2019activit\u00e9 humaine sur la vie aquatique dans un cours d\u2019eau sp\u00e9cifique. L\u2019identification d'esp\u00e8ces nous permet de d\u00e9montrer que certains groupes de macro-invert\u00e9br\u00e9s ont des niveaux diff\u00e9rents de tol\u00e9rance \u00e0 la pollution, lesquels sont utilis\u00e9s pour indiquer depuis combien de temps le cours d'eau est touch\u00e9 par une source de pollution.--><\/p>\n<p><strong>Programme de surveillance communautaire aquatique (PSCA\/CAMP)<\/strong><\/p>\n<p><!--Au printemps de chaque ann\u00e9e, nous recueillons des donn\u00e9es importantes qui aident \u00e0 surveiller l\u2019\u00e9tat de sant\u00e9 actuel des estuaires de Bouctouche et Cocagne. La m\u00e9thode scientifique exige que l\u2019on r\u00e9p\u00e8te l\u2019\u00e9chantillonnage au m\u00eame emplacement et dans le m\u00eame estuaire chaque ann\u00e9e. C\u2019est ainsi qu\u2019une fois par mois, de mai \u00e0 septembre, des membres du personnel et du public pr\u00e9l\u00e8vent des \u00e9chantillons \u00e0 six endroits diff\u00e9rents dans les estuaires d\u00e9sign\u00e9s.\n\nUtilisant une senne de plage, des crustac\u00e9s et des petits poissons captur\u00e9es, pr\u00e9l\u00e8vent certaines donn\u00e9es biologiques, puis rejettent ces organismes \u00e0 l\u2019eau toujours vivants. \u00c0 partir de ces \u00e9chantillons, les groupes communautaires peuvent fournir de l\u2019information importante, notamment :\n\nl\u2019identification des esp\u00e8ces de poisson et de crustac\u00e9s captur\u00e9es; le nombre de poissons et de crustac\u00e9s captur\u00e9s; la temp\u00e9rature, la salinit\u00e9 et la teneur en oxyg\u00e8ne dissout de l\u2019eau; des profils de la v\u00e9g\u00e9tations aquatique.\n\nAvec ces renseignements, les scientifiques travaillant avec des universit\u00e9s et des organismes gouvernementaux, font des analyses des \u00e9l\u00e9ments nutritifs et \u00e9valuent la charge organique et les changements dans l\u2019assemblage de la communaut\u00e9 aquatique. Toutes ces donn\u00e9es peuvent permettre de cerner la cause d\u2019incidences n\u00e9gatives et de prendre des mesures pour les att\u00e9nuer.--><\/p>\n","protected":false},"excerpt":{"rendered":"<p>Filet de Comptage Inventaire de moules d&rsquo;eau douce \u2028 P\u00eache \u00e9lectrique La p\u00eache \u00e9lectrique est une m\u00e9thode couramment utilis\u00e9e pour estimer l&rsquo;abondance et la diversit\u00e9 des poissons dans une rivi\u00e8re. Elle est souvent utilis\u00e9e pour capturer les poissons retrouv\u00e9s dans &hellip; <a href=\"https:\/\/www.saa-aprse.ca\/fr\/projets\/surveillance\/\">Continuez de lire <span class=\"meta-nav\">\u2192<\/span><\/a><\/p>\n","protected":false},"author":1,"featured_media":0,"parent":154,"menu_order":1,"comment_status":"open","ping_status":"closed","template":"","meta":{"_acf_changed":false,"footnotes":""},"acf":[],"_links":{"self":[{"href":"https:\/\/www.saa-aprse.ca\/fr\/wp-json\/wp\/v2\/pages\/202"}],"collection":[{"href":"https:\/\/www.saa-aprse.ca\/fr\/wp-json\/wp\/v2\/pages"}],"about":[{"href":"https:\/\/www.saa-aprse.ca\/fr\/wp-json\/wp\/v2\/types\/page"}],"author":[{"embeddable":true,"href":"https:\/\/www.saa-aprse.ca\/fr\/wp-json\/wp\/v2\/users\/1"}],"replies":[{"embeddable":true,"href":"https:\/\/www.saa-aprse.ca\/fr\/wp-json\/wp\/v2\/comments?post=202"}],"version-history":[{"count":9,"href":"https:\/\/www.saa-aprse.ca\/fr\/wp-json\/wp\/v2\/pages\/202\/revisions"}],"predecessor-version":[{"id":2005,"href":"https:\/\/www.saa-aprse.ca\/fr\/wp-json\/wp\/v2\/pages\/202\/revisions\/2005"}],"up":[{"embeddable":true,"href":"https:\/\/www.saa-aprse.ca\/fr\/wp-json\/wp\/v2\/pages\/154"}],"wp:attachment":[{"href":"https:\/\/www.saa-aprse.ca\/fr\/wp-json\/wp\/v2\/media?parent=202"}],"curies":[{"name":"wp","href":"https:\/\/api.w.org\/{rel}","templated":true}]}}