{"id":2035,"date":"2016-03-23T13:32:21","date_gmt":"2016-03-23T13:32:21","guid":{"rendered":"http:\/\/www.saa-aprse.ca\/?page_id=2035&#038;lang=fr"},"modified":"2018-06-18T12:35:31","modified_gmt":"2018-06-18T12:35:31","slug":"water-quality-projects","status":"publish","type":"page","link":"https:\/\/www.saa-aprse.ca\/fr\/projets\/water-quality-projects\/","title":{"rendered":"Projet de qualit\u00e9 d&rsquo;eau"},"content":{"rendered":"<p><img loading=\"lazy\" decoding=\"async\" class=\"aligncenter wp-image-2472 size-large\" src=\"http:\/\/www.saa-aprse.ca\/wp-content\/uploads\/2016\/03\/Drop-in-river-700x545.png\" alt=\"Drop in river\" width=\"584\" height=\"455\" srcset=\"https:\/\/www.saa-aprse.ca\/wp-content\/uploads\/2016\/03\/Drop-in-river-700x545.png 700w, https:\/\/www.saa-aprse.ca\/wp-content\/uploads\/2016\/03\/Drop-in-river-300x234.png 300w, https:\/\/www.saa-aprse.ca\/wp-content\/uploads\/2016\/03\/Drop-in-river-768x598.png 768w, https:\/\/www.saa-aprse.ca\/wp-content\/uploads\/2016\/03\/Drop-in-river-385x300.png 385w, https:\/\/www.saa-aprse.ca\/wp-content\/uploads\/2016\/03\/Drop-in-river.png 940w\" sizes=\"(max-width: 584px) 100vw, 584px\" \/><\/p>\n<p>La qualit\u00e9 de l\u2019eau est d\u00e9finie par le contenu chimique, physique et biologique de l\u2019eau. Les param\u00e8tres peuvent facilement changer par la nature elle-m\u00eame (ex: condition m\u00e9t\u00e9orologique, saisons, geographie, et la faune).\u00a0La qualit\u00e9 de l&rsquo;eau peut aussi\u00a0\u00eatre affect\u00e9 par\u00a0des polluants qui peuvent provenir de diff\u00e9rentes sources telles que: des usines de traitement d&rsquo;eau uses, des industries, du transport, du d\u00e9veloppement r\u00e9sidentiel,\u00a0des mauvaises pratiques d&rsquo;am\u00e9nagement agricol, des mauvaises pratiques d&rsquo;am\u00e9nagement forestri\u00e8re, et des mauvaises pratiques d&rsquo;am\u00e9nagement des terres.<\/p>\n<p>L&rsquo;association porte\u00a0une attention particuli\u00e8re \u00e0 la qualit\u00e9 de l&rsquo;eau au moyen de la surveillance et de l&rsquo;analyse. Nous essayons \u00e9valuer les menaces sur la qualit\u00e9 de l&rsquo;eau douce et sur les \u00e9cosyst\u00e8mes.<\/p>\n<p>En menant des analyses de la qualit\u00e9 physique, chimique et biologique des conditions de qualit\u00e9 des eaux douces, nous\u00a0sommes capable de:<\/p>\n<ul>\n<li>mesurer les changements naturels et l&rsquo;\u00e9tat de la qualit\u00e9 de l&rsquo;eau;<\/li>\n<li>d\u00e9terminer les tendances temporelles, des contaminants et\/ou des menaces.<\/li>\n<\/ul>\n<p>&nbsp;<\/p>\n","protected":false},"excerpt":{"rendered":"<p>La qualit\u00e9 de l\u2019eau est d\u00e9finie par le contenu chimique, physique et biologique de l\u2019eau. Les param\u00e8tres peuvent facilement changer par la nature elle-m\u00eame (ex: condition m\u00e9t\u00e9orologique, saisons, geographie, et la faune).\u00a0La qualit\u00e9 de l&rsquo;eau peut aussi\u00a0\u00eatre affect\u00e9 par\u00a0des polluants &hellip; <a href=\"https:\/\/www.saa-aprse.ca\/fr\/projets\/water-quality-projects\/\">Continuez de lire <span class=\"meta-nav\">\u2192<\/span><\/a><\/p>\n","protected":false},"author":1,"featured_media":0,"parent":154,"menu_order":0,"comment_status":"closed","ping_status":"closed","template":"page-project.php","meta":{"_acf_changed":false,"footnotes":""},"acf":[],"_links":{"self":[{"href":"https:\/\/www.saa-aprse.ca\/fr\/wp-json\/wp\/v2\/pages\/2035"}],"collection":[{"href":"https:\/\/www.saa-aprse.ca\/fr\/wp-json\/wp\/v2\/pages"}],"about":[{"href":"https:\/\/www.saa-aprse.ca\/fr\/wp-json\/wp\/v2\/types\/page"}],"author":[{"embeddable":true,"href":"https:\/\/www.saa-aprse.ca\/fr\/wp-json\/wp\/v2\/users\/1"}],"replies":[{"embeddable":true,"href":"https:\/\/www.saa-aprse.ca\/fr\/wp-json\/wp\/v2\/comments?post=2035"}],"version-history":[{"count":7,"href":"https:\/\/www.saa-aprse.ca\/fr\/wp-json\/wp\/v2\/pages\/2035\/revisions"}],"predecessor-version":[{"id":2513,"href":"https:\/\/www.saa-aprse.ca\/fr\/wp-json\/wp\/v2\/pages\/2035\/revisions\/2513"}],"up":[{"embeddable":true,"href":"https:\/\/www.saa-aprse.ca\/fr\/wp-json\/wp\/v2\/pages\/154"}],"wp:attachment":[{"href":"https:\/\/www.saa-aprse.ca\/fr\/wp-json\/wp\/v2\/media?parent=2035"}],"curies":[{"name":"wp","href":"https:\/\/api.w.org\/{rel}","templated":true}]}}