{"id":2159,"date":"2016-03-28T15:26:15","date_gmt":"2016-03-28T15:26:15","guid":{"rendered":"http:\/\/www.saa-aprse.ca\/?page_id=2159&#038;lang=fr"},"modified":"2016-04-09T01:07:48","modified_gmt":"2016-04-09T01:07:48","slug":"how-to-set-up-a-fish-friends-tanks","status":"publish","type":"page","link":"https:\/\/www.saa-aprse.ca\/fr\/projets\/programme-educatif-et-activites\/ecole-nos-amis-les-poissons\/how-to-set-up-a-fish-friends-tanks\/","title":{"rendered":"Comment mettre en place un aquarium pour Nos amis les poissons"},"content":{"rendered":"<p><img loading=\"lazy\" decoding=\"async\" class=\"alignright size-full wp-image-2287\" src=\"http:\/\/www.saa-aprse.ca\/wp-content\/uploads\/2016\/03\/fishtank2-1.jpg\" alt=\"fishtank2\" width=\"247\" height=\"197\" \/>Lorsqu&rsquo;ils sont bien assembl\u00e9s, le bac d&rsquo;aquarium et le syst\u00e8me de refroidissement du programme \u00ab Nos amis les poissons \u00bb de la FSA constituent un excellent syst\u00e8me pour l&rsquo;incubation d&rsquo;ufs de salmonid\u00e9s. La dimension relativement grande du bac permet d&rsquo;att\u00e9nuer les fluctuations de temp\u00e9rature.<\/p>\n<p>Vous trouverez plus loin une s\u00e9rie de photos qui aideront l&rsquo;enseignant participant pour la premi\u00e8re fois au programme \u00ab Nos amis les poissons \u00bb \u00e0 bien assembler l&rsquo;aquarium. Chaque photo ouvre une nouvelle fen\u00eatre. Il suffit de fermer la fen\u00eatre pour retourner \u00e0 cette page.<\/p>\n<p><strong>Conseil pour le nettoyage :<\/strong><\/p>\n<p>Unit\u00e9s plus anciennes \u00e9quip\u00e9es d&rsquo;un bouton de r\u00e9glage pour modifier la temp\u00e9rature<\/p>\n<ul>\n<li>R\u00e9gler la temp\u00e9rature \u00e0 la valeur d\u00e9sir\u00e9e.<\/li>\n<li>Apr\u00e8s une p\u00e9riode de 15 \u00e0 20 minutes, v\u00e9rifier la temp\u00e9rature affich\u00e9e par le thermom\u00e8tre de l&rsquo;aquarium. Si elle diff\u00e8re de celle indiqu\u00e9e par le bouton de r\u00e9glage, tourner le bouton de r\u00e9glage \u00e0 la valeur appropri\u00e9e. La temp\u00e9rature affich\u00e9e par le thermom\u00e8tre est toujours la plus fiable.<\/li>\n<\/ul>\n<h2>Aquarium de base du programme \u00ab Nos amis les poissons \u00bb sur plaque isolante<\/h2>\n<p><img loading=\"lazy\" decoding=\"async\" class=\"size-full wp-image-2239 aligncenter\" src=\"http:\/\/www.saa-aprse.ca\/wp-content\/uploads\/2016\/03\/01fishtank.jpg\" alt=\"01fishtank\" width=\"400\" height=\"317\" srcset=\"https:\/\/www.saa-aprse.ca\/wp-content\/uploads\/2016\/03\/01fishtank.jpg 400w, https:\/\/www.saa-aprse.ca\/wp-content\/uploads\/2016\/03\/01fishtank-300x238.jpg 300w, https:\/\/www.saa-aprse.ca\/wp-content\/uploads\/2016\/03\/01fishtank-379x300.jpg 379w\" sizes=\"(max-width: 400px) 100vw, 400px\" \/><\/p>\n<ul>\n<li>S&rsquo;assurer de placer le bac sur une plaque isolante.<\/li>\n<li>Le placer sur une table robuste d&rsquo;une longueur d&rsquo;au moins 6 pieds.<\/li>\n<li>Le situer \u00e0 proximit\u00e9 d&rsquo;une prise \u00e9lectrique.<\/li>\n<\/ul>\n<h2>Installation de l&rsquo;arri\u00e8re-plan<br \/>\n<img loading=\"lazy\" decoding=\"async\" class=\"size-full wp-image-2241 aligncenter\" src=\"http:\/\/www.saa-aprse.ca\/wp-content\/uploads\/2016\/03\/03fishtank.jpg\" alt=\"03fishtank\" width=\"400\" height=\"325\" srcset=\"https:\/\/www.saa-aprse.ca\/wp-content\/uploads\/2016\/03\/03fishtank.jpg 400w, https:\/\/www.saa-aprse.ca\/wp-content\/uploads\/2016\/03\/03fishtank-300x244.jpg 300w, https:\/\/www.saa-aprse.ca\/wp-content\/uploads\/2016\/03\/03fishtank-369x300.jpg 369w\" sizes=\"(max-width: 400px) 100vw, 400px\" \/><\/h2>\n<ul>\n<li>Fixer l&rsquo;arri\u00e8re-plan derri\u00e8re le bac, \u00e0 l&rsquo;EXT\u00c9RIEUR.<\/li>\n<\/ul>\n<h2>Installation de l&rsquo;unit\u00e9 de refroidissement<\/h2>\n<p><img loading=\"lazy\" decoding=\"async\" class=\"size-full wp-image-2243 aligncenter\" src=\"http:\/\/www.saa-aprse.ca\/wp-content\/uploads\/2016\/03\/05lifting-fishtank.jpg\" alt=\"05lifting fishtank\" width=\"360\" height=\"293\" srcset=\"https:\/\/www.saa-aprse.ca\/wp-content\/uploads\/2016\/03\/05lifting-fishtank.jpg 360w, https:\/\/www.saa-aprse.ca\/wp-content\/uploads\/2016\/03\/05lifting-fishtank-300x244.jpg 300w\" sizes=\"(max-width: 360px) 100vw, 360px\" \/><\/p>\n<ul>\n<li>Situer l&rsquo;unit\u00e9 au-dessus du bac, vers l&rsquo;arri\u00e8re, \u00e0 l&rsquo;endroit voulu (\u00e0 gauche, \u00e0 droite ou au centre du bac) puis submerger le serpentin.<\/li>\n<li>S&rsquo;assurer de placer l&rsquo;unit\u00e9 de refroidissement sur une plaque isolante.<\/li>\n<\/ul>\n<h2>Unit\u00e9 de filtration<\/h2>\n<p><img loading=\"lazy\" decoding=\"async\" class=\"aligncenter size-full wp-image-2245\" src=\"http:\/\/www.saa-aprse.ca\/wp-content\/uploads\/2016\/03\/07powerfilter.jpg\" alt=\"07powerfilter\" width=\"400\" height=\"361\" srcset=\"https:\/\/www.saa-aprse.ca\/wp-content\/uploads\/2016\/03\/07powerfilter.jpg 400w, https:\/\/www.saa-aprse.ca\/wp-content\/uploads\/2016\/03\/07powerfilter-300x271.jpg 300w, https:\/\/www.saa-aprse.ca\/wp-content\/uploads\/2016\/03\/07powerfilter-332x300.jpg 332w\" sizes=\"(max-width: 400px) 100vw, 400px\" \/>Gros plan<img loading=\"lazy\" decoding=\"async\" class=\"aligncenter size-full wp-image-2247\" src=\"http:\/\/www.saa-aprse.ca\/wp-content\/uploads\/2016\/03\/08powerfiltercloser.jpg\" alt=\"08powerfiltercloser\" width=\"309\" height=\"400\" srcset=\"https:\/\/www.saa-aprse.ca\/wp-content\/uploads\/2016\/03\/08powerfiltercloser.jpg 309w, https:\/\/www.saa-aprse.ca\/wp-content\/uploads\/2016\/03\/08powerfiltercloser-232x300.jpg 232w\" sizes=\"(max-width: 309px) 100vw, 309px\" \/><br \/>\n<strong>Mise en place du filet \u00e0 mailles ultrafines sur la sortie d&rsquo;eau<\/strong> <img loading=\"lazy\" decoding=\"async\" class=\"aligncenter wp-image-2249 size-full\" src=\"http:\/\/www.saa-aprse.ca\/wp-content\/uploads\/2016\/03\/11meshtube.jpg\" alt=\"11meshtube\" width=\"494\" height=\"393\" srcset=\"https:\/\/www.saa-aprse.ca\/wp-content\/uploads\/2016\/03\/11meshtube.jpg 494w, https:\/\/www.saa-aprse.ca\/wp-content\/uploads\/2016\/03\/11meshtube-300x239.jpg 300w, https:\/\/www.saa-aprse.ca\/wp-content\/uploads\/2016\/03\/11meshtube-377x300.jpg 377w\" sizes=\"(max-width: 494px) 100vw, 494px\" \/><\/p>\n<ul>\n<li>Connecter la sortie d&rsquo;eau de sorte qu&rsquo;elle soit submerg\u00e9e et favorise la circulation de l&rsquo;eau.<\/li>\n<li>Bien la fixer \u00e0 l&rsquo;aide d&rsquo;un \u00e9lastique.<\/li>\n<li>Le filet \u00e0 mailles ultrafines emp\u00eache les alevins d&rsquo;\u00eatre aspir\u00e9s dans le tube.<\/li>\n<\/ul>\n<p>Installation de l&rsquo;unit\u00e9 de filtration sur l&rsquo;aquarium<br \/>\n<img loading=\"lazy\" decoding=\"async\" class=\"size-full wp-image-2251 aligncenter\" src=\"http:\/\/www.saa-aprse.ca\/wp-content\/uploads\/2016\/03\/12placepowerfilt.jpg\" alt=\"12placepowerfilt\" width=\"400\" height=\"300\" srcset=\"https:\/\/www.saa-aprse.ca\/wp-content\/uploads\/2016\/03\/12placepowerfilt.jpg 400w, https:\/\/www.saa-aprse.ca\/wp-content\/uploads\/2016\/03\/12placepowerfilt-300x225.jpg 300w\" sizes=\"(max-width: 400px) 100vw, 400px\" \/><\/p>\n<ul>\n<li>Il vaut mieux la placer sur l&rsquo;un des c\u00f4t\u00e9s de l&rsquo;aquarium.<\/li>\n<li>La prise de courant situ\u00e9e \u00e0 l&rsquo;arri\u00e8re de l&rsquo;unit\u00e9 de refroidissement peut servir \u00e0 brancher l&rsquo;unit\u00e9 de filtration.<\/li>\n<\/ul>\n<p><strong>Filtres 1 et 2<\/strong><br \/>\n<img loading=\"lazy\" decoding=\"async\" class=\"size-full wp-image-2253 aligncenter\" src=\"http:\/\/www.saa-aprse.ca\/wp-content\/uploads\/2016\/03\/14filt1and2.jpg\" alt=\"14filt1and2\" width=\"370\" height=\"331\" srcset=\"https:\/\/www.saa-aprse.ca\/wp-content\/uploads\/2016\/03\/14filt1and2.jpg 370w, https:\/\/www.saa-aprse.ca\/wp-content\/uploads\/2016\/03\/14filt1and2-300x268.jpg 300w, https:\/\/www.saa-aprse.ca\/wp-content\/uploads\/2016\/03\/14filt1and2-335x300.jpg 335w\" sizes=\"(max-width: 370px) 100vw, 370px\" \/><\/p>\n<ul>\n<li>Bien rincer les filtres \u00e0 l&rsquo;eau ti\u00e8de avant de les placer dans l&rsquo;unit\u00e9 de filtration.<\/li>\n<\/ul>\n<p><strong>Filtre 1 (mousse filtrante) bien lav\u00e9 et rinc\u00e9<\/strong><\/p>\n<p><img loading=\"lazy\" decoding=\"async\" class=\"size-full wp-image-2281 aligncenter\" src=\"http:\/\/www.saa-aprse.ca\/wp-content\/uploads\/2016\/03\/33washfilter.jpg\" alt=\"33washfilter\" width=\"217\" height=\"300\" \/><\/p>\n<ul>\n<li>Sert \u00e0 filtrer les salet\u00e9s et les d\u00e9bris<\/li>\n<\/ul>\n<p><strong>Le charbon (filtre 2) est plac\u00e9 sur la mousse.<\/strong><\/p>\n<p><img loading=\"lazy\" decoding=\"async\" class=\"size-full wp-image-2283 aligncenter\" src=\"http:\/\/www.saa-aprse.ca\/wp-content\/uploads\/2016\/03\/35charcoal.jpg\" alt=\"35charcoal\" width=\"222\" height=\"300\" \/><\/p>\n<ul>\n<li>Sert \u00e0 absorber les impuret\u00e9s de l&rsquo;eau et \u00e0 am\u00e9liorer sa clart\u00e9, sa couleur et son odeur<\/li>\n<\/ul>\n<p><strong>La mousse filtrante est plac\u00e9e au fond de l&rsquo;unit\u00e9 de filtration.<\/strong><\/p>\n<p><img loading=\"lazy\" decoding=\"async\" class=\"aligncenter size-full wp-image-2255\" src=\"http:\/\/www.saa-aprse.ca\/wp-content\/uploads\/2016\/03\/16foam.jpg\" alt=\"16foam\" width=\"400\" height=\"336\" srcset=\"https:\/\/www.saa-aprse.ca\/wp-content\/uploads\/2016\/03\/16foam.jpg 400w, https:\/\/www.saa-aprse.ca\/wp-content\/uploads\/2016\/03\/16foam-300x252.jpg 300w, https:\/\/www.saa-aprse.ca\/wp-content\/uploads\/2016\/03\/16foam-357x300.jpg 357w\" sizes=\"(max-width: 400px) 100vw, 400px\" \/><\/p>\n<p><strong>Le charbon (filtre 2) est plac\u00e9 sur la mousse.<\/strong><\/p>\n<p><img loading=\"lazy\" decoding=\"async\" class=\"aligncenter size-full wp-image-2257\" src=\"http:\/\/www.saa-aprse.ca\/wp-content\/uploads\/2016\/03\/17charcoal.jpg\" alt=\"17charcoal\" width=\"400\" height=\"324\" srcset=\"https:\/\/www.saa-aprse.ca\/wp-content\/uploads\/2016\/03\/17charcoal.jpg 400w, https:\/\/www.saa-aprse.ca\/wp-content\/uploads\/2016\/03\/17charcoal-300x243.jpg 300w, https:\/\/www.saa-aprse.ca\/wp-content\/uploads\/2016\/03\/17charcoal-370x300.jpg 370w\" sizes=\"(max-width: 400px) 100vw, 400px\" \/><\/p>\n<p><strong>Mise en place du couvercle de l&rsquo;unit\u00e9 de filtration<\/strong><\/p>\n<p><img loading=\"lazy\" decoding=\"async\" class=\"aligncenter size-full wp-image-2259\" src=\"http:\/\/www.saa-aprse.ca\/wp-content\/uploads\/2016\/03\/18toponfilterunit.jpg\" alt=\"18toponfilterunit\" width=\"400\" height=\"300\" srcset=\"https:\/\/www.saa-aprse.ca\/wp-content\/uploads\/2016\/03\/18toponfilterunit.jpg 400w, https:\/\/www.saa-aprse.ca\/wp-content\/uploads\/2016\/03\/18toponfilterunit-300x225.jpg 300w\" sizes=\"(max-width: 400px) 100vw, 400px\" \/><\/p>\n<ul>\n<li>Lorsque l&rsquo;eau remplit le tube \u00e0 moiti\u00e9, brancher l&rsquo;unit\u00e9 de filtration au bo\u00eetier de l&rsquo;unit\u00e9 de refroidissement.\n<ul>\n<li>Amorcer l&rsquo;unit\u00e9 de filtration en y versant de l&rsquo;eau.<\/li>\n<\/ul>\n<p><strong>Roches au fond de l&rsquo;aquarium<\/strong><\/p>\n<p><img loading=\"lazy\" decoding=\"async\" class=\"aligncenter size-full wp-image-2261\" src=\"http:\/\/www.saa-aprse.ca\/wp-content\/uploads\/2016\/03\/19placingrocks.jpg\" alt=\"19placingrocks\" width=\"400\" height=\"300\" srcset=\"https:\/\/www.saa-aprse.ca\/wp-content\/uploads\/2016\/03\/19placingrocks.jpg 400w, https:\/\/www.saa-aprse.ca\/wp-content\/uploads\/2016\/03\/19placingrocks-300x225.jpg 300w\" sizes=\"(max-width: 400px) 100vw, 400px\" \/><\/p>\n<ul>\n<li>Les roches cr\u00e9ent une ambiance et servent d&rsquo;abri.<\/li>\n<li>Utiliser des roches mesurant environ 1 ou 2 pouces de diam\u00e8tre.<\/li>\n<li>Bien les laver \u00e0 l&rsquo;eau ti\u00e8de. Les roches obtenues dans une animalerie ou une carri\u00e8re sont pr\u00e9f\u00e9rables.<\/li>\n<li>\u00c9viter d&rsquo;utiliser des roches ramass\u00e9es dans les all\u00e9es, par exemple, car elles peuvent \u00eatre recouvertes d&rsquo;un r\u00e9sidu d&rsquo;huile.<\/li>\n<li>Certains enseignants aiment compl\u00e8tement recouvrir le fond de l&rsquo;aquarium de roches. D&rsquo;autres en mettent moins. C&rsquo;est une question de pr\u00e9f\u00e9rence. L&rsquo;important, c&rsquo;est d&rsquo;utiliser des roches.<\/li>\n<\/ul>\n<\/li>\n<\/ul>\n<p><strong>Niveau d&rsquo;eau<\/strong><br \/>\n<img loading=\"lazy\" decoding=\"async\" class=\"aligncenter size-full wp-image-2263\" src=\"http:\/\/www.saa-aprse.ca\/wp-content\/uploads\/2016\/03\/20waterlevel.jpg\" alt=\"20waterlevel\" width=\"400\" height=\"300\" srcset=\"https:\/\/www.saa-aprse.ca\/wp-content\/uploads\/2016\/03\/20waterlevel.jpg 400w, https:\/\/www.saa-aprse.ca\/wp-content\/uploads\/2016\/03\/20waterlevel-300x225.jpg 300w\" sizes=\"(max-width: 400px) 100vw, 400px\" \/><\/p>\n<ul>\n<li>Le niveau d&rsquo;eau ne devrait pas se situer \u00e0 moins de 6 pouces du haut de l&rsquo;aquarium.<\/li>\n<\/ul>\n<p><strong>Vue de c\u00f4t\u00e9 de l&rsquo;aquarium et de l&rsquo;unit\u00e9 de refroidissement<\/strong><\/p>\n<p><img loading=\"lazy\" decoding=\"async\" class=\"aligncenter size-full wp-image-2265\" src=\"http:\/\/www.saa-aprse.ca\/wp-content\/uploads\/2016\/03\/22sideview.jpg\" alt=\"22sideview\" width=\"351\" height=\"300\" srcset=\"https:\/\/www.saa-aprse.ca\/wp-content\/uploads\/2016\/03\/22sideview.jpg 351w, https:\/\/www.saa-aprse.ca\/wp-content\/uploads\/2016\/03\/22sideview-300x256.jpg 300w\" sizes=\"(max-width: 351px) 100vw, 351px\" \/><\/p>\n<ul>\n<li>Une fois l&rsquo;unit\u00e9 mont\u00e9e, brancher l&rsquo;unit\u00e9 de refroidissement \u00e0 la prise de courant alimentant l&rsquo;unit\u00e9 de filtration.\n<ul>\n<li>Nettoyer le radiateur. D\u00e9visser la partie arri\u00e8re et la passer \u00e0 l&rsquo;aspirateur. Id\u00e9alement, proc\u00e9der \u00e0 cette \u00e9tape juste avant l&rsquo;arriv\u00e9e des ufs.<\/li>\n<li>Conseil de d\u00e9pannage : en cas de panne de courant, il est possible que l&rsquo;appareil se d\u00e9samorce. Dans ce cas, l&rsquo;unit\u00e9 de refroidissement cesse de fonctionner. Demander au gardien de l&rsquo;\u00e9cole si un fusible ou un disjoncteur a saut\u00e9. Si le fusible ou le disjoncteur fonctionne bien, appuyer sur le bouton \u00ab Reset \u00bb situ\u00e9 \u00e0 l&rsquo;arri\u00e8re de l&rsquo;unit\u00e9 de refroidissement.<\/li>\n<\/ul>\n<\/li>\n<\/ul>\n<p><strong>Vue de c\u00f4t\u00e9 de l&rsquo;aquarium et du thermostat de l&rsquo;unit\u00e9 de refroidissement<\/strong><\/p>\n<p><img loading=\"lazy\" decoding=\"async\" class=\"aligncenter size-full wp-image-2267\" src=\"http:\/\/www.saa-aprse.ca\/wp-content\/uploads\/2016\/03\/23sideviewtherm.jpg\" alt=\"23sideviewtherm\" width=\"369\" height=\"300\" srcset=\"https:\/\/www.saa-aprse.ca\/wp-content\/uploads\/2016\/03\/23sideviewtherm.jpg 369w, https:\/\/www.saa-aprse.ca\/wp-content\/uploads\/2016\/03\/23sideviewtherm-300x244.jpg 300w\" sizes=\"(max-width: 369px) 100vw, 369px\" \/><\/p>\n<ul>\n<li>La sonde de temp\u00e9rature est pr\u00e9r\u00e9gl\u00e9e \u00e0 5 (C (se reporter \u00e0 la rubrique Modifier la temp\u00e9rature qui figure plus loin).<\/li>\n<li>Il vaut mieux garder le thermostat hors de la port\u00e9e des enfants afin d&rsquo;\u00e9viter qu&rsquo;ils n&rsquo;appuient sur des boutons par m\u00e9garde.<\/li>\n<\/ul>\n<p><strong>Mat\u00e9riau isolant sur le c\u00f4t\u00e9 de l&rsquo;aquarium oppos\u00e9 \u00e0 l&rsquo;unit\u00e9 de filtration<\/strong><\/p>\n<p><img loading=\"lazy\" decoding=\"async\" class=\"aligncenter size-full wp-image-2269\" src=\"http:\/\/www.saa-aprse.ca\/wp-content\/uploads\/2016\/03\/25styro1.jpg\" alt=\"25styro1\" width=\"507\" height=\"380\" srcset=\"https:\/\/www.saa-aprse.ca\/wp-content\/uploads\/2016\/03\/25styro1.jpg 507w, https:\/\/www.saa-aprse.ca\/wp-content\/uploads\/2016\/03\/25styro1-300x225.jpg 300w, https:\/\/www.saa-aprse.ca\/wp-content\/uploads\/2016\/03\/25styro1-400x300.jpg 400w\" sizes=\"(max-width: 507px) 100vw, 507px\" \/><\/p>\n<ul>\n<li>Si vous vous servez d&rsquo;un mat\u00e9riau isolant d&rsquo;une \u00e9paisseur de 1 po, pr\u00e9voir 2 po de plus de chaque c\u00f4t\u00e9.<\/li>\n<li>Si vous vous servez d&rsquo;un mat\u00e9riau isolant d&rsquo;une \u00e9paisseur de 1 1\/2 po, pr\u00e9voir 3 po de chaque c\u00f4t\u00e9.<\/li>\n<li>Bien fixer le mat\u00e9riau isolant \u00e0 l&rsquo;aide de ruban adh\u00e9sif ou de petits clous \u00e0 finition.<\/li>\n<\/ul>\n<p><strong>Plaque isolante sous le bac<\/strong><\/p>\n<p><img loading=\"lazy\" decoding=\"async\" class=\"aligncenter size-full wp-image-2271\" src=\"http:\/\/www.saa-aprse.ca\/wp-content\/uploads\/2016\/03\/26styro2underfilt.jpg\" alt=\"26styro2underfilt\" width=\"400\" height=\"300\" srcset=\"https:\/\/www.saa-aprse.ca\/wp-content\/uploads\/2016\/03\/26styro2underfilt.jpg 400w, https:\/\/www.saa-aprse.ca\/wp-content\/uploads\/2016\/03\/26styro2underfilt-300x225.jpg 300w\" sizes=\"(max-width: 400px) 100vw, 400px\" \/><\/p>\n<p><strong>Mat\u00e9riau isolant sur le dessus, dans lequel on aura d\u00e9coup\u00e9 des encoches pour les coudes de l&rsquo;unit\u00e9 de refroidissement<\/strong><\/p>\n<p><img loading=\"lazy\" decoding=\"async\" class=\"aligncenter size-full wp-image-2273\" src=\"http:\/\/www.saa-aprse.ca\/wp-content\/uploads\/2016\/03\/27styrotop.jpg\" alt=\"27styrotop\" width=\"356\" height=\"300\" srcset=\"https:\/\/www.saa-aprse.ca\/wp-content\/uploads\/2016\/03\/27styrotop.jpg 356w, https:\/\/www.saa-aprse.ca\/wp-content\/uploads\/2016\/03\/27styrotop-300x253.jpg 300w\" sizes=\"(max-width: 356px) 100vw, 356px\" \/><\/p>\n<ul>\n<li>Pr\u00e9voir suffisamment d&rsquo;espace pour le serpentin et l&rsquo;appareil de filtration<\/li>\n<\/ul>\n<p><strong>Mat\u00e9riau isolant sur le devant (optionnel)<\/strong><\/p>\n<p><img loading=\"lazy\" decoding=\"async\" class=\"aligncenter size-full wp-image-2275\" src=\"http:\/\/www.saa-aprse.ca\/wp-content\/uploads\/2016\/03\/28frontstyro.jpg\" alt=\"28frontstyro\" width=\"373\" height=\"300\" srcset=\"https:\/\/www.saa-aprse.ca\/wp-content\/uploads\/2016\/03\/28frontstyro.jpg 373w, https:\/\/www.saa-aprse.ca\/wp-content\/uploads\/2016\/03\/28frontstyro-300x241.jpg 300w\" sizes=\"(max-width: 373px) 100vw, 373px\" \/><\/p>\n<hr \/>\n<p><strong>Mise en route de l&rsquo;aquarium<\/strong><\/p>\n<ul>\n<li>Le brancher au mur.<\/li>\n<li>Placer l&rsquo;interrupteur en position de marche \u00ab ON \u00bb.<\/li>\n<li>Le t\u00e9moin de contr\u00f4le de la temp\u00e9rature clignotera, puis l&rsquo;unit\u00e9 se mettra en marche au bout de 7 minutes.<\/li>\n<\/ul>\n<p><strong>Modifier la temp\u00e9rature<\/strong><\/p>\n<ul>\n<li>Appuyer sur le bouton menu, SP (set point ou valeur de r\u00e9glage) se mettra \u00e0 clignoter.g<\/li>\n<li>Appuyer sur le bouton menu encore une fois et les valeurs commenceront \u00e0 clignoter.<\/li>\n<li>R\u00e9gler la temp\u00e9rature \u00e0 l&rsquo;aide des boutons fl\u00e8ches.<\/li>\n<li>Appuyer sur le bouton menu encore une fois. La nouvelle temp\u00e9rature sera mise en m\u00e9moire.<\/li>\n<\/ul>\n<p><strong>Passer de l&rsquo;unit\u00e9 Celsius \u00e0 l&rsquo;unit\u00e9 Fahrenheit<\/strong><\/p>\n<ul>\n<li>Appuyer sur les deux boutons fl\u00e8ches n&rsquo;importe quand pendant l&rsquo;utilisation de l&rsquo;appareil.<\/li>\n<\/ul>\n<hr \/>\n<p><strong>Accessoires pour l&rsquo;aquarium du programme \u00ab Nos amis les poissons \u00bb<\/strong><\/p>\n<p><img loading=\"lazy\" decoding=\"async\" class=\"aligncenter size-full wp-image-2277\" src=\"http:\/\/www.saa-aprse.ca\/wp-content\/uploads\/2016\/03\/30equip.jpg\" alt=\"30equip\" width=\"375\" height=\"300\" srcset=\"https:\/\/www.saa-aprse.ca\/wp-content\/uploads\/2016\/03\/30equip.jpg 375w, https:\/\/www.saa-aprse.ca\/wp-content\/uploads\/2016\/03\/30equip-300x240.jpg 300w\" sizes=\"(max-width: 375px) 100vw, 375px\" \/><\/p>\n<p><strong>Ressources sp\u00e9ciales \u00e0 l&rsquo;intention des enseignants<\/strong><\/p>\n<p><img loading=\"lazy\" decoding=\"async\" class=\"aligncenter size-full wp-image-2279\" src=\"http:\/\/www.saa-aprse.ca\/wp-content\/uploads\/2016\/03\/31resources.jpg\" alt=\"31resources\" width=\"375\" height=\"300\" srcset=\"https:\/\/www.saa-aprse.ca\/wp-content\/uploads\/2016\/03\/31resources.jpg 375w, https:\/\/www.saa-aprse.ca\/wp-content\/uploads\/2016\/03\/31resources-300x240.jpg 300w\" sizes=\"(max-width: 375px) 100vw, 375px\" \/><\/p>\n","protected":false},"excerpt":{"rendered":"<p>Lorsqu&rsquo;ils sont bien assembl\u00e9s, le bac d&rsquo;aquarium et le syst\u00e8me de refroidissement du programme \u00ab Nos amis les poissons \u00bb de la FSA constituent un excellent syst\u00e8me pour l&rsquo;incubation d&rsquo;ufs de salmonid\u00e9s. La dimension relativement grande du bac permet d&rsquo;att\u00e9nuer &hellip; <a href=\"https:\/\/www.saa-aprse.ca\/fr\/projets\/programme-educatif-et-activites\/ecole-nos-amis-les-poissons\/how-to-set-up-a-fish-friends-tanks\/\">Continuez de lire <span class=\"meta-nav\">\u2192<\/span><\/a><\/p>\n","protected":false},"author":1,"featured_media":0,"parent":229,"menu_order":4,"comment_status":"closed","ping_status":"closed","template":"page-project.php","meta":{"_acf_changed":false,"footnotes":""},"acf":[],"_links":{"self":[{"href":"https:\/\/www.saa-aprse.ca\/fr\/wp-json\/wp\/v2\/pages\/2159"}],"collection":[{"href":"https:\/\/www.saa-aprse.ca\/fr\/wp-json\/wp\/v2\/pages"}],"about":[{"href":"https:\/\/www.saa-aprse.ca\/fr\/wp-json\/wp\/v2\/types\/page"}],"author":[{"embeddable":true,"href":"https:\/\/www.saa-aprse.ca\/fr\/wp-json\/wp\/v2\/users\/1"}],"replies":[{"embeddable":true,"href":"https:\/\/www.saa-aprse.ca\/fr\/wp-json\/wp\/v2\/comments?post=2159"}],"version-history":[{"count":11,"href":"https:\/\/www.saa-aprse.ca\/fr\/wp-json\/wp\/v2\/pages\/2159\/revisions"}],"predecessor-version":[{"id":2411,"href":"https:\/\/www.saa-aprse.ca\/fr\/wp-json\/wp\/v2\/pages\/2159\/revisions\/2411"}],"up":[{"embeddable":true,"href":"https:\/\/www.saa-aprse.ca\/fr\/wp-json\/wp\/v2\/pages\/229"}],"wp:attachment":[{"href":"https:\/\/www.saa-aprse.ca\/fr\/wp-json\/wp\/v2\/media?parent=2159"}],"curies":[{"name":"wp","href":"https:\/\/api.w.org\/{rel}","templated":true}]}}