{"id":2165,"date":"2016-03-28T15:33:34","date_gmt":"2016-03-28T15:33:34","guid":{"rendered":"http:\/\/www.saa-aprse.ca\/?page_id=2165&#038;lang=fr"},"modified":"2016-05-03T18:53:03","modified_gmt":"2016-05-03T18:53:03","slug":"projet-derosion-et-de-restauration","status":"publish","type":"page","link":"https:\/\/www.saa-aprse.ca\/fr\/projets\/projet-derosion-et-de-restauration\/","title":{"rendered":"Projet d&rsquo;\u00e9rosion et de restauration"},"content":{"rendered":"<p>Le concept de la restauration des cours d\u2019eau se r\u00e9f\u00e8re \u00e0 remettre les \u00e9cosyst\u00e8mes d\u00e9grad\u00e9s \u00e0 un \u00e9tat stable et en sant\u00e9. Les rivi\u00e8res sont facilement impact\u00e9es par des facteurs qui les entourent soit les secteurs d\u2019am\u00e9nagement des terres, industriel, r\u00e9sidentiel, agriculture, de transport et r\u00e9cr\u00e9ationnel.<\/p>\n<p>L\u2019Association des p\u00eacheurs r\u00e9cr\u00e9atifs du sud-est veut aider \u00e0 baisser cet impact en restaurant et stabilisant les berges \u00e9rod\u00e9es dans les rivi\u00e8res. Cette t\u00e2che requi\u00e8re de l\u2019expertise dans plusieurs disciplines\u00a0: planification, source de fond, plans de d\u00e9veloppement, connections de travail avec les propri\u00e9taires et les intervenants, consultation avec des professionnels, suivis des habitats et appliquer les techniques de restauration appropri\u00e9es. La concentration cl\u00e9 de ces projets est restaurer les habitats de rivi\u00e8re afin d\u2019assurer une bonne ressources et maximiser une efficacit\u00e9 \u00e0 long-terme des efforts de restauration.<\/p>\n<div id=\"attachment_2528\" style=\"width: 594px\" class=\"wp-caption aligncenter\"><img loading=\"lazy\" decoding=\"async\" aria-describedby=\"caption-attachment-2528\" class=\"wp-image-2528 size-large\" src=\"http:\/\/www.saa-aprse.ca\/wp-content\/uploads\/2016\/03\/Restoration-stages_tree-planting-South-Br-700x147.png\" alt=\"Restoration stages_tree planting South Br\" width=\"584\" height=\"123\" srcset=\"https:\/\/www.saa-aprse.ca\/wp-content\/uploads\/2016\/03\/Restoration-stages_tree-planting-South-Br-700x147.png 700w, https:\/\/www.saa-aprse.ca\/wp-content\/uploads\/2016\/03\/Restoration-stages_tree-planting-South-Br-300x63.png 300w, https:\/\/www.saa-aprse.ca\/wp-content\/uploads\/2016\/03\/Restoration-stages_tree-planting-South-Br-768x161.png 768w, https:\/\/www.saa-aprse.ca\/wp-content\/uploads\/2016\/03\/Restoration-stages_tree-planting-South-Br-500x105.png 500w, https:\/\/www.saa-aprse.ca\/wp-content\/uploads\/2016\/03\/Restoration-stages_tree-planting-South-Br.png 842w\" sizes=\"(max-width: 584px) 100vw, 584px\" \/><p id=\"caption-attachment-2528\" class=\"wp-caption-text\">Branche sud, bassin versant de Bouctouche &#8211; Plantation d&rsquo;arbre 2015<\/p><\/div>\n<p>Les techniques de restauration sont bas\u00e9es sur les recommandations du minist\u00e8re des P\u00eaches et Oc\u00e9ans et des professionnels. La plantation de la v\u00e9g\u00e9tation comme les semences, les arbres et\/ou les arbustes est une m\u00e9thode tr\u00e8s populaire afin de \u00a0contr\u00f4ler l&rsquo;\u00e9rosion. Les syst\u00e8mes de racines de la v\u00e9g\u00e9tation aide re-stabiliser les berges. D&rsquo;autres m\u00e9thodes de restauration utilis\u00e9s pour stabiliser les berges de la rivi\u00e8re sont fascines et d\u00e9flecteurs. Ces structures sont plac\u00e9es dans des zones o\u00f9 les bords des rivi\u00e8res ont besoin de plus de stabilit\u00e9. Ils doivent \u00eatre bien plac\u00e9s pour garder l\u2019allure de m\u00e9andre naturel de la rivi\u00e8re sans causer de dommages futurs. Ils aident \u00e0 accentuer le d\u00e9bit de l&rsquo;eau naturel, en diminuant les d\u00e9p\u00f4ts de s\u00e9diments excessifs en aval. Plusieurs diff\u00e9rentes techniques existent pour contr\u00f4ler l&rsquo;\u00e9rosion ou la s\u00e9dimentation. L\u2019Association des p\u00eacheurs r\u00e9cr\u00e9atifs du sud-est fait son possible \u00e0 r\u00e9ussir dans les efforts de la restauration pour aider \u00e0 am\u00e9liorer la qualit\u00e9 de l&rsquo;eau et les conditions d\u2019habitat du poisson. Ces efforts favorisent la productivit\u00e9 des poissons tels que le saumon d\u2019atlantique et la truite mouchet\u00e9e.<\/p>\n<div id=\"attachment_2530\" style=\"width: 594px\" class=\"wp-caption aligncenter\"><img loading=\"lazy\" decoding=\"async\" aria-describedby=\"caption-attachment-2530\" class=\"wp-image-2530 size-large\" src=\"http:\/\/www.saa-aprse.ca\/wp-content\/uploads\/2016\/03\/Restoration-stages_South-Branch-700x350.png\" alt=\"Restoration stages_South Branch\" width=\"584\" height=\"292\" srcset=\"https:\/\/www.saa-aprse.ca\/wp-content\/uploads\/2016\/03\/Restoration-stages_South-Branch-700x350.png 700w, https:\/\/www.saa-aprse.ca\/wp-content\/uploads\/2016\/03\/Restoration-stages_South-Branch-300x150.png 300w, https:\/\/www.saa-aprse.ca\/wp-content\/uploads\/2016\/03\/Restoration-stages_South-Branch-500x250.png 500w, https:\/\/www.saa-aprse.ca\/wp-content\/uploads\/2016\/03\/Restoration-stages_South-Branch.png 712w\" sizes=\"(max-width: 584px) 100vw, 584px\" \/><p id=\"caption-attachment-2530\" class=\"wp-caption-text\">Branche sud, basin versant de Bouctouche &#8211; Lit de filtration pour s\u00e9diment 2015<\/p><\/div>\n","protected":false},"excerpt":{"rendered":"<p>Le concept de la restauration des cours d\u2019eau se r\u00e9f\u00e8re \u00e0 remettre les \u00e9cosyst\u00e8mes d\u00e9grad\u00e9s \u00e0 un \u00e9tat stable et en sant\u00e9. Les rivi\u00e8res sont facilement impact\u00e9es par des facteurs qui les entourent soit les secteurs d\u2019am\u00e9nagement des terres, industriel, &hellip; <a href=\"https:\/\/www.saa-aprse.ca\/fr\/projets\/projet-derosion-et-de-restauration\/\">Continuez de lire <span class=\"meta-nav\">\u2192<\/span><\/a><\/p>\n","protected":false},"author":1,"featured_media":0,"parent":154,"menu_order":3,"comment_status":"closed","ping_status":"closed","template":"page-project.php","meta":{"_acf_changed":false,"footnotes":""},"acf":[],"_links":{"self":[{"href":"https:\/\/www.saa-aprse.ca\/fr\/wp-json\/wp\/v2\/pages\/2165"}],"collection":[{"href":"https:\/\/www.saa-aprse.ca\/fr\/wp-json\/wp\/v2\/pages"}],"about":[{"href":"https:\/\/www.saa-aprse.ca\/fr\/wp-json\/wp\/v2\/types\/page"}],"author":[{"embeddable":true,"href":"https:\/\/www.saa-aprse.ca\/fr\/wp-json\/wp\/v2\/users\/1"}],"replies":[{"embeddable":true,"href":"https:\/\/www.saa-aprse.ca\/fr\/wp-json\/wp\/v2\/comments?post=2165"}],"version-history":[{"count":5,"href":"https:\/\/www.saa-aprse.ca\/fr\/wp-json\/wp\/v2\/pages\/2165\/revisions"}],"predecessor-version":[{"id":2541,"href":"https:\/\/www.saa-aprse.ca\/fr\/wp-json\/wp\/v2\/pages\/2165\/revisions\/2541"}],"up":[{"embeddable":true,"href":"https:\/\/www.saa-aprse.ca\/fr\/wp-json\/wp\/v2\/pages\/154"}],"wp:attachment":[{"href":"https:\/\/www.saa-aprse.ca\/fr\/wp-json\/wp\/v2\/media?parent=2165"}],"curies":[{"name":"wp","href":"https:\/\/api.w.org\/{rel}","templated":true}]}}