{"id":2168,"date":"2016-03-28T15:35:00","date_gmt":"2016-03-28T15:35:00","guid":{"rendered":"http:\/\/www.saa-aprse.ca\/?page_id=2168&#038;lang=fr"},"modified":"2017-07-26T12:45:23","modified_gmt":"2017-07-26T12:45:23","slug":"programme-educatif-et-activites","status":"publish","type":"page","link":"https:\/\/www.saa-aprse.ca\/fr\/projets\/programme-educatif-et-activites\/","title":{"rendered":"Programme \u00e9ducatif et activit\u00e9s"},"content":{"rendered":"<p><img loading=\"lazy\" decoding=\"async\" class=\"aligncenter wp-image-2482 size-large\" src=\"http:\/\/www.saa-aprse.ca\/wp-content\/uploads\/2016\/03\/Fish-in-jars-700x467.jpg\" alt=\"Fish in jars\" width=\"584\" height=\"390\" srcset=\"https:\/\/www.saa-aprse.ca\/wp-content\/uploads\/2016\/03\/Fish-in-jars-700x467.jpg 700w, https:\/\/www.saa-aprse.ca\/wp-content\/uploads\/2016\/03\/Fish-in-jars-300x200.jpg 300w, https:\/\/www.saa-aprse.ca\/wp-content\/uploads\/2016\/03\/Fish-in-jars-768x513.jpg 768w, https:\/\/www.saa-aprse.ca\/wp-content\/uploads\/2016\/03\/Fish-in-jars-449x300.jpg 449w, https:\/\/www.saa-aprse.ca\/wp-content\/uploads\/2016\/03\/Fish-in-jars.jpg 960w\" sizes=\"(max-width: 584px) 100vw, 584px\" \/><\/p>\n<p>L&rsquo;Association des p\u00eacheurs r\u00e9cr\u00e9atifs du sud-est, \u00e0 travers des programmes \u00e9ducatifs et des activit\u00e9s, veut que la communaut\u00e9 soit au courant des conditions des bassins versants.\u00a0L&rsquo;organisation appr\u00e9cie tout le support et l&rsquo;aide des communaut\u00e9s afin d&rsquo;avoir\u00a0du success dans tout les projets (suivis, qualit\u00e9 d&rsquo;eau, restauration des habitats, \u00e9ducations et lev\u00e9 de fonds).<\/p>\n<p>L&rsquo;association appr\u00e9cie toujours toutes les donations mises envers la protection des habitats des cours d&rsquo;eau locaux. Merci.<\/p>\n<p><img loading=\"lazy\" decoding=\"async\" class=\"alignnone  wp-image-2578\" src=\"http:\/\/www.saa-aprse.ca\/wp-content\/uploads\/2016\/03\/donation-saa-fr-234x300.png\" alt=\"donation saa fr\" width=\"297\" height=\"377\" \/><\/p>\n<p><img loading=\"lazy\" decoding=\"async\" class=\"alignnone size-medium wp-image-2565\" src=\"http:\/\/www.saa-aprse.ca\/wp-content\/uploads\/2016\/03\/APRSE1-300x95.png\" alt=\"APRSE1\" width=\"300\" height=\"95\" srcset=\"https:\/\/www.saa-aprse.ca\/wp-content\/uploads\/2016\/03\/APRSE1-300x95.png 300w, https:\/\/www.saa-aprse.ca\/wp-content\/uploads\/2016\/03\/APRSE1.png 392w\" sizes=\"(max-width: 300px) 100vw, 300px\" \/><\/p>\n<p><img loading=\"lazy\" decoding=\"async\" class=\"aligncenter wp-image-2495 size-large\" src=\"http:\/\/www.saa-aprse.ca\/wp-content\/uploads\/2016\/03\/Program-and-activity-656x700.png\" alt=\"Program and activity\" width=\"584\" height=\"623\" srcset=\"https:\/\/www.saa-aprse.ca\/wp-content\/uploads\/2016\/03\/Program-and-activity-656x700.png 656w, https:\/\/www.saa-aprse.ca\/wp-content\/uploads\/2016\/03\/Program-and-activity-281x300.png 281w, https:\/\/www.saa-aprse.ca\/wp-content\/uploads\/2016\/03\/Program-and-activity-768x820.png 768w, https:\/\/www.saa-aprse.ca\/wp-content\/uploads\/2016\/03\/Program-and-activity.png 980w\" sizes=\"(max-width: 584px) 100vw, 584px\" \/><\/p>\n<p>Le Fonds de fiducie de la faune du Nouveau-Brunswick (FFFNB) a aussi pour but de fournir dans la province de l\u2019aide financi\u00e8re \u00e0 l\u2019am\u00e9lioration de l\u2019habitat du poisson et de la faune. Les N\u00e9o-Brunswickois peuvent appuyer le fonds en achetant une plaque d\u2019immatriculation sur le th\u00e8me de la conservation. Une somme de 7$ va directement au fonds.<\/p>\n<p><img loading=\"lazy\" decoding=\"async\" class=\"wp-image-2559 aligncenter\" src=\"http:\/\/www.saa-aprse.ca\/wp-content\/uploads\/2016\/03\/Contribution2-300x198.png\" alt=\"Contribution2\" width=\"394\" height=\"260\" srcset=\"https:\/\/www.saa-aprse.ca\/wp-content\/uploads\/2016\/03\/Contribution2-300x198.png 300w, https:\/\/www.saa-aprse.ca\/wp-content\/uploads\/2016\/03\/Contribution2-454x300.png 454w, https:\/\/www.saa-aprse.ca\/wp-content\/uploads\/2016\/03\/Contribution2.png 619w\" sizes=\"(max-width: 394px) 100vw, 394px\" \/><\/p>\n","protected":false},"excerpt":{"rendered":"<p>L&rsquo;Association des p\u00eacheurs r\u00e9cr\u00e9atifs du sud-est, \u00e0 travers des programmes \u00e9ducatifs et des activit\u00e9s, veut que la communaut\u00e9 soit au courant des conditions des bassins versants.\u00a0L&rsquo;organisation appr\u00e9cie tout le support et l&rsquo;aide des communaut\u00e9s afin d&rsquo;avoir\u00a0du success dans tout les &hellip; <a href=\"https:\/\/www.saa-aprse.ca\/fr\/projets\/programme-educatif-et-activites\/\">Continuez de lire <span class=\"meta-nav\">\u2192<\/span><\/a><\/p>\n","protected":false},"author":1,"featured_media":0,"parent":154,"menu_order":0,"comment_status":"closed","ping_status":"closed","template":"page-project.php","meta":{"_acf_changed":false,"footnotes":""},"acf":[],"_links":{"self":[{"href":"https:\/\/www.saa-aprse.ca\/fr\/wp-json\/wp\/v2\/pages\/2168"}],"collection":[{"href":"https:\/\/www.saa-aprse.ca\/fr\/wp-json\/wp\/v2\/pages"}],"about":[{"href":"https:\/\/www.saa-aprse.ca\/fr\/wp-json\/wp\/v2\/types\/page"}],"author":[{"embeddable":true,"href":"https:\/\/www.saa-aprse.ca\/fr\/wp-json\/wp\/v2\/users\/1"}],"replies":[{"embeddable":true,"href":"https:\/\/www.saa-aprse.ca\/fr\/wp-json\/wp\/v2\/comments?post=2168"}],"version-history":[{"count":8,"href":"https:\/\/www.saa-aprse.ca\/fr\/wp-json\/wp\/v2\/pages\/2168\/revisions"}],"predecessor-version":[{"id":2828,"href":"https:\/\/www.saa-aprse.ca\/fr\/wp-json\/wp\/v2\/pages\/2168\/revisions\/2828"}],"up":[{"embeddable":true,"href":"https:\/\/www.saa-aprse.ca\/fr\/wp-json\/wp\/v2\/pages\/154"}],"wp:attachment":[{"href":"https:\/\/www.saa-aprse.ca\/fr\/wp-json\/wp\/v2\/media?parent=2168"}],"curies":[{"name":"wp","href":"https:\/\/api.w.org\/{rel}","templated":true}]}}