{"id":2175,"date":"2016-03-28T15:38:54","date_gmt":"2016-03-28T15:38:54","guid":{"rendered":"http:\/\/www.saa-aprse.ca\/?page_id=2175&#038;lang=fr"},"modified":"2017-07-18T17:56:21","modified_gmt":"2017-07-18T17:56:21","slug":"concours-de-peche","status":"publish","type":"page","link":"https:\/\/www.saa-aprse.ca\/fr\/projets\/programme-educatif-et-activites\/concours-de-peche\/","title":{"rendered":"Concours de p\u00eache"},"content":{"rendered":"<p><img loading=\"lazy\" decoding=\"async\" class=\"aligncenter wp-image-2487 size-full\" src=\"http:\/\/www.saa-aprse.ca\/wp-content\/uploads\/2016\/03\/Fishing-Derby.png\" alt=\"Fishing Derby\" width=\"527\" height=\"351\" srcset=\"https:\/\/www.saa-aprse.ca\/wp-content\/uploads\/2016\/03\/Fishing-Derby.png 527w, https:\/\/www.saa-aprse.ca\/wp-content\/uploads\/2016\/03\/Fishing-Derby-300x200.png 300w, https:\/\/www.saa-aprse.ca\/wp-content\/uploads\/2016\/03\/Fishing-Derby-450x300.png 450w\" sizes=\"(max-width: 527px) 100vw, 527px\" \/><span lang=\"fr\">Le concours est un \u00e9v\u00e9nement annuel de p\u00eache familiale.\u00a0Cette activit\u00e9 est une bonne occasion pour les parents d&rsquo;apprendre les bonnes m\u00e9thodes de p\u00eache aux enfants. Les fonds ramasser durant l&rsquo;activit\u00e9 vont supporter les projets environnementaux des rivi\u00e8res locales coordonn\u00e9s par l&rsquo;Association des p\u00eacheurs r\u00e9cr\u00e9atifs du sud-est.<\/span><\/p>\n\n\t\t<style type=\"text\/css\">\n\t\t\t#gallery-1 {\n\t\t\t\tmargin: auto;\n\t\t\t}\n\t\t\t#gallery-1 .gallery-item {\n\t\t\t\tfloat: left;\n\t\t\t\tmargin-top: 10px;\n\t\t\t\ttext-align: center;\n\t\t\t\twidth: 50%;\n\t\t\t}\n\t\t\t#gallery-1 img {\n\t\t\t\tborder: 2px solid #cfcfcf;\n\t\t\t}\n\t\t\t#gallery-1 .gallery-caption {\n\t\t\t\tmargin-left: 0;\n\t\t\t}\n\t\t\t\/* see gallery_shortcode() in wp-includes\/media.php *\/\n\t\t<\/style>\n\t\t<div id='gallery-1' class='gallery galleryid-2175 gallery-columns-2 gallery-size-full'><dl class='gallery-item'>\n\t\t\t<dt class='gallery-icon landscape'>\n\t\t\t\t<a href='https:\/\/www.saa-aprse.ca\/wp-content\/uploads\/2016\/03\/DSCF0250.jpg' title=\"\" data-rl_title=\"\" class=\"rl-gallery-link\" data-rl_caption=\"\" data-rel=\"lightbox-gallery-1\"><img loading=\"lazy\" decoding=\"async\" width=\"4608\" height=\"3456\" src=\"https:\/\/www.saa-aprse.ca\/wp-content\/uploads\/2016\/03\/DSCF0250.jpg\" class=\"attachment-full size-full\" alt=\"\" srcset=\"https:\/\/www.saa-aprse.ca\/wp-content\/uploads\/2016\/03\/DSCF0250.jpg 4608w, https:\/\/www.saa-aprse.ca\/wp-content\/uploads\/2016\/03\/DSCF0250-300x225.jpg 300w, https:\/\/www.saa-aprse.ca\/wp-content\/uploads\/2016\/03\/DSCF0250-768x576.jpg 768w, https:\/\/www.saa-aprse.ca\/wp-content\/uploads\/2016\/03\/DSCF0250-700x525.jpg 700w, https:\/\/www.saa-aprse.ca\/wp-content\/uploads\/2016\/03\/DSCF0250-400x300.jpg 400w\" sizes=\"(max-width: 4608px) 100vw, 4608px\" \/><\/a>\n\t\t\t<\/dt><\/dl><dl class='gallery-item'>\n\t\t\t<dt class='gallery-icon landscape'>\n\t\t\t\t<a href='https:\/\/www.saa-aprse.ca\/wp-content\/uploads\/2016\/03\/DSCF0264.jpg' title=\"\" data-rl_title=\"\" class=\"rl-gallery-link\" data-rl_caption=\"\" data-rel=\"lightbox-gallery-1\"><img loading=\"lazy\" decoding=\"async\" width=\"4608\" height=\"3456\" src=\"https:\/\/www.saa-aprse.ca\/wp-content\/uploads\/2016\/03\/DSCF0264.jpg\" class=\"attachment-full size-full\" alt=\"\" srcset=\"https:\/\/www.saa-aprse.ca\/wp-content\/uploads\/2016\/03\/DSCF0264.jpg 4608w, https:\/\/www.saa-aprse.ca\/wp-content\/uploads\/2016\/03\/DSCF0264-300x225.jpg 300w, https:\/\/www.saa-aprse.ca\/wp-content\/uploads\/2016\/03\/DSCF0264-768x576.jpg 768w, https:\/\/www.saa-aprse.ca\/wp-content\/uploads\/2016\/03\/DSCF0264-700x525.jpg 700w, https:\/\/www.saa-aprse.ca\/wp-content\/uploads\/2016\/03\/DSCF0264-400x300.jpg 400w\" sizes=\"(max-width: 4608px) 100vw, 4608px\" \/><\/a>\n\t\t\t<\/dt><\/dl><br style=\"clear: both\" \/><dl class='gallery-item'>\n\t\t\t<dt class='gallery-icon portrait'>\n\t\t\t\t<a href='https:\/\/www.saa-aprse.ca\/wp-content\/uploads\/2016\/03\/DSCF0251.jpg' title=\"\" data-rl_title=\"\" class=\"rl-gallery-link\" data-rl_caption=\"\" data-rel=\"lightbox-gallery-1\"><img loading=\"lazy\" decoding=\"async\" width=\"3456\" height=\"4608\" src=\"https:\/\/www.saa-aprse.ca\/wp-content\/uploads\/2016\/03\/DSCF0251.jpg\" class=\"attachment-full size-full\" alt=\"\" srcset=\"https:\/\/www.saa-aprse.ca\/wp-content\/uploads\/2016\/03\/DSCF0251.jpg 3456w, https:\/\/www.saa-aprse.ca\/wp-content\/uploads\/2016\/03\/DSCF0251-225x300.jpg 225w, https:\/\/www.saa-aprse.ca\/wp-content\/uploads\/2016\/03\/DSCF0251-768x1024.jpg 768w, https:\/\/www.saa-aprse.ca\/wp-content\/uploads\/2016\/03\/DSCF0251-525x700.jpg 525w\" sizes=\"(max-width: 3456px) 100vw, 3456px\" \/><\/a>\n\t\t\t<\/dt><\/dl><dl class='gallery-item'>\n\t\t\t<dt class='gallery-icon portrait'>\n\t\t\t\t<a href='https:\/\/www.saa-aprse.ca\/wp-content\/uploads\/2016\/03\/DSCF0249.jpg' title=\"\" data-rl_title=\"\" class=\"rl-gallery-link\" data-rl_caption=\"\" data-rel=\"lightbox-gallery-1\"><img loading=\"lazy\" decoding=\"async\" width=\"3456\" height=\"4608\" src=\"https:\/\/www.saa-aprse.ca\/wp-content\/uploads\/2016\/03\/DSCF0249.jpg\" class=\"attachment-full size-full\" alt=\"\" srcset=\"https:\/\/www.saa-aprse.ca\/wp-content\/uploads\/2016\/03\/DSCF0249.jpg 3456w, https:\/\/www.saa-aprse.ca\/wp-content\/uploads\/2016\/03\/DSCF0249-225x300.jpg 225w, https:\/\/www.saa-aprse.ca\/wp-content\/uploads\/2016\/03\/DSCF0249-768x1024.jpg 768w, https:\/\/www.saa-aprse.ca\/wp-content\/uploads\/2016\/03\/DSCF0249-525x700.jpg 525w\" sizes=\"(max-width: 3456px) 100vw, 3456px\" \/><\/a>\n\t\t\t<\/dt><\/dl><br style=\"clear: both\" \/>\n\t\t<\/div>\n\n","protected":false},"excerpt":{"rendered":"<p>Le concours est un \u00e9v\u00e9nement annuel de p\u00eache familiale.\u00a0Cette activit\u00e9 est une bonne occasion pour les parents d&rsquo;apprendre les bonnes m\u00e9thodes de p\u00eache aux enfants. Les fonds ramasser durant l&rsquo;activit\u00e9 vont supporter les projets environnementaux des rivi\u00e8res locales coordonn\u00e9s par &hellip; <a href=\"https:\/\/www.saa-aprse.ca\/fr\/projets\/programme-educatif-et-activites\/concours-de-peche\/\">Continuez de lire <span class=\"meta-nav\">\u2192<\/span><\/a><\/p>\n","protected":false},"author":1,"featured_media":0,"parent":2168,"menu_order":0,"comment_status":"closed","ping_status":"closed","template":"page-project.php","meta":{"_acf_changed":false,"footnotes":""},"acf":[],"_links":{"self":[{"href":"https:\/\/www.saa-aprse.ca\/fr\/wp-json\/wp\/v2\/pages\/2175"}],"collection":[{"href":"https:\/\/www.saa-aprse.ca\/fr\/wp-json\/wp\/v2\/pages"}],"about":[{"href":"https:\/\/www.saa-aprse.ca\/fr\/wp-json\/wp\/v2\/types\/page"}],"author":[{"embeddable":true,"href":"https:\/\/www.saa-aprse.ca\/fr\/wp-json\/wp\/v2\/users\/1"}],"replies":[{"embeddable":true,"href":"https:\/\/www.saa-aprse.ca\/fr\/wp-json\/wp\/v2\/comments?post=2175"}],"version-history":[{"count":6,"href":"https:\/\/www.saa-aprse.ca\/fr\/wp-json\/wp\/v2\/pages\/2175\/revisions"}],"predecessor-version":[{"id":2776,"href":"https:\/\/www.saa-aprse.ca\/fr\/wp-json\/wp\/v2\/pages\/2175\/revisions\/2776"}],"up":[{"embeddable":true,"href":"https:\/\/www.saa-aprse.ca\/fr\/wp-json\/wp\/v2\/pages\/2168"}],"wp:attachment":[{"href":"https:\/\/www.saa-aprse.ca\/fr\/wp-json\/wp\/v2\/media?parent=2175"}],"curies":[{"name":"wp","href":"https:\/\/api.w.org\/{rel}","templated":true}]}}