{"id":2183,"date":"2016-03-28T15:43:00","date_gmt":"2016-03-28T15:43:00","guid":{"rendered":"http:\/\/www.saa-aprse.ca\/?page_id=2183&#038;lang=fr"},"modified":"2018-06-19T11:45:52","modified_gmt":"2018-06-19T11:45:52","slug":"carte-interactive-sites-et-donnees-des-bassins-versants","status":"publish","type":"page","link":"https:\/\/www.saa-aprse.ca\/fr\/projets\/water-quality-projects\/carte-interactive-sites-et-donnees-des-bassins-versants\/","title":{"rendered":"Carte interactive (sites et donn\u00e9es des bassins versants)"},"content":{"rendered":"<p>En anglais seulement:<\/p>\n<p><a title=\"Interactive map - Water quality\" href=\"http:\/\/www.arcgis.com\/apps\/Embed\/index.html?webmap=32fa180c0a8b4a86b6e3993e386bc5bf&amp;amp;extent=-65.4643,46.1437,-64.1116,46.6579&amp;amp;home=true&amp;amp;zoom=true&amp;amp;scale=true&amp;amp;details=true&amp;amp;legend=true&amp;amp;active_panel=details&amp;amp;disable_scroll=true&amp;amp;theme=light&quot;&gt;&lt;\/iframe&gt;&lt;\/div&gt;\" target=\"_blank\"><img loading=\"lazy\" decoding=\"async\" class=\"alignnone wp-image-1946\" style=\"width: 199px;\" src=\"https:\/\/www.saa-aprse.ca\/wp-content\/uploads\/2013\/01\/Water-quality-map-300x296.jpg\" alt=\"Water quality map\" width=\"300\" height=\"194\" \/><\/a><\/p>\n<p><a title=\"Interactive map - Water quality\" href=\"http:\/\/www.arcgis.com\/apps\/Embed\/index.html?webmap=32fa180c0a8b4a86b6e3993e386bc5bf&amp;amp;extent=-65.4643,46.1437,-64.1116,46.6579&amp;amp;home=true&amp;amp;zoom=true&amp;amp;scale=true&amp;amp;details=true&amp;amp;legend=true&amp;amp;active_panel=details&amp;amp;disable_scroll=true&amp;amp;theme=light&quot;&gt;&lt;\/iframe&gt;&lt;\/div&gt;\" target=\"_blank\">Interactive map &#8211; Water quality<\/a><\/p>\n<p>Cr\u00e9\u00e9 par: Darlene Elward &#8211; 2015<\/p>\n<p>&nbsp;<br \/>\nFinanc\u00e9 par :<\/p>\n<p>Votre Fonds en fiducie pour l&rsquo;environnement au travail<\/p>\n<p><img loading=\"lazy\" decoding=\"async\" class=\"alignnone size-full wp-image-2845\" src=\"http:\/\/www.saa-aprse.ca\/wp-content\/uploads\/2016\/03\/logo.png\" alt=\"logo\" width=\"209\" height=\"82\" \/><\/p>\n","protected":false},"excerpt":{"rendered":"<p>En anglais seulement: Interactive map &#8211; Water quality Cr\u00e9\u00e9 par: Darlene Elward &#8211; 2015 &nbsp; Financ\u00e9 par : Votre Fonds en fiducie pour l&rsquo;environnement au travail<\/p>\n","protected":false},"author":1,"featured_media":0,"parent":2035,"menu_order":0,"comment_status":"closed","ping_status":"closed","template":"page-project.php","meta":{"_acf_changed":false,"footnotes":""},"acf":[],"_links":{"self":[{"href":"https:\/\/www.saa-aprse.ca\/fr\/wp-json\/wp\/v2\/pages\/2183"}],"collection":[{"href":"https:\/\/www.saa-aprse.ca\/fr\/wp-json\/wp\/v2\/pages"}],"about":[{"href":"https:\/\/www.saa-aprse.ca\/fr\/wp-json\/wp\/v2\/types\/page"}],"author":[{"embeddable":true,"href":"https:\/\/www.saa-aprse.ca\/fr\/wp-json\/wp\/v2\/users\/1"}],"replies":[{"embeddable":true,"href":"https:\/\/www.saa-aprse.ca\/fr\/wp-json\/wp\/v2\/comments?post=2183"}],"version-history":[{"count":10,"href":"https:\/\/www.saa-aprse.ca\/fr\/wp-json\/wp\/v2\/pages\/2183\/revisions"}],"predecessor-version":[{"id":2850,"href":"https:\/\/www.saa-aprse.ca\/fr\/wp-json\/wp\/v2\/pages\/2183\/revisions\/2850"}],"up":[{"embeddable":true,"href":"https:\/\/www.saa-aprse.ca\/fr\/wp-json\/wp\/v2\/pages\/2035"}],"wp:attachment":[{"href":"https:\/\/www.saa-aprse.ca\/fr\/wp-json\/wp\/v2\/media?parent=2183"}],"curies":[{"name":"wp","href":"https:\/\/api.w.org\/{rel}","templated":true}]}}