{"id":219,"date":"2013-01-02T14:17:10","date_gmt":"2013-01-02T14:17:10","guid":{"rendered":"http:\/\/www.id-build.com\/wp-APRSE\/?page_id=219"},"modified":"2016-04-13T13:14:36","modified_gmt":"2016-04-13T13:14:36","slug":"sedimentation","status":"publish","type":"page","link":"https:\/\/www.saa-aprse.ca\/fr\/projets\/projet-derosion-et-de-restauration\/sedimentation\/","title":{"rendered":"S\u00e9dimentation"},"content":{"rendered":"<p><img loading=\"lazy\" decoding=\"async\" class=\"size-full wp-image-1119 aligncenter\" src=\"http:\/\/www.id-build.com\/wp-APRSE\/wp-content\/uploads\/2013\/01\/Sedimentation.jpg\" alt=\"Sedimentation\" width=\"640\" height=\"354\" srcset=\"https:\/\/www.saa-aprse.ca\/wp-content\/uploads\/2013\/01\/Sedimentation.jpg 640w, https:\/\/www.saa-aprse.ca\/wp-content\/uploads\/2013\/01\/Sedimentation-300x165.jpg 300w, https:\/\/www.saa-aprse.ca\/wp-content\/uploads\/2013\/01\/Sedimentation-500x276.jpg 500w\" sizes=\"(max-width: 640px) 100vw, 640px\" \/><\/p>\n<p><strong>Composition de la s\u00e9dimentation et des sources<\/strong><\/p>\n<p>Les \u00e9cosyst\u00e8mes de nos rivi\u00e8res sont g\u00e9n\u00e9ralement plus vuln\u00e9rables \u00e0 la s\u00e9dimentation en raison de la composition g\u00e9ologique et de l&rsquo;utilisation des terres. La s\u00e9dimentation est la principale cause de d\u00e9t\u00e9rioration de l&rsquo;habitat du poisson dans de nombreuses sections des rivi\u00e8res.<\/p>\n<p><img loading=\"lazy\" decoding=\"async\" class=\"size-medium wp-image-1891 aligncenter\" src=\"http:\/\/www.saa-aprse.ca\/wp-content\/uploads\/2013\/01\/DCP_3665-300x199.jpg\" alt=\"DCP_3665\" width=\"300\" height=\"199\" srcset=\"https:\/\/www.saa-aprse.ca\/wp-content\/uploads\/2013\/01\/DCP_3665-300x199.jpg 300w, https:\/\/www.saa-aprse.ca\/wp-content\/uploads\/2013\/01\/DCP_3665-451x300.jpg 451w, https:\/\/www.saa-aprse.ca\/wp-content\/uploads\/2013\/01\/DCP_3665.jpg 700w\" sizes=\"(max-width: 300px) 100vw, 300px\" \/><\/p>\n<p>De nombreux projets ciblaient l&rsquo;identification de la composition du substrat de notre lit fluvial. Si une grande quantit\u00e9 de s\u00e9diment fin \u00e9tait pr\u00e9sente, nous chercherions \u00e0 identifier les sources et les diff\u00e9rentes techniques pour rem\u00e9dier aux probl\u00e8mes.<\/p>\n<p><img loading=\"lazy\" decoding=\"async\" class=\"wp-image-2459 aligncenter\" src=\"http:\/\/www.saa-aprse.ca\/wp-content\/uploads\/2013\/01\/erosion-FR-300x274.png\" alt=\"erosion FR\" width=\"415\" height=\"380\" srcset=\"https:\/\/www.saa-aprse.ca\/wp-content\/uploads\/2013\/01\/erosion-FR-300x274.png 300w, https:\/\/www.saa-aprse.ca\/wp-content\/uploads\/2013\/01\/erosion-FR-328x300.png 328w, https:\/\/www.saa-aprse.ca\/wp-content\/uploads\/2013\/01\/erosion-FR.png 660w\" sizes=\"(max-width: 415px) 100vw, 415px\" \/><\/p>\n","protected":false},"excerpt":{"rendered":"<p>Composition de la s\u00e9dimentation et des sources Les \u00e9cosyst\u00e8mes de nos rivi\u00e8res sont g\u00e9n\u00e9ralement plus vuln\u00e9rables \u00e0 la s\u00e9dimentation en raison de la composition g\u00e9ologique et de l&rsquo;utilisation des terres. La s\u00e9dimentation est la principale cause de d\u00e9t\u00e9rioration de l&rsquo;habitat &hellip; <a href=\"https:\/\/www.saa-aprse.ca\/fr\/projets\/projet-derosion-et-de-restauration\/sedimentation\/\">Continuez de lire <span class=\"meta-nav\">\u2192<\/span><\/a><\/p>\n","protected":false},"author":1,"featured_media":0,"parent":2165,"menu_order":4,"comment_status":"open","ping_status":"closed","template":"page-project.php","meta":{"_acf_changed":false,"footnotes":""},"acf":[],"_links":{"self":[{"href":"https:\/\/www.saa-aprse.ca\/fr\/wp-json\/wp\/v2\/pages\/219"}],"collection":[{"href":"https:\/\/www.saa-aprse.ca\/fr\/wp-json\/wp\/v2\/pages"}],"about":[{"href":"https:\/\/www.saa-aprse.ca\/fr\/wp-json\/wp\/v2\/types\/page"}],"author":[{"embeddable":true,"href":"https:\/\/www.saa-aprse.ca\/fr\/wp-json\/wp\/v2\/users\/1"}],"replies":[{"embeddable":true,"href":"https:\/\/www.saa-aprse.ca\/fr\/wp-json\/wp\/v2\/comments?post=219"}],"version-history":[{"count":11,"href":"https:\/\/www.saa-aprse.ca\/fr\/wp-json\/wp\/v2\/pages\/219\/revisions"}],"predecessor-version":[{"id":2461,"href":"https:\/\/www.saa-aprse.ca\/fr\/wp-json\/wp\/v2\/pages\/219\/revisions\/2461"}],"up":[{"embeddable":true,"href":"https:\/\/www.saa-aprse.ca\/fr\/wp-json\/wp\/v2\/pages\/2165"}],"wp:attachment":[{"href":"https:\/\/www.saa-aprse.ca\/fr\/wp-json\/wp\/v2\/media?parent=219"}],"curies":[{"name":"wp","href":"https:\/\/api.w.org\/{rel}","templated":true}]}}