{"id":225,"date":"2013-01-02T14:18:06","date_gmt":"2013-01-02T14:18:06","guid":{"rendered":"http:\/\/www.id-build.com\/wp-APRSE\/?page_id=225"},"modified":"2018-06-19T12:34:54","modified_gmt":"2018-06-19T12:34:54","slug":"barre-raye","status":"publish","type":"page","link":"https:\/\/www.saa-aprse.ca\/fr\/projets\/fish-projects\/barre-raye\/","title":{"rendered":"Bar ray\u00e9"},"content":{"rendered":"<p>En 2016, l&rsquo;APRSE a travaill\u00e9 en partenariat avec le D\u00e9partement de P\u00eaches et Oc\u00e9ans Canada ainsi qu&rsquo;avec la Premi\u00e8re Nation de Bouctouche afin de mettre des marqueurs sur les bars ray\u00e9s afin de d\u00e9terminer leur mouvement \u00e0 travers de nos rivi\u00e8res. Ce projet sera continu\u00e9 en 2017 et les donn\u00e9es receuillies vont aider \u00e0 l&rsquo;APRSE et d&rsquo;autres groupes de la r\u00e9gion de d\u00e9couvrir si les poissons se dirigent vers le nord ou vers le \u00a0sud de la province.<\/p>\n<p><img loading=\"lazy\" decoding=\"async\" class=\"alignnone size-full wp-image-2780\" src=\"http:\/\/www.saa-aprse.ca\/wp-content\/uploads\/2013\/01\/DSCF0173_Bouctouche-Striped-bass-measurement-tagging.jpg\" alt=\"DSCF0173_Bouctouche Striped bass measurement tagging\" width=\"4608\" height=\"3456\" srcset=\"https:\/\/www.saa-aprse.ca\/wp-content\/uploads\/2013\/01\/DSCF0173_Bouctouche-Striped-bass-measurement-tagging.jpg 4608w, https:\/\/www.saa-aprse.ca\/wp-content\/uploads\/2013\/01\/DSCF0173_Bouctouche-Striped-bass-measurement-tagging-300x225.jpg 300w, https:\/\/www.saa-aprse.ca\/wp-content\/uploads\/2013\/01\/DSCF0173_Bouctouche-Striped-bass-measurement-tagging-768x576.jpg 768w, https:\/\/www.saa-aprse.ca\/wp-content\/uploads\/2013\/01\/DSCF0173_Bouctouche-Striped-bass-measurement-tagging-700x525.jpg 700w, https:\/\/www.saa-aprse.ca\/wp-content\/uploads\/2013\/01\/DSCF0173_Bouctouche-Striped-bass-measurement-tagging-400x300.jpg 400w\" sizes=\"(max-width: 4608px) 100vw, 4608px\" \/><\/p>\n<p><img loading=\"lazy\" decoding=\"async\" class=\"alignnone size-full wp-image-2858\" src=\"http:\/\/www.saa-aprse.ca\/wp-content\/uploads\/2013\/01\/pictures-miramichi.png\" alt=\"pictures miramichi\" width=\"625\" height=\"233\" srcset=\"https:\/\/www.saa-aprse.ca\/wp-content\/uploads\/2013\/01\/pictures-miramichi.png 625w, https:\/\/www.saa-aprse.ca\/wp-content\/uploads\/2013\/01\/pictures-miramichi-300x112.png 300w, https:\/\/www.saa-aprse.ca\/wp-content\/uploads\/2013\/01\/pictures-miramichi-500x186.png 500w\" sizes=\"(max-width: 625px) 100vw, 625px\" \/><\/p>\n<p>En 2011, l\u2019APRSE a lanc\u00e9 un projet afin de mieux comprendre la dynamique et l&rsquo;abondance du bar ray\u00e9 dans les rivi\u00e8res Cocagne et Bouctouche apr\u00e8s avoir eu des preuves r\u00e9centes d&rsquo;une augmentation de la population. En 2004, les p\u00eaches commerciale et r\u00e9cr\u00e9ative ont \u00e9t\u00e9 ferm\u00e9es en raison que le bar ray\u00e9 soit d\u00e9sign\u00e9 esp\u00e8ce menac\u00e9e par le comit\u00e9 du COSEPAC. Accro\u00eetre nos connaissances sur cette esp\u00e8ce de poisson dans nos rivi\u00e8res est important.<\/p>\n<p><img loading=\"lazy\" decoding=\"async\" class=\"alignleft size-full wp-image-1117\" src=\"http:\/\/www.id-build.com\/wp-APRSE\/wp-content\/uploads\/2013\/01\/StripedBass.jpg\" alt=\"StripedBass\" width=\"640\" height=\"512\" srcset=\"https:\/\/www.saa-aprse.ca\/wp-content\/uploads\/2013\/01\/StripedBass.jpg 640w, https:\/\/www.saa-aprse.ca\/wp-content\/uploads\/2013\/01\/StripedBass-300x240.jpg 300w, https:\/\/www.saa-aprse.ca\/wp-content\/uploads\/2013\/01\/StripedBass-375x300.jpg 375w\" sizes=\"(max-width: 640px) 100vw, 640px\" \/><\/p>\n<p>&nbsp;<\/p>\n<p>&nbsp;<\/p>\n<p>&nbsp;<\/p>\n<p>&nbsp;<\/p>\n<p>Financ\u00e9 par :<\/p>\n<p><img loading=\"lazy\" decoding=\"async\" class=\"alignnone wp-image-2854\" src=\"http:\/\/www.saa-aprse.ca\/wp-content\/uploads\/2013\/01\/logo-NBWTF.png\" alt=\"logo NBWTF\" width=\"206\" height=\"172\" \/><\/p>\n","protected":false},"excerpt":{"rendered":"<p>En 2016, l&rsquo;APRSE a travaill\u00e9 en partenariat avec le D\u00e9partement de P\u00eaches et Oc\u00e9ans Canada ainsi qu&rsquo;avec la Premi\u00e8re Nation de Bouctouche afin de mettre des marqueurs sur les bars ray\u00e9s afin de d\u00e9terminer leur mouvement \u00e0 travers de nos &hellip; <a href=\"https:\/\/www.saa-aprse.ca\/fr\/projets\/fish-projects\/barre-raye\/\">Continuez de lire <span class=\"meta-nav\">\u2192<\/span><\/a><\/p>\n","protected":false},"author":1,"featured_media":0,"parent":2033,"menu_order":5,"comment_status":"open","ping_status":"closed","template":"page-project.php","meta":{"_acf_changed":false,"footnotes":""},"acf":[],"_links":{"self":[{"href":"https:\/\/www.saa-aprse.ca\/fr\/wp-json\/wp\/v2\/pages\/225"}],"collection":[{"href":"https:\/\/www.saa-aprse.ca\/fr\/wp-json\/wp\/v2\/pages"}],"about":[{"href":"https:\/\/www.saa-aprse.ca\/fr\/wp-json\/wp\/v2\/types\/page"}],"author":[{"embeddable":true,"href":"https:\/\/www.saa-aprse.ca\/fr\/wp-json\/wp\/v2\/users\/1"}],"replies":[{"embeddable":true,"href":"https:\/\/www.saa-aprse.ca\/fr\/wp-json\/wp\/v2\/comments?post=225"}],"version-history":[{"count":12,"href":"https:\/\/www.saa-aprse.ca\/fr\/wp-json\/wp\/v2\/pages\/225\/revisions"}],"predecessor-version":[{"id":2864,"href":"https:\/\/www.saa-aprse.ca\/fr\/wp-json\/wp\/v2\/pages\/225\/revisions\/2864"}],"up":[{"embeddable":true,"href":"https:\/\/www.saa-aprse.ca\/fr\/wp-json\/wp\/v2\/pages\/2033"}],"wp:attachment":[{"href":"https:\/\/www.saa-aprse.ca\/fr\/wp-json\/wp\/v2\/media?parent=225"}],"curies":[{"name":"wp","href":"https:\/\/api.w.org\/{rel}","templated":true}]}}