{"id":229,"date":"2013-01-02T14:26:05","date_gmt":"2013-01-02T14:26:05","guid":{"rendered":"http:\/\/www.id-build.com\/wp-APRSE\/?page_id=229"},"modified":"2016-04-13T18:16:06","modified_gmt":"2016-04-13T18:16:06","slug":"ecole-nos-amis-les-poissons","status":"publish","type":"page","link":"https:\/\/www.saa-aprse.ca\/fr\/projets\/programme-educatif-et-activites\/ecole-nos-amis-les-poissons\/","title":{"rendered":"Nos amis les poissons\u00a0: programme \u00e9ducatif"},"content":{"rendered":"<p><img loading=\"lazy\" decoding=\"async\" src=\"https:\/\/www.saa-aprse.ca\/wp-content\/uploads\/2013\/01\/amisPoissons3.jpg\" alt=\"amisPoissons3\" width=\"640\" height=\"458\" \/><\/p>\n<p>En collaboration avec le Conseil du saumon du Nouveau Brunswick, l&rsquo;APRSE pr\u00e9sente le programme \u00e9ducatif <strong>Nos amis les poissons<\/strong> aux \u00e9l\u00e8ves de la 4e, 5e, et 6e ann\u00e9es dans de nombreuses \u00e9coles du comt\u00e9 de Kent.<\/p>\n<p>Durant une p\u00e9riode de quatre mois (de mars \u00e0 juin), les \u00e9l\u00e8ves peuvent observer, en salle de classe, l&rsquo;unit\u00e9 d&rsquo;incubation o\u00f9 des \u0153ufs de saumons \u00e9closent et grandissent.<\/p>\n<p><img loading=\"lazy\" decoding=\"async\" class=\"alignleft size-medium wp-image-1107\" src=\"http:\/\/www.id-build.com\/wp-APRSE\/wp-content\/uploads\/2013\/01\/amisPoissons1-300x187.jpg\" alt=\"amisPoissons\" width=\"300\" height=\"187\" srcset=\"https:\/\/www.saa-aprse.ca\/wp-content\/uploads\/2013\/01\/amisPoissons1-300x187.jpg 300w, https:\/\/www.saa-aprse.ca\/wp-content\/uploads\/2013\/01\/amisPoissons1-478x300.jpg 478w, https:\/\/www.saa-aprse.ca\/wp-content\/uploads\/2013\/01\/amisPoissons1.jpg 640w\" sizes=\"(max-width: 300px) 100vw, 300px\" \/><\/p>\n<p>&nbsp;<\/p>\n<p><img loading=\"lazy\" decoding=\"async\" class=\"alignleft size-medium wp-image-1109\" src=\"http:\/\/www.id-build.com\/wp-APRSE\/wp-content\/uploads\/2013\/01\/amisPoissons2-300x238.jpg\" alt=\"amisPoissons2\" width=\"300\" height=\"238\" srcset=\"https:\/\/www.saa-aprse.ca\/wp-content\/uploads\/2013\/01\/amisPoissons2-300x238.jpg 300w, https:\/\/www.saa-aprse.ca\/wp-content\/uploads\/2013\/01\/amisPoissons2-377x300.jpg 377w, https:\/\/www.saa-aprse.ca\/wp-content\/uploads\/2013\/01\/amisPoissons2.jpg 640w\" sizes=\"(max-width: 300px) 100vw, 300px\" \/>Les \u00e9l\u00e8ves acqui\u00e8rent des connaissances sur \u200b\u200bla vie du saumon et d&rsquo;autres esp\u00e8ces aquatiques dans les \u00e9cosyst\u00e8mes marins et d&rsquo;eau douce. Les activit\u00e9s sugg\u00e9r\u00e9es enseignent aux jeunes plusieurs le\u00e7ons importantes sur la conservation et l&rsquo;environnement dans la salle de classe.<\/p>\n<p>\u00c0 la fin du programme, les \u00e9l\u00e8ves vont lib\u00e9rer leur poisson dans les ruisseaux d\u00e9sign\u00e9s.<\/p>\n<p><a title=\"Nos amis les poissons - Curriculum\" href=\"http:\/\/www.saa-aprse.ca\/wp-content\/uploads\/2013\/02\/nosamislespoisson_curriculum.pdf\" target=\"_blank\">Cliquez sur ce lien pour t\u00e9l\u00e9charger le curriculum du programme.<\/a><\/p>\n<p>&nbsp;<\/p>\n<p><img loading=\"lazy\" decoding=\"async\" class=\"alignleft size-full wp-image-1828\" src=\"https:\/\/www.saa-aprse.ca\/wp-content\/uploads\/2013\/01\/DSC_28711.jpg\" alt=\"DSC_2871\" width=\"800\" height=\"536\" \/><\/p>\n<p>&nbsp;<\/p>\n<p>&nbsp;<\/p>\n<p>&nbsp;<\/p>\n<p>Pour de l&rsquo;aide sur l&rsquo;installation de l&rsquo;aquarium du programme Nos amis les poissons et sur le d\u00e9pannage (Troubleshooting), voir les sections respectives sur le site suivant:<\/p>\n<h1>Atlantic Salmon Federation Fish Friends Program<\/h1>\n<p><a href=\"http:\/\/www.saa-aprse.ca\/fish-friends-education-programs\/what-is-fish-friends\/\">What is Fish Friends?<\/a><br \/>\n<a href=\"http:\/\/www.saa-aprse.ca\/fish-friends-education-programs\/philosophy-history\/\">Philosophy &amp; History<\/a><br \/>\n<a href=\"http:\/\/www.saa-aprse.ca\/fish-friends-education-programs\/online-resources\/\">Online Resources<\/a><br \/>\n<a href=\"https:\/\/www.saa-aprse.ca\/projects\/educational-program-and-activities\/fish-friends-education-programs\/how-to-set-up-a-fish-friends-tank\/\">How to set up a Fish Friends Tank?<\/a><br \/>\n<a href=\"https:\/\/www.saa-aprse.ca\/projects\/educational-program-and-activities\/fish-friends-education-programs\/troubleshooting\/\">Troubleshooting<\/a><br \/>\n<a href=\"https:\/\/www.saa-aprse.ca\/projects\/educational-program-and-activities\/fish-friends-education-programs\/equipment-required\/\">Equipment List<\/a><\/p>\n<p><strong>More information and resources:<\/strong><\/p>\n<ul>\n<li><a href=\"http:\/\/www.saa-aprse.ca\/wp-content\/uploads\/2013\/01\/volunteerprimer20072.pdf\">Volunteer Primer<\/a><\/li>\n<li><a href=\"http:\/\/www.saa-aprse.ca\/wp-content\/uploads\/2013\/01\/NBSC-Memo-to-Teachers-Setup-and-Egg-Delivery-Feb-20121.pdf\">Information for Teachers &#8211; Setup and Egg Delivery<\/a><\/li>\n<li><a href=\"http:\/\/www.saa-aprse.ca\/wp-content\/uploads\/2013\/01\/Fish-Friends-Update-Feeding-Instructions_-April-2011_NB1.pdf\">Fish Friends Update &amp; Feeding Instructions<\/a><\/li>\n<\/ul>\n<p>&nbsp;<\/p>\n<p>&nbsp;<\/p>\n<p>&nbsp;<\/p>\n","protected":false},"excerpt":{"rendered":"<p>En collaboration avec le Conseil du saumon du Nouveau Brunswick, l&rsquo;APRSE pr\u00e9sente le programme \u00e9ducatif Nos amis les poissons aux \u00e9l\u00e8ves de la 4e, 5e, et 6e ann\u00e9es dans de nombreuses \u00e9coles du comt\u00e9 de Kent. Durant une p\u00e9riode de &hellip; <a href=\"https:\/\/www.saa-aprse.ca\/fr\/projets\/programme-educatif-et-activites\/ecole-nos-amis-les-poissons\/\">Continuez de lire <span class=\"meta-nav\">\u2192<\/span><\/a><\/p>\n","protected":false},"author":1,"featured_media":0,"parent":2168,"menu_order":6,"comment_status":"open","ping_status":"closed","template":"page-project.php","meta":{"_acf_changed":false,"footnotes":""},"acf":[],"_links":{"self":[{"href":"https:\/\/www.saa-aprse.ca\/fr\/wp-json\/wp\/v2\/pages\/229"}],"collection":[{"href":"https:\/\/www.saa-aprse.ca\/fr\/wp-json\/wp\/v2\/pages"}],"about":[{"href":"https:\/\/www.saa-aprse.ca\/fr\/wp-json\/wp\/v2\/types\/page"}],"author":[{"embeddable":true,"href":"https:\/\/www.saa-aprse.ca\/fr\/wp-json\/wp\/v2\/users\/1"}],"replies":[{"embeddable":true,"href":"https:\/\/www.saa-aprse.ca\/fr\/wp-json\/wp\/v2\/comments?post=229"}],"version-history":[{"count":38,"href":"https:\/\/www.saa-aprse.ca\/fr\/wp-json\/wp\/v2\/pages\/229\/revisions"}],"predecessor-version":[{"id":2494,"href":"https:\/\/www.saa-aprse.ca\/fr\/wp-json\/wp\/v2\/pages\/229\/revisions\/2494"}],"up":[{"embeddable":true,"href":"https:\/\/www.saa-aprse.ca\/fr\/wp-json\/wp\/v2\/pages\/2168"}],"wp:attachment":[{"href":"https:\/\/www.saa-aprse.ca\/fr\/wp-json\/wp\/v2\/media?parent=229"}],"curies":[{"name":"wp","href":"https:\/\/api.w.org\/{rel}","templated":true}]}}