{"id":2799,"date":"2017-07-25T18:06:42","date_gmt":"2017-07-25T18:06:42","guid":{"rendered":"http:\/\/www.saa-aprse.ca\/fr\/?page_id=2799"},"modified":"2018-06-19T18:44:36","modified_gmt":"2018-06-19T18:44:36","slug":"rapports-et-archives","status":"publish","type":"page","link":"https:\/\/www.saa-aprse.ca\/fr\/projets\/rapports-et-archives\/","title":{"rendered":"Rapports et archives"},"content":{"rendered":"<p><strong>Bar ray\u00e9<\/strong><\/p>\n<ul>\n<li><a href=\"http:\/\/www.saa-aprse.ca\/wp-content\/uploads\/2018\/06\/Report-Striped-Bass-2017.pdf\">Bar ray\u00e9 &#8211; 2017 (Version Anglaise)<\/a><\/li>\n<li><a href=\"http:\/\/www.saa-aprse.ca\/wp-content\/uploads\/2017\/07\/Report-Striped-Bass-2016_Final.pdf\" rel=\"\">Bar ray\u00e9 &#8211; 2016 (Version Anglaise)<\/a><\/li>\n<li><a href=\"http:\/\/www.saa-aprse.ca\/wp-content\/uploads\/2017\/07\/Striped-bass-report-2013.pdf\" rel=\"\">Bar ray\u00e9 &#8211; 2013 (Version Anglaise)<\/a><\/li>\n<li><a href=\"http:\/\/www.saa-aprse.ca\/wp-content\/uploads\/2017\/07\/Striped-Bass-Report-2012Final.pdf\" rel=\"\">Bar ray\u00e9 &#8211; 2012 (Version Anglaise)<\/a><\/li>\n<\/ul>\n<p><strong>Moules d&rsquo;eau douce<\/strong><\/p>\n<ul>\n<li><a href=\"http:\/\/www.saa-aprse.ca\/wp-content\/uploads\/2017\/07\/rapport-moules-2016-final.pdf\" rel=\"\">Moules d&rsquo;eau douce &#8211; 2016<\/a><\/li>\n<li><a href=\"http:\/\/www.saa-aprse.ca\/wp-content\/uploads\/2018\/06\/Stewardship-Plan-Brook-Floater_Draft-2016_Jan26-revised.pdf\">Plan d&rsquo;intendance des moules d&rsquo;eau douce (Alasmidonte renfl\u00e9) &#8211; 2016<\/a><\/li>\n<li><a href=\"http:\/\/www.saa-aprse.ca\/wp-content\/uploads\/2017\/07\/Moule-deau-douce_2015-Rapport_Final.pdf\" rel=\"\">Moules d&rsquo;eau douce &#8211; 2015<\/a><\/li>\n<li><a href=\"http:\/\/www.saa-aprse.ca\/wp-content\/uploads\/2017\/07\/Moule-deau-douce_2014-Rapport_Final.pdf\" rel=\"\">Moules d&rsquo;eau douce &#8211; 2014<\/a><\/li>\n<\/ul>\n<p><strong>P\u00eache \u00e9lectrique et saumon atlantique<\/strong><\/p>\n<ul>\n<li><a href=\"http:\/\/www.saa-aprse.ca\/wp-content\/uploads\/2018\/06\/APRSE-Stewardship-Plan-march-2013Stock-Plan2017-v2.pdf\">Plan d&rsquo;intendance sur le saumon atlantique &#8211; 2017\u00a0(Version Anglaise)<\/a><\/li>\n<\/ul>\n<p><strong>Qualit\u00e9 d&rsquo;eau<\/strong><\/p>\n<ul>\n<li><a href=\"http:\/\/www.saa-aprse.ca\/wp-content\/uploads\/2018\/06\/Rapport-qualite-eau-2017-final-2-after-recommendation.pdf\"><span style=\"color: #0066cc;\"><u>Qualit\u00e9 d&rsquo;eau &#8211; 2017<\/u><\/span><\/a><\/li>\n<li><a href=\"http:\/\/www.saa-aprse.ca\/wp-content\/uploads\/2017\/07\/Rapport-qualite-eau-2016-final.pdf\" rel=\"\"><span style=\"color: #0066cc;\"><u>Qualit\u00e9 d&rsquo;eau &#8211; 2016<\/u><\/span><\/a><\/li>\n<li><a href=\"http:\/\/www.saa-aprse.ca\/wp-content\/uploads\/2017\/07\/2015_report.pdf\" rel=\"\"><u><span style=\"color: #0066cc;\">Qualit\u00e9 d&rsquo;eau &#8211; 2015 (Version Anglaise)<\/span><\/u><\/a><\/li>\n<\/ul>\n<p><strong>S<strong>\u00e9dimentation<\/strong><\/strong><\/p>\n<ul>\n<li><a href=\"http:\/\/www.saa-aprse.ca\/wp-content\/uploads\/2017\/07\/RapportFinal2011-12VGF-VF3.pdf\" rel=\"\"><u><span style=\"color: #0066cc;\">S\u00e9dimentation &#8211; 2011 <\/span><\/u><\/a><\/li>\n<\/ul>\n<p><strong>Restauration<\/strong><\/p>\n<ul>\n<li><a href=\"http:\/\/www.saa-aprse.ca\/wp-content\/uploads\/2017\/07\/Report-restoration-Mill-Creek-2016.pdf\" rel=\"\">Restauration Mill Creek &#8211; 2016 (Version Anglaise)<\/a><\/li>\n<li><a href=\"http:\/\/www.saa-aprse.ca\/wp-content\/uploads\/2018\/06\/Mill-Creek-Removal-of-structures-and-2017-Instream-restoration-recommendations-Final.pdf\">Restauration Mill Creek and recommendations (Matrix Solutions) &#8211; 2016 (Version Anglaise)<\/a><\/li>\n<li><a href=\"http:\/\/www.saa-aprse.ca\/wp-content\/uploads\/2018\/06\/Report-restoration-Mill-Creek-2017.pdf\">Restauration Mill Creek &#8211; 2017 (Version Anglaise)<\/a><\/li>\n<li><a href=\"http:\/\/www.saa-aprse.ca\/wp-content\/uploads\/2018\/06\/Mill-Creek-Post-Installation-Report-Brush-Mattress-2017.pdf\">Restauration Mill Creek (Matrix Solutions) &#8211; 2017 (Version Anglaise)<\/a><\/li>\n<li><a href=\"http:\/\/www.saa-aprse.ca\/wp-content\/uploads\/2018\/06\/RFCPP-16-HGLF-004252-final-report.pdf\">Restauration Coates Mill &#8211; 2017 (Version Anglaise)<\/a><\/li>\n<\/ul>\n<p>&nbsp;<\/p>\n","protected":false},"excerpt":{"rendered":"<p>Bar ray\u00e9 Bar ray\u00e9 &#8211; 2017 (Version Anglaise) Bar ray\u00e9 &#8211; 2016 (Version Anglaise) Bar ray\u00e9 &#8211; 2013 (Version Anglaise) Bar ray\u00e9 &#8211; 2012 (Version Anglaise) Moules d&rsquo;eau douce Moules d&rsquo;eau douce &#8211; 2016 Plan d&rsquo;intendance des moules d&rsquo;eau douce &hellip; <a href=\"https:\/\/www.saa-aprse.ca\/fr\/projets\/rapports-et-archives\/\">Continuez de lire <span class=\"meta-nav\">\u2192<\/span><\/a><\/p>\n","protected":false},"author":7,"featured_media":0,"parent":154,"menu_order":0,"comment_status":"closed","ping_status":"closed","template":"page-project.php","meta":{"_acf_changed":false,"footnotes":""},"acf":[],"_links":{"self":[{"href":"https:\/\/www.saa-aprse.ca\/fr\/wp-json\/wp\/v2\/pages\/2799"}],"collection":[{"href":"https:\/\/www.saa-aprse.ca\/fr\/wp-json\/wp\/v2\/pages"}],"about":[{"href":"https:\/\/www.saa-aprse.ca\/fr\/wp-json\/wp\/v2\/types\/page"}],"author":[{"embeddable":true,"href":"https:\/\/www.saa-aprse.ca\/fr\/wp-json\/wp\/v2\/users\/7"}],"replies":[{"embeddable":true,"href":"https:\/\/www.saa-aprse.ca\/fr\/wp-json\/wp\/v2\/comments?post=2799"}],"version-history":[{"count":12,"href":"https:\/\/www.saa-aprse.ca\/fr\/wp-json\/wp\/v2\/pages\/2799\/revisions"}],"predecessor-version":[{"id":2910,"href":"https:\/\/www.saa-aprse.ca\/fr\/wp-json\/wp\/v2\/pages\/2799\/revisions\/2910"}],"up":[{"embeddable":true,"href":"https:\/\/www.saa-aprse.ca\/fr\/wp-json\/wp\/v2\/pages\/154"}],"wp:attachment":[{"href":"https:\/\/www.saa-aprse.ca\/fr\/wp-json\/wp\/v2\/media?parent=2799"}],"curies":[{"name":"wp","href":"https:\/\/api.w.org\/{rel}","templated":true}]}}