{"id":458,"date":"2013-01-21T17:53:14","date_gmt":"2013-01-21T17:53:14","guid":{"rendered":"http:\/\/www.id-build.com\/wp-APRSE\/?page_id=458"},"modified":"2016-03-28T16:13:39","modified_gmt":"2016-03-28T16:13:39","slug":"ensemencement","status":"publish","type":"page","link":"https:\/\/www.saa-aprse.ca\/fr\/projets\/fish-projects\/ensemencement\/","title":{"rendered":"Ensemencement"},"content":{"rendered":"<h1>Le saumon de l\u2019Atlantique<\/h1>\n<p><img loading=\"lazy\" decoding=\"async\" class=\"alignleft size-medium wp-image-1154\" src=\"http:\/\/www.id-build.com\/wp-APRSE\/wp-content\/uploads\/2013\/01\/Parr1-300x171.jpg\" alt=\"Parr\" width=\"300\" height=\"171\" srcset=\"https:\/\/www.saa-aprse.ca\/wp-content\/uploads\/2013\/01\/Parr1-300x171.jpg 300w, https:\/\/www.saa-aprse.ca\/wp-content\/uploads\/2013\/01\/Parr1-500x285.jpg 500w, https:\/\/www.saa-aprse.ca\/wp-content\/uploads\/2013\/01\/Parr1.jpg 640w\" sizes=\"(max-width: 300px) 100vw, 300px\" \/><\/p>\n<p>Le saumon de l\u2019Atlantique \u00e9lev\u00e9 dans des \u00e9closeries ou des r\u00e9servoirs d&rsquo;\u00e9levage satellite, \u00e9taient lib\u00e9r\u00e9s sur une base annuelle. L&rsquo;\u00e9closerie de Miramichi et l&rsquo;utilisation de bassins d&rsquo;\u00e9levage satellite locaux \u00e9taient utilis\u00e9s pour fournir des jeunes saumons de l\u2019Atlantique (jeunes de l&rsquo;ann\u00e9e) \u00e0 des fins d&rsquo;am\u00e9lioration des stocks. Une collecte du stock de g\u00e9niteurs du saumon de l&rsquo;Atlantique de la rivi\u00e8re de Bouctouche a eu lieu de 1996 \u00e0 1998. Le processus consistait \u00e0 extraire les oeufs de saumons captur\u00e9s, incuber les \u0153ufs dans une \u00e9closerie pour ensemencer le cours d&rsquo;eau l&rsquo;ann\u00e9e suivante. <\/p>\n<h1>Truite <\/h1>\n<p><a href=\"http:\/\/www.id-build.com\/wp-APRSE\/projects-and-programs\/fish-stocking\/brook-trout\/ensemencement-2-2\/\" rel=\"attachment wp-att-1156\"><img loading=\"lazy\" decoding=\"async\" class=\"alignleft size-medium wp-image-1156\" src=\"http:\/\/www.id-build.com\/wp-APRSE\/wp-content\/uploads\/2013\/01\/Ensemencement-300x210.jpg\" alt=\"Ensemencement\" width=\"300\" height=\"210\" srcset=\"https:\/\/www.saa-aprse.ca\/wp-content\/uploads\/2013\/01\/Ensemencement-300x210.jpg 300w, https:\/\/www.saa-aprse.ca\/wp-content\/uploads\/2013\/01\/Ensemencement-426x300.jpg 426w, https:\/\/www.saa-aprse.ca\/wp-content\/uploads\/2013\/01\/Ensemencement.jpg 640w\" sizes=\"(max-width: 300px) 100vw, 300px\" \/><\/a><\/p>\n<p>La truite mouchet\u00e9e \u00e9lev\u00e9 dans des \u00e9closeries ou des r\u00e9servoirs d&rsquo;\u00e9levage satellite, \u00e9taient lib\u00e9r\u00e9s sur une base annuelle. L&rsquo;\u00e9closerie Flowers Cove et l&rsquo;utilisation de bassins d&rsquo;\u00e9levage satellite locaux \u00e9taient utilis\u00e9s pour fournir des jeunes truites mouchet\u00e9es (jeunes de l&rsquo;ann\u00e9e) \u00e0 des fins d&rsquo;am\u00e9lioration des stocks. Plus de 100,000 truites mouchet\u00e9es dont les souches provenaient de Tabusintac furent ensemenc\u00e9es dans les rivi\u00e8res Bouctouche et Cocagne entre 1994 et 1999. <\/p>\n","protected":false},"excerpt":{"rendered":"<p>Le saumon de l\u2019Atlantique Le saumon de l\u2019Atlantique \u00e9lev\u00e9 dans des \u00e9closeries ou des r\u00e9servoirs d&rsquo;\u00e9levage satellite, \u00e9taient lib\u00e9r\u00e9s sur une base annuelle. L&rsquo;\u00e9closerie de Miramichi et l&rsquo;utilisation de bassins d&rsquo;\u00e9levage satellite locaux \u00e9taient utilis\u00e9s pour fournir des jeunes saumons &hellip; <a href=\"https:\/\/www.saa-aprse.ca\/fr\/projets\/fish-projects\/ensemencement\/\">Continuez de lire <span class=\"meta-nav\">\u2192<\/span><\/a><\/p>\n","protected":false},"author":1,"featured_media":0,"parent":2033,"menu_order":7,"comment_status":"open","ping_status":"open","template":"page-project.php","meta":{"_acf_changed":false,"footnotes":""},"acf":[],"_links":{"self":[{"href":"https:\/\/www.saa-aprse.ca\/fr\/wp-json\/wp\/v2\/pages\/458"}],"collection":[{"href":"https:\/\/www.saa-aprse.ca\/fr\/wp-json\/wp\/v2\/pages"}],"about":[{"href":"https:\/\/www.saa-aprse.ca\/fr\/wp-json\/wp\/v2\/types\/page"}],"author":[{"embeddable":true,"href":"https:\/\/www.saa-aprse.ca\/fr\/wp-json\/wp\/v2\/users\/1"}],"replies":[{"embeddable":true,"href":"https:\/\/www.saa-aprse.ca\/fr\/wp-json\/wp\/v2\/comments?post=458"}],"version-history":[{"count":8,"href":"https:\/\/www.saa-aprse.ca\/fr\/wp-json\/wp\/v2\/pages\/458\/revisions"}],"predecessor-version":[{"id":2212,"href":"https:\/\/www.saa-aprse.ca\/fr\/wp-json\/wp\/v2\/pages\/458\/revisions\/2212"}],"up":[{"embeddable":true,"href":"https:\/\/www.saa-aprse.ca\/fr\/wp-json\/wp\/v2\/pages\/2033"}],"wp:attachment":[{"href":"https:\/\/www.saa-aprse.ca\/fr\/wp-json\/wp\/v2\/media?parent=458"}],"curies":[{"name":"wp","href":"https:\/\/api.w.org\/{rel}","templated":true}]}}