{"id":466,"date":"2013-01-21T18:14:17","date_gmt":"2013-01-21T18:14:17","guid":{"rendered":"http:\/\/www.id-build.com\/wp-APRSE\/?page_id=466"},"modified":"2013-03-19T18:45:20","modified_gmt":"2013-03-19T18:45:20","slug":"autres-programmes","status":"publish","type":"page","link":"https:\/\/www.saa-aprse.ca\/fr\/projets\/autres-programmes\/","title":{"rendered":"Autres programmes"},"content":{"rendered":"<p><strong><a href=\"http:\/\/www.id-build.com\/wp-APRSE\/projets-et-programmes\/monitoring\/autres-programmes\/bulletin-de-nouvelles\/?lang=fr\" title=\"Bulletin de nouvelles\">Bulletin de nouvelles<\/a><\/strong><br \/>\n<!--\nUn effort de collaboration entre l' APRSE, le Groupe de d\u00e9veloppement durable du Pays de Cocagne et la Coalition des bassins versants de Kent nous a permis de pr\u00e9parer un bulletin annuel intitul\u00e9 \u00abTravailler ensemble pour la durabilit\u00e9\u00bb. Ce dernier souligne et discute de l'important travail accompli en mati\u00e8re d\u2019environnement au cours de l'ann\u00e9e. Il est distribu\u00e9 par la poste \u00e0 tous les r\u00e9sidents dans le bassin versant de Chockpish, Bouctouche et Cocagne.\n--><br \/>\n<strong><a href=\"http:\/\/www.id-build.com\/wp-APRSE\/projets-et-programmes\/monitoring\/autres-programmes\/gestion-des-donnees\/?lang=fr\" title=\"Gestion des donn\u00e9es\">Gestion des donn\u00e9es<\/a><\/strong><br \/>\n<!--\n<strong><\/strong>Au cours des 30 derni\u00e8res ann\u00e9es, les organismes locaux, tels que l'APRSE, le Groupe de d\u00e9veloppement durable du Pays de Cocagne, la Coalition des bassins versants de Kent et divers organismes gouvernementaux ont g\u00e9n\u00e9r\u00e9 une grande quantit\u00e9 de donn\u00e9es et de projets. Diverses \u00e9tudes, un programme de surveillance, un programme d'empoissonnement, ainsi que des travaux de restauration et de gestion ont \u00e9t\u00e9 entrepris. La grande quantit\u00e9 de renseignements \u00e9tait dispers\u00e9e en diff\u00e9rents endroits. Nous avons ressenti le besoin de r\u00e9cup\u00e9rer les donn\u00e9es recueillies et de les rendre plus accessibles aux gestionnaires des ressources, aux partenaires et \u00e0 la population en g\u00e9n\u00e9ral.\n\n&nbsp;\n\nUn centre de ressources \u00e9lectroniques a \u00e9t\u00e9 cr\u00e9\u00e9 dans le but de regrouper les informations sur la p\u00eache r\u00e9cr\u00e9ative avec d'autres faits sur l\u2019environnement; ce centre est g\u00e9r\u00e9 par la Coalition des bassins versants de Kent. Selon nous, ce dernier nous aidera \u00e0 am\u00e9liorer nos connaissances au niveau des p\u00eacheries, la prise de d\u00e9cisions en mati\u00e8re de gestion des p\u00eaches. De plus, il nous permettra d\u2019\u00e9viter de d\u00e9doubler le travail, de mieux planifier les futurs projets et de mieux comprendre ce milieu naturel.--><\/p>\n","protected":false},"excerpt":{"rendered":"<p>Bulletin de nouvelles Gestion des donn\u00e9es<\/p>\n","protected":false},"author":1,"featured_media":0,"parent":154,"menu_order":9,"comment_status":"open","ping_status":"closed","template":"","meta":{"_acf_changed":false,"footnotes":""},"acf":[],"_links":{"self":[{"href":"https:\/\/www.saa-aprse.ca\/fr\/wp-json\/wp\/v2\/pages\/466"}],"collection":[{"href":"https:\/\/www.saa-aprse.ca\/fr\/wp-json\/wp\/v2\/pages"}],"about":[{"href":"https:\/\/www.saa-aprse.ca\/fr\/wp-json\/wp\/v2\/types\/page"}],"author":[{"embeddable":true,"href":"https:\/\/www.saa-aprse.ca\/fr\/wp-json\/wp\/v2\/users\/1"}],"replies":[{"embeddable":true,"href":"https:\/\/www.saa-aprse.ca\/fr\/wp-json\/wp\/v2\/comments?post=466"}],"version-history":[{"count":8,"href":"https:\/\/www.saa-aprse.ca\/fr\/wp-json\/wp\/v2\/pages\/466\/revisions"}],"predecessor-version":[{"id":1569,"href":"https:\/\/www.saa-aprse.ca\/fr\/wp-json\/wp\/v2\/pages\/466\/revisions\/1569"}],"up":[{"embeddable":true,"href":"https:\/\/www.saa-aprse.ca\/fr\/wp-json\/wp\/v2\/pages\/154"}],"wp:attachment":[{"href":"https:\/\/www.saa-aprse.ca\/fr\/wp-json\/wp\/v2\/media?parent=466"}],"curies":[{"name":"wp","href":"https:\/\/api.w.org\/{rel}","templated":true}]}}