{"id":556,"date":"2013-01-23T21:52:53","date_gmt":"2013-01-23T21:52:53","guid":{"rendered":"http:\/\/www.id-build.com\/wp-APRSE\/projets-et-programmes\/monitoring-2\/by-catch-survey-gaspereau-eel-and-smelt\/"},"modified":"2016-03-28T16:15:30","modified_gmt":"2016-03-28T16:15:30","slug":"suivi-sur-les-prises-accessoires-des-peches-commerciales","status":"publish","type":"page","link":"https:\/\/www.saa-aprse.ca\/fr\/projets\/fish-projects\/suivi-sur-les-prises-accessoires-des-peches-commerciales\/","title":{"rendered":"Suivi sur les prises accessoires des p\u00eaches commerciales"},"content":{"rendered":"<p><img loading=\"lazy\" decoding=\"async\" class=\"alignleft size-full wp-image-1307\" alt=\"Screen Shot 2013-02-12 at 3.46.08 PM\" src=\"http:\/\/www.id-build.com\/wp-APRSE\/wp-content\/uploads\/2013\/02\/Screen-Shot-2013-02-12-at-3.46.08-PM.png\" width=\"780\" height=\"466\" srcset=\"https:\/\/www.saa-aprse.ca\/wp-content\/uploads\/2013\/02\/Screen-Shot-2013-02-12-at-3.46.08-PM.png 780w, https:\/\/www.saa-aprse.ca\/wp-content\/uploads\/2013\/02\/Screen-Shot-2013-02-12-at-3.46.08-PM-300x179.png 300w, https:\/\/www.saa-aprse.ca\/wp-content\/uploads\/2013\/02\/Screen-Shot-2013-02-12-at-3.46.08-PM-500x298.png 500w\" sizes=\"(max-width: 780px) 100vw, 780px\" \/><\/p>\n<p>Ce sondage permet de d\u00e9terminer si la p\u00eache commerciale a un impact sur \u200b\u200bles diff\u00e9rentes prises accessoires, comme les populations de bar ray\u00e9, truite et saumon. Le sondage se d\u00e9roule pendant que les p\u00eacheurs commerciaux recueillent leurs prises. Les prises accessoires sont identifi\u00e9es, compt\u00e9es, puis rel\u00e2ch\u00e9es.<\/p>\n","protected":false},"excerpt":{"rendered":"<p>Ce sondage permet de d\u00e9terminer si la p\u00eache commerciale a un impact sur \u200b\u200bles diff\u00e9rentes prises accessoires, comme les populations de bar ray\u00e9, truite et saumon. Le sondage se d\u00e9roule pendant que les p\u00eacheurs commerciaux recueillent leurs prises. Les prises &hellip; <a href=\"https:\/\/www.saa-aprse.ca\/fr\/projets\/fish-projects\/suivi-sur-les-prises-accessoires-des-peches-commerciales\/\">Continuez de lire <span class=\"meta-nav\">\u2192<\/span><\/a><\/p>\n","protected":false},"author":1,"featured_media":0,"parent":2033,"menu_order":4,"comment_status":"closed","ping_status":"closed","template":"page-project.php","meta":{"_acf_changed":false,"footnotes":""},"acf":[],"_links":{"self":[{"href":"https:\/\/www.saa-aprse.ca\/fr\/wp-json\/wp\/v2\/pages\/556"}],"collection":[{"href":"https:\/\/www.saa-aprse.ca\/fr\/wp-json\/wp\/v2\/pages"}],"about":[{"href":"https:\/\/www.saa-aprse.ca\/fr\/wp-json\/wp\/v2\/types\/page"}],"author":[{"embeddable":true,"href":"https:\/\/www.saa-aprse.ca\/fr\/wp-json\/wp\/v2\/users\/1"}],"replies":[{"embeddable":true,"href":"https:\/\/www.saa-aprse.ca\/fr\/wp-json\/wp\/v2\/comments?post=556"}],"version-history":[{"count":9,"href":"https:\/\/www.saa-aprse.ca\/fr\/wp-json\/wp\/v2\/pages\/556\/revisions"}],"predecessor-version":[{"id":2214,"href":"https:\/\/www.saa-aprse.ca\/fr\/wp-json\/wp\/v2\/pages\/556\/revisions\/2214"}],"up":[{"embeddable":true,"href":"https:\/\/www.saa-aprse.ca\/fr\/wp-json\/wp\/v2\/pages\/2033"}],"wp:attachment":[{"href":"https:\/\/www.saa-aprse.ca\/fr\/wp-json\/wp\/v2\/media?parent=556"}],"curies":[{"name":"wp","href":"https:\/\/api.w.org\/{rel}","templated":true}]}}