{"id":557,"date":"2013-01-23T21:53:38","date_gmt":"2013-01-23T21:53:38","guid":{"rendered":"http:\/\/www.id-build.com\/wp-APRSE\/projets-et-programmes\/monitoring-2\/community-aquatic-monitoring-program-camp\/"},"modified":"2016-04-12T17:02:41","modified_gmt":"2016-04-12T17:02:41","slug":"surveillance-communautaire-aquatique","status":"publish","type":"page","link":"https:\/\/www.saa-aprse.ca\/fr\/projets\/fish-projects\/surveillance-communautaire-aquatique\/","title":{"rendered":"Programme de surveillance communautaire aquatique (PSCA)"},"content":{"rendered":"<p>Au printemps de chaque ann\u00e9e, nous recueillons des donn\u00e9es importantes qui aident \u00e0 surveiller l\u2019\u00e9tat de sant\u00e9 actuel des estuaires de Bouctouche et Cocagne. La m\u00e9thode scientifique exige que l\u2019on r\u00e9p\u00e8te l\u2019\u00e9chantillonnage au m\u00eame emplacement et dans le m\u00eame estuaire chaque ann\u00e9e. C\u2019est ainsi qu\u2019une fois par mois, de mai \u00e0 septembre, des membres du personnel et du public pr\u00e9l\u00e8vent des \u00e9chantillons \u00e0 six endroits diff\u00e9rents dans les estuaires d\u00e9sign\u00e9s.<\/p>\n<p><img loading=\"lazy\" decoding=\"async\" class=\"alignleft size-full wp-image-1148\" alt=\"CAMPSEINe\" src=\"http:\/\/www.id-build.com\/wp-APRSE\/wp-content\/uploads\/2013\/01\/CAMPSEINe1.jpg\" width=\"640\" height=\"320\" srcset=\"https:\/\/www.saa-aprse.ca\/wp-content\/uploads\/2013\/01\/CAMPSEINe1.jpg 640w, https:\/\/www.saa-aprse.ca\/wp-content\/uploads\/2013\/01\/CAMPSEINe1-300x150.jpg 300w, https:\/\/www.saa-aprse.ca\/wp-content\/uploads\/2013\/01\/CAMPSEINe1-500x250.jpg 500w\" sizes=\"(max-width: 640px) 100vw, 640px\" \/><\/p>\n<p>Utilisant une senne de plage, des crustac\u00e9s et des petits poissons captur\u00e9es, pr\u00e9l\u00e8vent certaines donn\u00e9es biologiques, puis rejettent ces organismes \u00e0 l\u2019eau toujours vivants. \u00c0 partir de ces \u00e9chantillons, les groupes communautaires peuvent fournir de l\u2019information importante, notamment :<\/p>\n<p>l\u2019identification des esp\u00e8ces de poisson et de crustac\u00e9s captur\u00e9es; le nombre de poissons et de crustac\u00e9s captur\u00e9s; la temp\u00e9rature, la salinit\u00e9 et la teneur en oxyg\u00e8ne dissout de l\u2019eau; des profils de la v\u00e9g\u00e9tations aquatique.<\/p>\n<p>Avec ces renseignements, les scientifiques travaillant avec des universit\u00e9s et des organismes gouvernementaux, font des analyses des \u00e9l\u00e9ments nutritifs et \u00e9valuent la charge organique et les changements dans l\u2019assemblage de la communaut\u00e9 aquatique. Toutes ces donn\u00e9es peuvent permettre de cerner la cause d\u2019incidences n\u00e9gatives et de prendre des mesures pour les att\u00e9nuer.<\/p>\n","protected":false},"excerpt":{"rendered":"<p>Au printemps de chaque ann\u00e9e, nous recueillons des donn\u00e9es importantes qui aident \u00e0 surveiller l\u2019\u00e9tat de sant\u00e9 actuel des estuaires de Bouctouche et Cocagne. La m\u00e9thode scientifique exige que l\u2019on r\u00e9p\u00e8te l\u2019\u00e9chantillonnage au m\u00eame emplacement et dans le m\u00eame estuaire &hellip; <a href=\"https:\/\/www.saa-aprse.ca\/fr\/projets\/fish-projects\/surveillance-communautaire-aquatique\/\">Continuez de lire <span class=\"meta-nav\">\u2192<\/span><\/a><\/p>\n","protected":false},"author":1,"featured_media":0,"parent":2033,"menu_order":6,"comment_status":"closed","ping_status":"closed","template":"page-project.php","meta":{"_acf_changed":false,"footnotes":""},"acf":[],"_links":{"self":[{"href":"https:\/\/www.saa-aprse.ca\/fr\/wp-json\/wp\/v2\/pages\/557"}],"collection":[{"href":"https:\/\/www.saa-aprse.ca\/fr\/wp-json\/wp\/v2\/pages"}],"about":[{"href":"https:\/\/www.saa-aprse.ca\/fr\/wp-json\/wp\/v2\/types\/page"}],"author":[{"embeddable":true,"href":"https:\/\/www.saa-aprse.ca\/fr\/wp-json\/wp\/v2\/users\/1"}],"replies":[{"embeddable":true,"href":"https:\/\/www.saa-aprse.ca\/fr\/wp-json\/wp\/v2\/comments?post=557"}],"version-history":[{"count":13,"href":"https:\/\/www.saa-aprse.ca\/fr\/wp-json\/wp\/v2\/pages\/557\/revisions"}],"predecessor-version":[{"id":2427,"href":"https:\/\/www.saa-aprse.ca\/fr\/wp-json\/wp\/v2\/pages\/557\/revisions\/2427"}],"up":[{"embeddable":true,"href":"https:\/\/www.saa-aprse.ca\/fr\/wp-json\/wp\/v2\/pages\/2033"}],"wp:attachment":[{"href":"https:\/\/www.saa-aprse.ca\/fr\/wp-json\/wp\/v2\/media?parent=557"}],"curies":[{"name":"wp","href":"https:\/\/api.w.org\/{rel}","templated":true}]}}