{"id":558,"date":"2013-01-23T21:44:55","date_gmt":"2013-01-23T21:44:55","guid":{"rendered":"http:\/\/www.id-build.com\/wp-APRSE\/projets-et-programmes\/monitoring-2\/counting-fence\/"},"modified":"2016-04-12T16:59:28","modified_gmt":"2016-04-12T16:59:28","slug":"filet-de-comptage","status":"publish","type":"page","link":"https:\/\/www.saa-aprse.ca\/fr\/projets\/fish-projects\/filet-de-comptage\/","title":{"rendered":"Filet de comptage"},"content":{"rendered":"<p><img loading=\"lazy\" decoding=\"async\" class=\"alignleft size-full wp-image-889\" src=\"http:\/\/www.saa-aprse.ca\/wp-content\/uploads\/2013\/01\/FishNet11.jpg\" alt=\"FishNet1\" width=\"640\" height=\"270\" srcset=\"https:\/\/www.saa-aprse.ca\/wp-content\/uploads\/2013\/01\/FishNet11.jpg 640w, https:\/\/www.saa-aprse.ca\/wp-content\/uploads\/2013\/01\/FishNet11-300x126.jpg 300w, https:\/\/www.saa-aprse.ca\/wp-content\/uploads\/2013\/01\/FishNet11-500x210.jpg 500w\" sizes=\"(max-width: 640px) 100vw, 640px\" \/><\/p>\n<p>Cette technique consiste en un filet de p\u00eache, qui sert de syst\u00e8me de capture pour comptabiliser et mesurer les salmonid\u00e9s et d\u2019autres esp\u00e8ces.\u00a0Le filet de comptage en forme de V est install\u00e9 sur toute la largeur de la rivi\u00e8re o\u00f9 les poissons sont dirig\u00e9s vers une bo\u00eete, situ\u00e9 au centre. Les techniciens font la surveillance de la migration des poissons 24 heures par jour tout au long de la p\u00e9riode de migration de la truite du printemps et du saumon de l&rsquo;Atlantique \u00e0 l&rsquo;automne.<\/p>\n<p>Le filet de comptage s\u2019est \u00e9galement av\u00e9r\u00e9 une m\u00e9thode de capture du stock de g\u00e9niteurs sauvages du saumon de l&rsquo;Atlantique pour les alevins d\u2019\u00e9closerie de l&rsquo;ann\u00e9e suivante.<\/p>\n","protected":false},"excerpt":{"rendered":"<p>Cette technique consiste en un filet de p\u00eache, qui sert de syst\u00e8me de capture pour comptabiliser et mesurer les salmonid\u00e9s et d\u2019autres esp\u00e8ces.\u00a0Le filet de comptage en forme de V est install\u00e9 sur toute la largeur de la rivi\u00e8re o\u00f9 &hellip; <a href=\"https:\/\/www.saa-aprse.ca\/fr\/projets\/fish-projects\/filet-de-comptage\/\">Continuez de lire <span class=\"meta-nav\">\u2192<\/span><\/a><\/p>\n","protected":false},"author":1,"featured_media":0,"parent":2033,"menu_order":1,"comment_status":"closed","ping_status":"closed","template":"page-project.php","meta":{"_acf_changed":false,"footnotes":""},"acf":[],"_links":{"self":[{"href":"https:\/\/www.saa-aprse.ca\/fr\/wp-json\/wp\/v2\/pages\/558"}],"collection":[{"href":"https:\/\/www.saa-aprse.ca\/fr\/wp-json\/wp\/v2\/pages"}],"about":[{"href":"https:\/\/www.saa-aprse.ca\/fr\/wp-json\/wp\/v2\/types\/page"}],"author":[{"embeddable":true,"href":"https:\/\/www.saa-aprse.ca\/fr\/wp-json\/wp\/v2\/users\/1"}],"replies":[{"embeddable":true,"href":"https:\/\/www.saa-aprse.ca\/fr\/wp-json\/wp\/v2\/comments?post=558"}],"version-history":[{"count":22,"href":"https:\/\/www.saa-aprse.ca\/fr\/wp-json\/wp\/v2\/pages\/558\/revisions"}],"predecessor-version":[{"id":2423,"href":"https:\/\/www.saa-aprse.ca\/fr\/wp-json\/wp\/v2\/pages\/558\/revisions\/2423"}],"up":[{"embeddable":true,"href":"https:\/\/www.saa-aprse.ca\/fr\/wp-json\/wp\/v2\/pages\/2033"}],"wp:attachment":[{"href":"https:\/\/www.saa-aprse.ca\/fr\/wp-json\/wp\/v2\/media?parent=558"}],"curies":[{"name":"wp","href":"https:\/\/api.w.org\/{rel}","templated":true}]}}