{"id":559,"date":"2013-01-23T21:52:25","date_gmt":"2013-01-23T21:52:25","guid":{"rendered":"http:\/\/www.id-build.com\/wp-APRSE\/projets-et-programmes\/monitoring-2\/electro-fishing\/"},"modified":"2018-06-19T14:01:13","modified_gmt":"2018-06-19T14:01:13","slug":"peche-electrique","status":"publish","type":"page","link":"https:\/\/www.saa-aprse.ca\/fr\/projets\/fish-projects\/peche-electrique\/","title":{"rendered":"P\u00eache \u00e9lectrique"},"content":{"rendered":"<p><img loading=\"lazy\" decoding=\"async\" class=\"alignleft size-full wp-image-1147\" src=\"http:\/\/www.id-build.com\/wp-APRSE\/wp-content\/uploads\/2013\/01\/SettingVoltage.jpg\" alt=\"SettingVoltage\" width=\"640\" height=\"386\" srcset=\"https:\/\/www.saa-aprse.ca\/wp-content\/uploads\/2013\/01\/SettingVoltage.jpg 640w, https:\/\/www.saa-aprse.ca\/wp-content\/uploads\/2013\/01\/SettingVoltage-300x180.jpg 300w, https:\/\/www.saa-aprse.ca\/wp-content\/uploads\/2013\/01\/SettingVoltage-497x300.jpg 497w\" sizes=\"(max-width: 640px) 100vw, 640px\" \/><\/p>\n<p style=\"text-align: justify;\">La p\u00eache \u00e9lectrique est une m\u00e9thode couramment utilis\u00e9e pour estimer l&rsquo;abondance et la diversit\u00e9 des poissons dans une rivi\u00e8re. Elle est souvent utilis\u00e9e pour capturer des poissons \u00e0 partir d&rsquo;une section pr\u00e9d\u00e9termin\u00e9e d&rsquo;une rivi\u00e8re. La section est p\u00each\u00e9e \u00e0 l&rsquo;aide d&rsquo;une sonde \u00e9lectrique qui produit un courant \u00e9lectrique et assomment le poisson; les poissons sont facilement r\u00e9cup\u00e9r\u00e9s avec une \u00e9puisette. Les poissons sont g\u00e9n\u00e9ralement d\u00e9pos\u00e9s dans un seau o\u00f9 ils sont identifi\u00e9s, compt\u00e9s et soumis \u00e0 d&rsquo;autres proc\u00e9dures si n\u00e9cessaire.<\/p>\n<p style=\"text-align: justify;\"><img loading=\"lazy\" decoding=\"async\" class=\"alignnone size-full wp-image-2871\" src=\"http:\/\/www.saa-aprse.ca\/wp-content\/uploads\/2013\/01\/Field-survey.png\" alt=\"Field survey\" width=\"756\" height=\"501\" srcset=\"https:\/\/www.saa-aprse.ca\/wp-content\/uploads\/2013\/01\/Field-survey.png 756w, https:\/\/www.saa-aprse.ca\/wp-content\/uploads\/2013\/01\/Field-survey-300x199.png 300w, https:\/\/www.saa-aprse.ca\/wp-content\/uploads\/2013\/01\/Field-survey-700x464.png 700w, https:\/\/www.saa-aprse.ca\/wp-content\/uploads\/2013\/01\/Field-survey-453x300.png 453w\" sizes=\"(max-width: 756px) 100vw, 756px\" \/><\/p>\n<p style=\"text-align: justify;\"><span lang=\"fr\">L&rsquo;Association des p\u00eacheurs r\u00e9cr\u00e9atifs du sud-est (APRSE), avec l&rsquo;aide du personnel du MPO, a fait un suivi sur la population de saumons de l&rsquo;Atlantique dans les bassins versants de Bouctouche et de Cocagne en 2016 et en 2017 afin d&rsquo;obtenir des donn\u00e9es comparables avec les donn\u00e9es du pass\u00e9es.<\/span><\/p>\n<p style=\"text-align: justify;\"><img loading=\"lazy\" decoding=\"async\" class=\"alignnone size-full wp-image-2868\" src=\"http:\/\/www.saa-aprse.ca\/wp-content\/uploads\/2013\/01\/Data-2017.png\" alt=\"Data 2017\" width=\"676\" height=\"218\" srcset=\"https:\/\/www.saa-aprse.ca\/wp-content\/uploads\/2013\/01\/Data-2017.png 676w, https:\/\/www.saa-aprse.ca\/wp-content\/uploads\/2013\/01\/Data-2017-300x97.png 300w, https:\/\/www.saa-aprse.ca\/wp-content\/uploads\/2013\/01\/Data-2017-500x161.png 500w\" sizes=\"(max-width: 676px) 100vw, 676px\" \/><\/p>\n<p style=\"text-align: justify;\"><span lang=\"fr\">Les donn\u00e9es ont r\u00e9v\u00e9l\u00e9 un nombre l\u00e9g\u00e8rement plus \u00e9lev\u00e9 de tacons pr\u00e9sents \u00e0 Cocagne et \u00e0 Bouctouche en 2017 comparativement \u00e0 2016, mais moins que dix ans pass\u00e9s. Les alevins de saumon en 2017 semblent stables \u00e0 Cocagne par rapport \u00e0 l&rsquo;ann\u00e9e pr\u00e9c\u00e9dente, mais moins que dix ans pass\u00e9s. En g\u00e9n\u00e9ral, les populations de saumon atlantique ont grandement diminu\u00e9 dans l&rsquo;eau douce. Les tacons semblent \u00eatre \u00e0 un point bas de leur fluctuation habituelle en regardant les r\u00e9sultats de Bouctouche qui ont moins d&rsquo;\u00e9carts de donn\u00e9es entre les ann\u00e9es. Les r\u00e9sultats semblent montrer un besoin \u00e9vident d&rsquo;aider \u00e0 soutenir la population de saumon. <\/span><\/p>\n<p style=\"text-align: justify;\"><span lang=\"fr\">En 2018, APRSE mettra des efforts \u00e0 r\u00e9introduire les \u0153ufs de saumon indig\u00e8ne d&rsquo;un bassin versant dans le m\u00eame bassin versant en utilisant des incubateurs. Cette m\u00e9thode propos\u00e9e permet aux \u0153ufs de se d\u00e9velopper dans leur habitat naturel plut\u00f4t que dans un environnement cr\u00e9\u00e9 artificiellement. Nous esp\u00e9rons qu&rsquo;il \u00e9liminera certaines menaces telles que la pr\u00e9dation ou la s\u00e9dimentation, si les sites sont bien choisis, pour augmenter les taux de survie des \u0153ufs.<\/span><\/p>\n<p style=\"text-align: justify;\">\n<p style=\"text-align: justify;\">\n<p style=\"text-align: justify;\">\n<p style=\"text-align: justify;\">Financ\u00e9 par :<\/p>\n<p style=\"text-align: justify;\"><img loading=\"lazy\" decoding=\"async\" class=\"alignnone wp-image-2873\" src=\"http:\/\/www.saa-aprse.ca\/wp-content\/uploads\/2013\/01\/ascf-transp-1.jpg\" alt=\"ascf-transp-1\" width=\"323\" height=\"255\" \/><\/p>\n","protected":false},"excerpt":{"rendered":"<p>La p\u00eache \u00e9lectrique est une m\u00e9thode couramment utilis\u00e9e pour estimer l&rsquo;abondance et la diversit\u00e9 des poissons dans une rivi\u00e8re. Elle est souvent utilis\u00e9e pour capturer des poissons \u00e0 partir d&rsquo;une section pr\u00e9d\u00e9termin\u00e9e d&rsquo;une rivi\u00e8re. La section est p\u00each\u00e9e \u00e0 l&rsquo;aide &hellip; <a href=\"https:\/\/www.saa-aprse.ca\/fr\/projets\/fish-projects\/peche-electrique\/\">Continuez de lire <span class=\"meta-nav\">\u2192<\/span><\/a><\/p>\n","protected":false},"author":1,"featured_media":0,"parent":2033,"menu_order":2,"comment_status":"closed","ping_status":"closed","template":"page-project.php","meta":{"_acf_changed":false,"footnotes":""},"acf":[],"_links":{"self":[{"href":"https:\/\/www.saa-aprse.ca\/fr\/wp-json\/wp\/v2\/pages\/559"}],"collection":[{"href":"https:\/\/www.saa-aprse.ca\/fr\/wp-json\/wp\/v2\/pages"}],"about":[{"href":"https:\/\/www.saa-aprse.ca\/fr\/wp-json\/wp\/v2\/types\/page"}],"author":[{"embeddable":true,"href":"https:\/\/www.saa-aprse.ca\/fr\/wp-json\/wp\/v2\/users\/1"}],"replies":[{"embeddable":true,"href":"https:\/\/www.saa-aprse.ca\/fr\/wp-json\/wp\/v2\/comments?post=559"}],"version-history":[{"count":22,"href":"https:\/\/www.saa-aprse.ca\/fr\/wp-json\/wp\/v2\/pages\/559\/revisions"}],"predecessor-version":[{"id":2882,"href":"https:\/\/www.saa-aprse.ca\/fr\/wp-json\/wp\/v2\/pages\/559\/revisions\/2882"}],"up":[{"embeddable":true,"href":"https:\/\/www.saa-aprse.ca\/fr\/wp-json\/wp\/v2\/pages\/2033"}],"wp:attachment":[{"href":"https:\/\/www.saa-aprse.ca\/fr\/wp-json\/wp\/v2\/media?parent=559"}],"curies":[{"name":"wp","href":"https:\/\/api.w.org\/{rel}","templated":true}]}}