{"id":560,"date":"2013-01-23T21:45:31","date_gmt":"2013-01-23T21:45:31","guid":{"rendered":"http:\/\/www.id-build.com\/wp-APRSE\/projets-et-programmes\/monitoring-2\/freshwater-mussels-inventory\/"},"modified":"2018-06-19T12:05:54","modified_gmt":"2018-06-19T12:05:54","slug":"inventaire-de-moules-deau-douce","status":"publish","type":"page","link":"https:\/\/www.saa-aprse.ca\/fr\/projets\/fish-projects\/inventaire-de-moules-deau-douce\/","title":{"rendered":"Inventaire de moules d&rsquo;eau douce"},"content":{"rendered":"<p><strong><em>Saviez-vous que nous avons des moules d\u2019eau douce dans nos rivi\u00e8res? <\/em><\/strong><\/p>\n<p style=\"text-align: justify;\">L\u2019Association des p\u00eacheurs r\u00e9cr\u00e9atifs du sud-est a d\u00e9cid\u00e9 d\u2019entreprendre le suivi des moules d\u2019eau douce afin de localiser la r\u00e9partition des esp\u00e8ces qui peut \u00eatre retrouv\u00e9 dans les cours d\u2019eau. Ces inventaires sont d&rsquo;une grande valeur car ils fournissent des informations de base sur les populations de moules d&rsquo;eau douce de la r\u00e9gion et sur la qualit\u00e9 de l&rsquo;habitat aquatique.<\/p>\n<p style=\"text-align: justify;\"><img loading=\"lazy\" decoding=\"async\" src=\"http:\/\/www.saa-aprse.ca\/wp-content\/uploads\/2013\/01\/SearchingForMussels1.jpg\" alt=\"SearchingForMussels\" width=\"640\" height=\"370\" \/><\/p>\n<p style=\"text-align: justify;\">Les moules d\u2019eau douce se retrouve dans les petits ruisseaux et rivi\u00e8res dont la temp\u00e9rature est assez froide. Elles sont d\u2019importantes bio-indicatrices de la sant\u00e9 des rivi\u00e8res. Les moules sont des individus s\u00e9dentaires. Elles peuvent vivre plusieurs ann\u00e9es; entre 8-20 ans g\u00e9n\u00e9ralement, mais certaines esp\u00e8ces peuvent vivre jusqu\u2019\u00e0 200 ans si les conditions sont id\u00e9ales.<\/p>\n<p style=\"text-align: justify;\">Les moules ont un r\u00f4le important dans la filtration des rivi\u00e8res, en se nourrissant des particules microscopiques dans l\u2019eau. Elles am\u00e9liorent la qualit\u00e9 de l\u2019eau, ce qui est b\u00e9n\u00e9fique aux organismes aquatiques tels que les poissons.<\/p>\n<p><strong><em>Le cycle de vie<\/em><\/strong><\/p>\n<p style=\"text-align: justify;\">Le cycle de reproduction des moules d\u2019eaux douce d\u00e9pend des poissons retrouv\u00e9s dans les rivi\u00e8res. Au printemps, la moule rel\u00e2che ses larves dans l\u2019eau, en esp\u00e9rant de s\u2019accrocher aux branchies et aux nageoires des poissons. Une fois que les moules\u00a0attaint une taille id\u00e9al, elles\u00a0s&rsquo;installent sur le substrat de la rivi\u00e8re.\u00a0Les moules ont besoins des poissons comme h\u00f4tes, mais elles ne nuisent pas \u00e0 leurs vies. Cette relation est donc commensalisme, et non parasitaire.<\/p>\n<p><a href=\"http:\/\/www.saa-aprse.ca\/wp-content\/uploads\/2013\/01\/cycle.jpg\" data-rel=\"lightbox-image-0\" data-rl_title=\"\" data-rl_caption=\"\" title=\"\"><img loading=\"lazy\" decoding=\"async\" class=\"aligncenter wp-image-2014 size-medium\" style=\"width: 186px;\" src=\"http:\/\/www.saa-aprse.ca\/wp-content\/uploads\/2013\/01\/cycle-284x300.jpg\" alt=\"cycle\" width=\"284\" height=\"300\" srcset=\"https:\/\/www.saa-aprse.ca\/wp-content\/uploads\/2013\/01\/cycle-284x300.jpg 284w, https:\/\/www.saa-aprse.ca\/wp-content\/uploads\/2013\/01\/cycle-662x700.jpg 662w, https:\/\/www.saa-aprse.ca\/wp-content\/uploads\/2013\/01\/cycle.jpg 786w\" sizes=\"(max-width: 284px) 100vw, 284px\" \/><\/a><\/p>\n<p><strong><em>Voici quelques exemples\u00a0d\u2019esp\u00e8ces de moules d\u2019eau douce:<\/em><\/strong><\/p>\n<p><a href=\"http:\/\/www.saa-aprse.ca\/wp-content\/uploads\/2013\/01\/Espece-moule.png\" data-rel=\"lightbox-image-1\" data-rl_title=\"\" data-rl_caption=\"\" title=\"\"><img loading=\"lazy\" decoding=\"async\" class=\"aligncenter wp-image-2016 size-large\" src=\"http:\/\/www.saa-aprse.ca\/wp-content\/uploads\/2013\/01\/Espece-moule-700x315.png\" alt=\"Espece moule\" width=\"584\" height=\"263\" srcset=\"https:\/\/www.saa-aprse.ca\/wp-content\/uploads\/2013\/01\/Espece-moule-700x315.png 700w, https:\/\/www.saa-aprse.ca\/wp-content\/uploads\/2013\/01\/Espece-moule-300x135.png 300w, https:\/\/www.saa-aprse.ca\/wp-content\/uploads\/2013\/01\/Espece-moule-500x225.png 500w, https:\/\/www.saa-aprse.ca\/wp-content\/uploads\/2013\/01\/Espece-moule.png 949w\" sizes=\"(max-width: 584px) 100vw, 584px\" \/><\/a><\/p>\n<p><b>Esp\u00e8se pr\u00e9occupante : <\/b><b>Alasmidonte renfl\u00e9e<\/b><\/p>\n<p style=\"text-align: justify;\">Cette moule est une esp\u00e8ce retrouv\u00e9 dans les bassins versant du sud-est du N.B., et elle est souvent reconnue par son nom commun \u00ab Brook Floater \u00bb. Elle a re\u00e7u son statut \u00e0 titre d\u2019esp\u00e8ce pr\u00e9occupante depuis 2013 par la Loi sur les esp\u00e8ces en p\u00e9ril, apr\u00e8s avoir eu disparue d\u2019environ la moiti\u00e9 des sites historiques o\u00f9 elle \u00e9tait retrouv\u00e9e dans l\u2019Am\u00e9rique du Nord (Nouveau-Brunswick, la Nouvelle-\u00c9cosse et le nord-est des \u00c9tats-Unis).<\/p>\n<p style=\"text-align: justify;\">Photo de quelques individus trouv\u00e9 dans le basin versant de Bouctouche :<\/p>\n<p><a href=\"http:\/\/www.saa-aprse.ca\/wp-content\/uploads\/2013\/01\/BF.png\" data-rel=\"lightbox-image-2\" data-rl_title=\"\" data-rl_caption=\"\" title=\"\"><img loading=\"lazy\" decoding=\"async\" class=\"aligncenter wp-image-2018 size-full\" src=\"http:\/\/www.saa-aprse.ca\/wp-content\/uploads\/2013\/01\/BF.png\" alt=\"BF\" width=\"699\" height=\"154\" srcset=\"https:\/\/www.saa-aprse.ca\/wp-content\/uploads\/2013\/01\/BF.png 699w, https:\/\/www.saa-aprse.ca\/wp-content\/uploads\/2013\/01\/BF-300x66.png 300w, https:\/\/www.saa-aprse.ca\/wp-content\/uploads\/2013\/01\/BF-500x110.png 500w\" sizes=\"(max-width: 699px) 100vw, 699px\" \/><\/a><\/p>\n<p><strong><em>Menaces<\/em><\/strong><\/p>\n<p>Les moules sont vuln\u00e9rable aux changements d\u2019habitats caus\u00e9s par:<\/p>\n<ul>\n<li>L\u2019\u00e9rosion des berges<\/li>\n<li>Construction de barrages et de ponts<\/li>\n<li>L\u2019am\u00e9nagement des propri\u00e9t\u00e9s riveraines<\/li>\n<li>Certaines pratiques d\u2019agriculture ou d\u2019\u00e9levage<\/li>\n<li>Certaines pratiques de foresterie<\/li>\n<li>Les activit\u00e9s r\u00e9cr\u00e9atives (traverse VTT)<\/li>\n<li>La qualit\u00e9 de l\u2019eau (pollution, temp\u00e9rature, pH, etc.)<\/li>\n<li>Les p\u00e9riodes d\u2019inondation et de s\u00e9cheresse<\/li>\n<\/ul>\n<p>&nbsp;<\/p>\n<p>Financ\u00e9 par :<\/p>\n<p><img loading=\"lazy\" decoding=\"async\" class=\"alignnone  wp-image-2852\" src=\"http:\/\/www.saa-aprse.ca\/wp-content\/uploads\/2013\/01\/logo-HSP.png\" alt=\"logo HSP\" width=\"316\" height=\"91\" \/><\/p>\n<p><img loading=\"lazy\" decoding=\"async\" class=\"alignnone  wp-image-2854\" src=\"http:\/\/www.saa-aprse.ca\/wp-content\/uploads\/2013\/01\/logo-NBWTF.png\" alt=\"logo NBWTF\" width=\"209\" height=\"174\" \/><\/p>\n","protected":false},"excerpt":{"rendered":"<p>Saviez-vous que nous avons des moules d\u2019eau douce dans nos rivi\u00e8res? L\u2019Association des p\u00eacheurs r\u00e9cr\u00e9atifs du sud-est a d\u00e9cid\u00e9 d\u2019entreprendre le suivi des moules d\u2019eau douce afin de localiser la r\u00e9partition des esp\u00e8ces qui peut \u00eatre retrouv\u00e9 dans les cours &hellip; <a href=\"https:\/\/www.saa-aprse.ca\/fr\/projets\/fish-projects\/inventaire-de-moules-deau-douce\/\">Continuez de lire <span class=\"meta-nav\">\u2192<\/span><\/a><\/p>\n","protected":false},"author":1,"featured_media":0,"parent":2033,"menu_order":3,"comment_status":"closed","ping_status":"closed","template":"page-project.php","meta":{"_acf_changed":false,"footnotes":""},"acf":[],"_links":{"self":[{"href":"https:\/\/www.saa-aprse.ca\/fr\/wp-json\/wp\/v2\/pages\/560"}],"collection":[{"href":"https:\/\/www.saa-aprse.ca\/fr\/wp-json\/wp\/v2\/pages"}],"about":[{"href":"https:\/\/www.saa-aprse.ca\/fr\/wp-json\/wp\/v2\/types\/page"}],"author":[{"embeddable":true,"href":"https:\/\/www.saa-aprse.ca\/fr\/wp-json\/wp\/v2\/users\/1"}],"replies":[{"embeddable":true,"href":"https:\/\/www.saa-aprse.ca\/fr\/wp-json\/wp\/v2\/comments?post=560"}],"version-history":[{"count":19,"href":"https:\/\/www.saa-aprse.ca\/fr\/wp-json\/wp\/v2\/pages\/560\/revisions"}],"predecessor-version":[{"id":2856,"href":"https:\/\/www.saa-aprse.ca\/fr\/wp-json\/wp\/v2\/pages\/560\/revisions\/2856"}],"up":[{"embeddable":true,"href":"https:\/\/www.saa-aprse.ca\/fr\/wp-json\/wp\/v2\/pages\/2033"}],"wp:attachment":[{"href":"https:\/\/www.saa-aprse.ca\/fr\/wp-json\/wp\/v2\/media?parent=560"}],"curies":[{"name":"wp","href":"https:\/\/api.w.org\/{rel}","templated":true}]}}