{"id":561,"date":"2013-01-23T21:53:16","date_gmt":"2013-01-23T21:53:16","guid":{"rendered":"http:\/\/www.id-build.com\/wp-APRSE\/projets-et-programmes\/monitoring-2\/invertebrates-monitoring\/"},"modified":"2016-03-28T15:54:35","modified_gmt":"2016-03-28T15:54:35","slug":"suivi-sur-les-invertebres","status":"publish","type":"page","link":"https:\/\/www.saa-aprse.ca\/fr\/projets\/fish-projects\/suivi-sur-les-invertebres\/","title":{"rendered":"Suivi sur les invert\u00e9br\u00e9s"},"content":{"rendered":"<p><img loading=\"lazy\" decoding=\"async\" class=\"alignleft size-full wp-image-1292\" src=\"http:\/\/www.id-build.com\/wp-APRSE\/wp-content\/uploads\/2013\/01\/Screen-Shot-2013-02-12-at-3.26.07-PM.png\" alt=\"Screen Shot 2013-02-12 at 3.26.07 PM\" width=\"800\" height=\"335\" srcset=\"https:\/\/www.saa-aprse.ca\/wp-content\/uploads\/2013\/01\/Screen-Shot-2013-02-12-at-3.26.07-PM.png 800w, https:\/\/www.saa-aprse.ca\/wp-content\/uploads\/2013\/01\/Screen-Shot-2013-02-12-at-3.26.07-PM-300x125.png 300w, https:\/\/www.saa-aprse.ca\/wp-content\/uploads\/2013\/01\/Screen-Shot-2013-02-12-at-3.26.07-PM-500x209.png 500w\" sizes=\"(max-width: 800px) 100vw, 800px\" \/><\/p>\n<p>Les invert\u00e9br\u00e9s sont d&rsquo;excellents bio-indicateurs de la qualit\u00e9 de l&rsquo;eau et constituent une source importante de nourriture pour le saumon atlantique et la truite mouchet\u00e9. L&rsquo;\u00e9chantillonnage d&rsquo;invert\u00e9br\u00e9s et l&rsquo;analyse de la qualit\u00e9 de l&rsquo;eau permettent de d\u00e9terminer les effets de l\u2019activit\u00e9 humaine sur la vie aquatique dans un cours d\u2019eau sp\u00e9cifique. L\u2019identification des invert\u00e9br\u00e9s aquatiques nous indique le niveau de pollution et le temps d&rsquo;exposition \u00e0 cette pollution puisque certains groupes d&rsquo;invert\u00e9br\u00e9s ont des niveaux diff\u00e9rents de tol\u00e9rance \u00e0 la pollution. Par exemple, si on retrouve une grande abondance de larves de mouche noire et de sangsues dans un cours d&rsquo;eau, cela peut indiquer la pr\u00e9sence d&rsquo;un contaminant.<\/p>\n","protected":false},"excerpt":{"rendered":"<p>Les invert\u00e9br\u00e9s sont d&rsquo;excellents bio-indicateurs de la qualit\u00e9 de l&rsquo;eau et constituent une source importante de nourriture pour le saumon atlantique et la truite mouchet\u00e9. L&rsquo;\u00e9chantillonnage d&rsquo;invert\u00e9br\u00e9s et l&rsquo;analyse de la qualit\u00e9 de l&rsquo;eau permettent de d\u00e9terminer les effets de &hellip; <a href=\"https:\/\/www.saa-aprse.ca\/fr\/projets\/fish-projects\/suivi-sur-les-invertebres\/\">Continuez de lire <span class=\"meta-nav\">\u2192<\/span><\/a><\/p>\n","protected":false},"author":1,"featured_media":0,"parent":2033,"menu_order":5,"comment_status":"closed","ping_status":"closed","template":"page-project.php","meta":{"_acf_changed":false,"footnotes":""},"acf":[],"_links":{"self":[{"href":"https:\/\/www.saa-aprse.ca\/fr\/wp-json\/wp\/v2\/pages\/561"}],"collection":[{"href":"https:\/\/www.saa-aprse.ca\/fr\/wp-json\/wp\/v2\/pages"}],"about":[{"href":"https:\/\/www.saa-aprse.ca\/fr\/wp-json\/wp\/v2\/types\/page"}],"author":[{"embeddable":true,"href":"https:\/\/www.saa-aprse.ca\/fr\/wp-json\/wp\/v2\/users\/1"}],"replies":[{"embeddable":true,"href":"https:\/\/www.saa-aprse.ca\/fr\/wp-json\/wp\/v2\/comments?post=561"}],"version-history":[{"count":18,"href":"https:\/\/www.saa-aprse.ca\/fr\/wp-json\/wp\/v2\/pages\/561\/revisions"}],"predecessor-version":[{"id":2192,"href":"https:\/\/www.saa-aprse.ca\/fr\/wp-json\/wp\/v2\/pages\/561\/revisions\/2192"}],"up":[{"embeddable":true,"href":"https:\/\/www.saa-aprse.ca\/fr\/wp-json\/wp\/v2\/pages\/2033"}],"wp:attachment":[{"href":"https:\/\/www.saa-aprse.ca\/fr\/wp-json\/wp\/v2\/media?parent=561"}],"curies":[{"name":"wp","href":"https:\/\/api.w.org\/{rel}","templated":true}]}}