{"id":920,"date":"2013-01-30T21:48:12","date_gmt":"2013-01-30T21:48:12","guid":{"rendered":"http:\/\/www.id-build.com\/wp-APRSE\/?page_id=920"},"modified":"2013-03-14T01:05:41","modified_gmt":"2013-03-14T01:05:41","slug":"bulletin-de-nouvelles","status":"publish","type":"page","link":"https:\/\/www.saa-aprse.ca\/fr\/projets\/autres-programmes\/bulletin-de-nouvelles\/","title":{"rendered":"Bulletin de nouvelles"},"content":{"rendered":"<p>Un effort de collaboration entre l\u2019 APRSE, le Groupe de d\u00e9veloppement durable du Pays de Cocagne et la Coalition des bassins versants de Kent nous a permis de pr\u00e9parer un bulletin annuel intitul\u00e9 \u00abTravailler ensemble pour la durabilit\u00e9\u00bb. Ce dernier souligne et discute de l\u2019important travail accompli en mati\u00e8re d\u2019environnement au cours de l\u2019ann\u00e9e. Il est distribu\u00e9 par la poste \u00e0 tous les r\u00e9sidents dans le bassin versant de Chockpish, Bouctouche et Cocagne.<\/p>\n<p><a title=\"Bulletin de Nouvelles F\u00e9vrier 2012\" href=\"http:\/\/www.saa-aprse.ca\/wp-content\/uploads\/2013\/02\/BulletinFev2012.pdf\" target=\"_blank\" rel=\"attachment wp-att-1437\">Cliquez ici pour t\u00e9l\u00e9charger notre bulletin de nouvelles<\/a><\/p>\n<p><img loading=\"lazy\" decoding=\"async\" class=\"alignleft size-full wp-image-1355\" alt=\"Bulletin de nouvelles\" src=\"http:\/\/www.saa-aprse.ca\/wp-content\/uploads\/2013\/01\/newsletter.jpg\" width=\"800\" height=\"536\" srcset=\"https:\/\/www.saa-aprse.ca\/wp-content\/uploads\/2013\/01\/newsletter.jpg 800w, https:\/\/www.saa-aprse.ca\/wp-content\/uploads\/2013\/01\/newsletter-300x201.jpg 300w, https:\/\/www.saa-aprse.ca\/wp-content\/uploads\/2013\/01\/newsletter-447x300.jpg 447w\" sizes=\"(max-width: 800px) 100vw, 800px\" \/><\/p>\n","protected":false},"excerpt":{"rendered":"<p>Un effort de collaboration entre l\u2019 APRSE, le Groupe de d\u00e9veloppement durable du Pays de Cocagne et la Coalition des bassins versants de Kent nous a permis de pr\u00e9parer un bulletin annuel intitul\u00e9 \u00abTravailler ensemble pour la durabilit\u00e9\u00bb. Ce dernier &hellip; <a href=\"https:\/\/www.saa-aprse.ca\/fr\/projets\/autres-programmes\/bulletin-de-nouvelles\/\">Continuez de lire <span class=\"meta-nav\">\u2192<\/span><\/a><\/p>\n","protected":false},"author":1,"featured_media":0,"parent":466,"menu_order":0,"comment_status":"closed","ping_status":"closed","template":"page-monitoring.php","meta":{"_acf_changed":false,"footnotes":""},"acf":[],"_links":{"self":[{"href":"https:\/\/www.saa-aprse.ca\/fr\/wp-json\/wp\/v2\/pages\/920"}],"collection":[{"href":"https:\/\/www.saa-aprse.ca\/fr\/wp-json\/wp\/v2\/pages"}],"about":[{"href":"https:\/\/www.saa-aprse.ca\/fr\/wp-json\/wp\/v2\/types\/page"}],"author":[{"embeddable":true,"href":"https:\/\/www.saa-aprse.ca\/fr\/wp-json\/wp\/v2\/users\/1"}],"replies":[{"embeddable":true,"href":"https:\/\/www.saa-aprse.ca\/fr\/wp-json\/wp\/v2\/comments?post=920"}],"version-history":[{"count":6,"href":"https:\/\/www.saa-aprse.ca\/fr\/wp-json\/wp\/v2\/pages\/920\/revisions"}],"predecessor-version":[{"id":1538,"href":"https:\/\/www.saa-aprse.ca\/fr\/wp-json\/wp\/v2\/pages\/920\/revisions\/1538"}],"up":[{"embeddable":true,"href":"https:\/\/www.saa-aprse.ca\/fr\/wp-json\/wp\/v2\/pages\/466"}],"wp:attachment":[{"href":"https:\/\/www.saa-aprse.ca\/fr\/wp-json\/wp\/v2\/media?parent=920"}],"curies":[{"name":"wp","href":"https:\/\/api.w.org\/{rel}","templated":true}]}}