{"id":924,"date":"2013-01-30T22:16:43","date_gmt":"2013-01-30T22:16:43","guid":{"rendered":"http:\/\/www.id-build.com\/wp-APRSE\/?page_id=924"},"modified":"2017-07-18T17:42:36","modified_gmt":"2017-07-18T17:42:36","slug":"suivi-et-reconnaissance-des-cours-deau","status":"publish","type":"page","link":"https:\/\/www.saa-aprse.ca\/fr\/projets\/water-quality-projects\/suivi-et-reconnaissance-des-cours-deau\/","title":{"rendered":"Suivi et reconnaissance des cours d&rsquo;eau"},"content":{"rendered":"<p>Les \u00e9valuations d\u2019un cours d\u2019eau et \u00e9valuations de reconnaissance sont g\u00e9n\u00e9ralement effectu\u00e9es pour obtenir une vue d\u2019ensemble de l\u2019\u00e9tat \u200b\u200bde l\u2019habitat du poisson. Parmi les param\u00e8tres g\u00e9n\u00e9ralement mesur\u00e9s, on retrouve l\u2019hydrochimie de base (temp\u00e9rature, pH, alcalinit\u00e9, le calcium et le phosphore), la temp\u00e9rature de l\u2019eau et de l\u2019air, l\u2019oxyg\u00e8ne, le d\u00e9bit d\u2019eau, la s\u00e9dimentation et les observations g\u00e9n\u00e9rales physiques (le type d\u2019habitat, les substrats, l\u2019envasement, la largeur, l\u2019ombre, la v\u00e9g\u00e9tation, la stabilisation des berges).<\/p>\n<p><img loading=\"lazy\" decoding=\"async\" class=\" wp-image-2446 aligncenter\" src=\"http:\/\/www.saa-aprse.ca\/wp-content\/uploads\/2013\/01\/july112006-038-riviere-300x200.jpg\" alt=\"july112006 038 riviere\" width=\"414\" height=\"280\" \/><\/p>\n\n\t\t<style type=\"text\/css\">\n\t\t\t#gallery-1 {\n\t\t\t\tmargin: auto;\n\t\t\t}\n\t\t\t#gallery-1 .gallery-item {\n\t\t\t\tfloat: left;\n\t\t\t\tmargin-top: 10px;\n\t\t\t\ttext-align: center;\n\t\t\t\twidth: 50%;\n\t\t\t}\n\t\t\t#gallery-1 img {\n\t\t\t\tborder: 2px solid #cfcfcf;\n\t\t\t}\n\t\t\t#gallery-1 .gallery-caption {\n\t\t\t\tmargin-left: 0;\n\t\t\t}\n\t\t\t\/* see gallery_shortcode() in wp-includes\/media.php *\/\n\t\t<\/style>\n\t\t<div id='gallery-1' class='gallery galleryid-924 gallery-columns-2 gallery-size-full'><dl class='gallery-item'>\n\t\t\t<dt class='gallery-icon landscape'>\n\t\t\t\t<a href='https:\/\/www.saa-aprse.ca\/wp-content\/uploads\/2013\/01\/DSCF0169_CO08.jpg' title=\"\" data-rl_title=\"\" class=\"rl-gallery-link\" data-rl_caption=\"\" data-rel=\"lightbox-gallery-1\"><img loading=\"lazy\" decoding=\"async\" width=\"4608\" height=\"3456\" src=\"https:\/\/www.saa-aprse.ca\/wp-content\/uploads\/2013\/01\/DSCF0169_CO08.jpg\" class=\"attachment-full size-full\" alt=\"\" srcset=\"https:\/\/www.saa-aprse.ca\/wp-content\/uploads\/2013\/01\/DSCF0169_CO08.jpg 4608w, https:\/\/www.saa-aprse.ca\/wp-content\/uploads\/2013\/01\/DSCF0169_CO08-300x225.jpg 300w, https:\/\/www.saa-aprse.ca\/wp-content\/uploads\/2013\/01\/DSCF0169_CO08-768x576.jpg 768w, https:\/\/www.saa-aprse.ca\/wp-content\/uploads\/2013\/01\/DSCF0169_CO08-700x525.jpg 700w, https:\/\/www.saa-aprse.ca\/wp-content\/uploads\/2013\/01\/DSCF0169_CO08-400x300.jpg 400w\" sizes=\"(max-width: 4608px) 100vw, 4608px\" \/><\/a>\n\t\t\t<\/dt><\/dl><dl class='gallery-item'>\n\t\t\t<dt class='gallery-icon landscape'>\n\t\t\t\t<a href='https:\/\/www.saa-aprse.ca\/wp-content\/uploads\/2013\/01\/DSCF0168_CO08.jpg' title=\"\" data-rl_title=\"\" class=\"rl-gallery-link\" data-rl_caption=\"\" data-rel=\"lightbox-gallery-1\"><img loading=\"lazy\" decoding=\"async\" width=\"4608\" height=\"3456\" src=\"https:\/\/www.saa-aprse.ca\/wp-content\/uploads\/2013\/01\/DSCF0168_CO08.jpg\" class=\"attachment-full size-full\" alt=\"\" srcset=\"https:\/\/www.saa-aprse.ca\/wp-content\/uploads\/2013\/01\/DSCF0168_CO08.jpg 4608w, https:\/\/www.saa-aprse.ca\/wp-content\/uploads\/2013\/01\/DSCF0168_CO08-300x225.jpg 300w, https:\/\/www.saa-aprse.ca\/wp-content\/uploads\/2013\/01\/DSCF0168_CO08-768x576.jpg 768w, https:\/\/www.saa-aprse.ca\/wp-content\/uploads\/2013\/01\/DSCF0168_CO08-700x525.jpg 700w, https:\/\/www.saa-aprse.ca\/wp-content\/uploads\/2013\/01\/DSCF0168_CO08-400x300.jpg 400w\" sizes=\"(max-width: 4608px) 100vw, 4608px\" \/><\/a>\n\t\t\t<\/dt><\/dl><br style=\"clear: both\" \/><dl class='gallery-item'>\n\t\t\t<dt class='gallery-icon landscape'>\n\t\t\t\t<a href='https:\/\/www.saa-aprse.ca\/wp-content\/uploads\/2013\/01\/DSCF0359.jpg' title=\"\" data-rl_title=\"\" class=\"rl-gallery-link\" data-rl_caption=\"\" data-rel=\"lightbox-gallery-1\"><img loading=\"lazy\" decoding=\"async\" width=\"4608\" height=\"3456\" src=\"https:\/\/www.saa-aprse.ca\/wp-content\/uploads\/2013\/01\/DSCF0359.jpg\" class=\"attachment-full size-full\" alt=\"Logger\" aria-describedby=\"gallery-1-2762\" srcset=\"https:\/\/www.saa-aprse.ca\/wp-content\/uploads\/2013\/01\/DSCF0359.jpg 4608w, https:\/\/www.saa-aprse.ca\/wp-content\/uploads\/2013\/01\/DSCF0359-300x225.jpg 300w, https:\/\/www.saa-aprse.ca\/wp-content\/uploads\/2013\/01\/DSCF0359-768x576.jpg 768w, https:\/\/www.saa-aprse.ca\/wp-content\/uploads\/2013\/01\/DSCF0359-700x525.jpg 700w, https:\/\/www.saa-aprse.ca\/wp-content\/uploads\/2013\/01\/DSCF0359-400x300.jpg 400w\" sizes=\"(max-width: 4608px) 100vw, 4608px\" \/><\/a>\n\t\t\t<\/dt>\n\t\t\t\t<dd class='wp-caption-text gallery-caption' id='gallery-1-2762'>\n\t\t\t\tThis is where we have a logger in the river.\n\t\t\t\t<\/dd><\/dl><dl class='gallery-item'>\n\t\t\t<dt class='gallery-icon landscape'>\n\t\t\t\t<a href='https:\/\/www.saa-aprse.ca\/wp-content\/uploads\/2013\/01\/DSCF0396.jpg' title=\"\" data-rl_title=\"\" class=\"rl-gallery-link\" data-rl_caption=\"\" data-rel=\"lightbox-gallery-1\"><img loading=\"lazy\" decoding=\"async\" width=\"4608\" height=\"3456\" src=\"https:\/\/www.saa-aprse.ca\/wp-content\/uploads\/2013\/01\/DSCF0396.jpg\" class=\"attachment-full size-full\" alt=\"\" srcset=\"https:\/\/www.saa-aprse.ca\/wp-content\/uploads\/2013\/01\/DSCF0396.jpg 4608w, https:\/\/www.saa-aprse.ca\/wp-content\/uploads\/2013\/01\/DSCF0396-300x225.jpg 300w, https:\/\/www.saa-aprse.ca\/wp-content\/uploads\/2013\/01\/DSCF0396-768x576.jpg 768w, https:\/\/www.saa-aprse.ca\/wp-content\/uploads\/2013\/01\/DSCF0396-700x525.jpg 700w, https:\/\/www.saa-aprse.ca\/wp-content\/uploads\/2013\/01\/DSCF0396-400x300.jpg 400w\" sizes=\"(max-width: 4608px) 100vw, 4608px\" \/><\/a>\n\t\t\t<\/dt><\/dl><br style=\"clear: both\" \/>\n\t\t<\/div>\n\n","protected":false},"excerpt":{"rendered":"<p>Les \u00e9valuations d\u2019un cours d\u2019eau et \u00e9valuations de reconnaissance sont g\u00e9n\u00e9ralement effectu\u00e9es pour obtenir une vue d\u2019ensemble de l\u2019\u00e9tat \u200b\u200bde l\u2019habitat du poisson. Parmi les param\u00e8tres g\u00e9n\u00e9ralement mesur\u00e9s, on retrouve l\u2019hydrochimie de base (temp\u00e9rature, pH, alcalinit\u00e9, le calcium et le &hellip; <a href=\"https:\/\/www.saa-aprse.ca\/fr\/projets\/water-quality-projects\/suivi-et-reconnaissance-des-cours-deau\/\">Continuez de lire <span class=\"meta-nav\">\u2192<\/span><\/a><\/p>\n","protected":false},"author":1,"featured_media":0,"parent":2035,"menu_order":1,"comment_status":"closed","ping_status":"closed","template":"","meta":{"_acf_changed":false,"footnotes":""},"acf":[],"_links":{"self":[{"href":"https:\/\/www.saa-aprse.ca\/fr\/wp-json\/wp\/v2\/pages\/924"}],"collection":[{"href":"https:\/\/www.saa-aprse.ca\/fr\/wp-json\/wp\/v2\/pages"}],"about":[{"href":"https:\/\/www.saa-aprse.ca\/fr\/wp-json\/wp\/v2\/types\/page"}],"author":[{"embeddable":true,"href":"https:\/\/www.saa-aprse.ca\/fr\/wp-json\/wp\/v2\/users\/1"}],"replies":[{"embeddable":true,"href":"https:\/\/www.saa-aprse.ca\/fr\/wp-json\/wp\/v2\/comments?post=924"}],"version-history":[{"count":6,"href":"https:\/\/www.saa-aprse.ca\/fr\/wp-json\/wp\/v2\/pages\/924\/revisions"}],"predecessor-version":[{"id":2445,"href":"https:\/\/www.saa-aprse.ca\/fr\/wp-json\/wp\/v2\/pages\/924\/revisions\/2445"}],"up":[{"embeddable":true,"href":"https:\/\/www.saa-aprse.ca\/fr\/wp-json\/wp\/v2\/pages\/2035"}],"wp:attachment":[{"href":"https:\/\/www.saa-aprse.ca\/fr\/wp-json\/wp\/v2\/media?parent=924"}],"curies":[{"name":"wp","href":"https:\/\/api.w.org\/{rel}","templated":true}]}}