{"id":925,"date":"2013-01-30T22:19:09","date_gmt":"2013-01-30T22:19:09","guid":{"rendered":"http:\/\/www.id-build.com\/wp-APRSE\/?page_id=925"},"modified":"2013-02-12T20:05:23","modified_gmt":"2013-02-12T20:05:23","slug":"truite-mouchete","status":"publish","type":"page","link":"https:\/\/www.saa-aprse.ca\/fr\/projets\/fish-projects\/ensemencement\/truite-mouchete\/","title":{"rendered":"Truite Mouchet\u00e9"},"content":{"rendered":"<p>La truite mouchet\u00e9e \u00e9lev\u00e9 dans des \u00e9closeries ou des r\u00e9servoirs d\u2019\u00e9levage satellite, \u00e9taient lib\u00e9r\u00e9s sur une base annuelle. L\u2019\u00e9closerie Flowers Cove et l\u2019utilisation de bassins d\u2019\u00e9levage satellite locaux \u00e9taient utilis\u00e9s pour fournir des jeunes truites mouchet\u00e9es (jeunes de l\u2019ann\u00e9e) \u00e0 des fins d\u2019am\u00e9lioration des stocks.<\/p>\n<p><img loading=\"lazy\" decoding=\"async\" class=\"alignleft size-medium wp-image-1156\" alt=\"Ensemencement\" src=\"http:\/\/www.id-build.com\/wp-APRSE\/wp-content\/uploads\/2013\/01\/Ensemencement-300x210.jpg\" width=\"300\" height=\"210\" srcset=\"https:\/\/www.saa-aprse.ca\/wp-content\/uploads\/2013\/01\/Ensemencement-300x210.jpg 300w, https:\/\/www.saa-aprse.ca\/wp-content\/uploads\/2013\/01\/Ensemencement-426x300.jpg 426w, https:\/\/www.saa-aprse.ca\/wp-content\/uploads\/2013\/01\/Ensemencement.jpg 640w\" sizes=\"(max-width: 300px) 100vw, 300px\" \/><\/p>\n<p>&nbsp;<\/p>\n<p>&nbsp;<\/p>\n<p>&nbsp;<\/p>\n<p>&nbsp;<\/p>\n<p>&nbsp;<\/p>\n<p>&nbsp;<\/p>\n<p>Plus de 100,000 truites mouchet\u00e9es dont les souches provenaient de Tabusintac furent ensemenc\u00e9es dans les rivi\u00e8res Bouctouche et Cocagne entre 1994 et 1999.<\/p>\n<p><a href=\"http:\/\/www.id-build.com\/wp-APRSE\/projets-et-programmes\/ensemencement\/truite-mouchete\/screen-shot-2013-02-12-at-4-03-29-pm\/\" rel=\"attachment wp-att-1313\"><img loading=\"lazy\" decoding=\"async\" class=\"alignleft size-full wp-image-1313\" alt=\"\" src=\"http:\/\/www.id-build.com\/wp-APRSE\/wp-content\/uploads\/2013\/01\/Screen-Shot-2013-02-12-at-4.03.29-PM.png\" width=\"800\" height=\"442\" srcset=\"https:\/\/www.saa-aprse.ca\/wp-content\/uploads\/2013\/01\/Screen-Shot-2013-02-12-at-4.03.29-PM.png 800w, https:\/\/www.saa-aprse.ca\/wp-content\/uploads\/2013\/01\/Screen-Shot-2013-02-12-at-4.03.29-PM-300x165.png 300w, https:\/\/www.saa-aprse.ca\/wp-content\/uploads\/2013\/01\/Screen-Shot-2013-02-12-at-4.03.29-PM-500x276.png 500w\" sizes=\"(max-width: 800px) 100vw, 800px\" \/><\/a><\/p>\n","protected":false},"excerpt":{"rendered":"<p>La truite mouchet\u00e9e \u00e9lev\u00e9 dans des \u00e9closeries ou des r\u00e9servoirs d\u2019\u00e9levage satellite, \u00e9taient lib\u00e9r\u00e9s sur une base annuelle. L\u2019\u00e9closerie Flowers Cove et l\u2019utilisation de bassins d\u2019\u00e9levage satellite locaux \u00e9taient utilis\u00e9s pour fournir des jeunes truites mouchet\u00e9es (jeunes de l\u2019ann\u00e9e) \u00e0 &hellip; <a href=\"https:\/\/www.saa-aprse.ca\/fr\/projets\/fish-projects\/ensemencement\/truite-mouchete\/\">Continuez de lire <span class=\"meta-nav\">\u2192<\/span><\/a><\/p>\n","protected":false},"author":1,"featured_media":0,"parent":458,"menu_order":0,"comment_status":"closed","ping_status":"closed","template":"page-monitoring.php","meta":{"_acf_changed":false,"footnotes":""},"acf":[],"_links":{"self":[{"href":"https:\/\/www.saa-aprse.ca\/fr\/wp-json\/wp\/v2\/pages\/925"}],"collection":[{"href":"https:\/\/www.saa-aprse.ca\/fr\/wp-json\/wp\/v2\/pages"}],"about":[{"href":"https:\/\/www.saa-aprse.ca\/fr\/wp-json\/wp\/v2\/types\/page"}],"author":[{"embeddable":true,"href":"https:\/\/www.saa-aprse.ca\/fr\/wp-json\/wp\/v2\/users\/1"}],"replies":[{"embeddable":true,"href":"https:\/\/www.saa-aprse.ca\/fr\/wp-json\/wp\/v2\/comments?post=925"}],"version-history":[{"count":6,"href":"https:\/\/www.saa-aprse.ca\/fr\/wp-json\/wp\/v2\/pages\/925\/revisions"}],"predecessor-version":[{"id":1314,"href":"https:\/\/www.saa-aprse.ca\/fr\/wp-json\/wp\/v2\/pages\/925\/revisions\/1314"}],"up":[{"embeddable":true,"href":"https:\/\/www.saa-aprse.ca\/fr\/wp-json\/wp\/v2\/pages\/458"}],"wp:attachment":[{"href":"https:\/\/www.saa-aprse.ca\/fr\/wp-json\/wp\/v2\/media?parent=925"}],"curies":[{"name":"wp","href":"https:\/\/api.w.org\/{rel}","templated":true}]}}