{"id":927,"date":"2013-01-30T22:21:07","date_gmt":"2013-01-30T22:21:07","guid":{"rendered":"http:\/\/www.id-build.com\/wp-APRSE\/?page_id=927"},"modified":"2013-03-13T17:16:02","modified_gmt":"2013-03-13T17:16:02","slug":"saumon-de-latlantique","status":"publish","type":"page","link":"https:\/\/www.saa-aprse.ca\/fr\/projets\/fish-projects\/ensemencement\/saumon-de-latlantique\/","title":{"rendered":"Saumon de l\u2019Atlantique"},"content":{"rendered":"<p><img loading=\"lazy\" decoding=\"async\" class=\"alignleft size-medium wp-image-1095\" alt=\"Parr\" src=\"http:\/\/www.id-build.com\/wp-APRSE\/wp-content\/uploads\/2013\/01\/Parr1-300x171.jpg\" width=\"300\" height=\"171\" srcset=\"https:\/\/www.saa-aprse.ca\/wp-content\/uploads\/2013\/01\/Parr1-300x171.jpg 300w, https:\/\/www.saa-aprse.ca\/wp-content\/uploads\/2013\/01\/Parr1-500x285.jpg 500w, https:\/\/www.saa-aprse.ca\/wp-content\/uploads\/2013\/01\/Parr1.jpg 640w\" sizes=\"(max-width: 300px) 100vw, 300px\" \/><\/p>\n<p>&nbsp;<\/p>\n<p>&nbsp;<\/p>\n<p><a href=\"http:\/\/www.id-build.com\/wp-APRSE\/projets-et-programmes\/ensemencement\/saumon-de-latlantique\/saumon2\/\" rel=\"attachment wp-att-1097\">\u00a0<\/a><\/p>\n<p>&nbsp;<\/p>\n<p>&nbsp;<\/p>\n<p>&nbsp;<\/p>\n<p>Le saumon de l\u2019Atlantique \u00e9lev\u00e9 dans des \u00e9closeries ou des r\u00e9servoirs d\u2019\u00e9levage satellite, \u00e9taient lib\u00e9r\u00e9s sur une base annuelle.<\/p>\n<p>L\u2019\u00e9closerie de Miramichi et l\u2019utilisation de bassins d\u2019\u00e9levage satellite locaux \u00e9taient utilis\u00e9s pour fournir des jeunes saumons de l\u2019Atlantique (jeunes de l\u2019ann\u00e9e) \u00e0 des fins d\u2019am\u00e9lioration des stocks.<\/p>\n<p>Une collecte du stock de g\u00e9niteurs du saumon de l\u2019Atlantique de la rivi\u00e8re de Bouctouche a eu lieu de 1996 \u00e0 1998. Le processus consistait \u00e0 extraire les oeufs de saumons captur\u00e9s, incuber les \u0153ufs dans une \u00e9closerie pour ensemencer le cours d\u2019eau l\u2019ann\u00e9e suivante.<\/p>\n<p>&nbsp;<\/p>\n","protected":false},"excerpt":{"rendered":"<p>&nbsp; &nbsp; \u00a0 &nbsp; &nbsp; &nbsp; Le saumon de l\u2019Atlantique \u00e9lev\u00e9 dans des \u00e9closeries ou des r\u00e9servoirs d\u2019\u00e9levage satellite, \u00e9taient lib\u00e9r\u00e9s sur une base annuelle. L\u2019\u00e9closerie de Miramichi et l\u2019utilisation de bassins d\u2019\u00e9levage satellite locaux \u00e9taient utilis\u00e9s pour fournir des &hellip; <a href=\"https:\/\/www.saa-aprse.ca\/fr\/projets\/fish-projects\/ensemencement\/saumon-de-latlantique\/\">Continuez de lire <span class=\"meta-nav\">\u2192<\/span><\/a><\/p>\n","protected":false},"author":1,"featured_media":0,"parent":458,"menu_order":0,"comment_status":"closed","ping_status":"closed","template":"page-monitoring.php","meta":{"_acf_changed":false,"footnotes":""},"acf":[],"_links":{"self":[{"href":"https:\/\/www.saa-aprse.ca\/fr\/wp-json\/wp\/v2\/pages\/927"}],"collection":[{"href":"https:\/\/www.saa-aprse.ca\/fr\/wp-json\/wp\/v2\/pages"}],"about":[{"href":"https:\/\/www.saa-aprse.ca\/fr\/wp-json\/wp\/v2\/types\/page"}],"author":[{"embeddable":true,"href":"https:\/\/www.saa-aprse.ca\/fr\/wp-json\/wp\/v2\/users\/1"}],"replies":[{"embeddable":true,"href":"https:\/\/www.saa-aprse.ca\/fr\/wp-json\/wp\/v2\/comments?post=927"}],"version-history":[{"count":5,"href":"https:\/\/www.saa-aprse.ca\/fr\/wp-json\/wp\/v2\/pages\/927\/revisions"}],"predecessor-version":[{"id":1520,"href":"https:\/\/www.saa-aprse.ca\/fr\/wp-json\/wp\/v2\/pages\/927\/revisions\/1520"}],"up":[{"embeddable":true,"href":"https:\/\/www.saa-aprse.ca\/fr\/wp-json\/wp\/v2\/pages\/458"}],"wp:attachment":[{"href":"https:\/\/www.saa-aprse.ca\/fr\/wp-json\/wp\/v2\/media?parent=927"}],"curies":[{"name":"wp","href":"https:\/\/api.w.org\/{rel}","templated":true}]}}