{"id":929,"date":"2013-01-30T22:23:54","date_gmt":"2013-01-30T22:23:54","guid":{"rendered":"http:\/\/www.id-build.com\/wp-APRSE\/?page_id=929"},"modified":"2016-04-26T16:47:09","modified_gmt":"2016-04-26T16:47:09","slug":"ferme-agricole-et-betails","status":"publish","type":"page","link":"https:\/\/www.saa-aprse.ca\/fr\/projets\/projet-derosion-et-de-restauration\/zone-riveraine-prevenez-lerosion\/ferme-agricole-et-betails\/","title":{"rendered":"Am\u00e9lioration de la zone riveraine"},"content":{"rendered":"<p><strong>Ferme agricole et b\u00e9tails<\/strong><\/p>\n<p>L\u2019APRSE a travaill\u00e9 sur divers projets afin d\u2019informer et de d\u00e9montrer l\u2019importance de la zone riveraine en mati\u00e8re de la qualit\u00e9 de l\u2019eau et de l\u2019habitat du poisson.<\/p>\n<p><img loading=\"lazy\" decoding=\"async\" class=\"alignleft size-full wp-image-1002\" src=\"http:\/\/www.id-build.com\/wp-APRSE\/wp-content\/uploads\/2013\/01\/ControleErosionBetail1.jpg\" alt=\"ControleErosionBetail\" width=\"640\" height=\"225\" srcset=\"https:\/\/www.saa-aprse.ca\/wp-content\/uploads\/2013\/01\/ControleErosionBetail1.jpg 640w, https:\/\/www.saa-aprse.ca\/wp-content\/uploads\/2013\/01\/ControleErosionBetail1-300x105.jpg 300w, https:\/\/www.saa-aprse.ca\/wp-content\/uploads\/2013\/01\/ControleErosionBetail1-500x175.jpg 500w\" sizes=\"(max-width: 640px) 100vw, 640px\" \/><\/p>\n<p>Gr\u00e2ce \u00e0 plusieurs sources de financements, 11 fermiers et des b\u00e9n\u00e9voles, nous avons \u00e9t\u00e9 en mesure de restaurer plus de 20 km de zones riveraines de la r\u00e9gion. Aujourd\u2019hui, nous sommes fiers de pouvoir montrer nos sites restaur\u00e9s et d\u2019y d\u00e9couvrir une toute nouvelle biodiversit\u00e9.<\/p>\n<p>L\u2019APRSE a travaill\u00e9 sur divers projets afin d\u2019informer et de d\u00e9montrer l\u2019importance de la zone riveraine en mati\u00e8re de la qualit\u00e9 de l\u2019eau et de l\u2019habitat du poisson<\/p>\n<p>l&rsquo;APRSE a aussi fait du travail de sensibilisation aupr\u00e8s des propri\u00e9taires de r\u00e9sidences permanentes et saisonni\u00e8res sur l&rsquo;importance des zones riveraines pour la qualit\u00e9 de l&rsquo;eau. Plusieurs documents ont \u00e9t\u00e9 pr\u00e9par\u00e9s afin d&rsquo;informer les propri\u00e9taires riverains sur des mesures simples, peu co\u00fbteuses qu&rsquo;ils peuvent entreprendre pour am\u00e9liorer la sant\u00e9 de la zone riveraine.<\/p>\n<p><span style=\"text-decoration: underline;\"><strong>Qu&rsquo;est-ce qu&rsquo;une zone riveraine?<\/strong><\/span><\/p>\n<p>Une zone riveraine constitue en l&rsquo;interface entre la terre et un lac, une rivi\u00e8re, un ruisseau, ou un marais.<\/p>\n<h1>Propri\u00e9taires riverains priv\u00e9s<\/h1>\n<p><span style=\"text-decoration: underline;\"><strong>Pourquoi est-il si important de maintenir une zone riveraine en sant\u00e9?<\/strong><\/span><\/p>\n<p>Les zones riveraines en sant\u00e9 ont g\u00e9n\u00e9ralement une grande biodiversit\u00e9 et agissent essentiellement comme des zones tampons en filtrant l&rsquo;eau superficielle qui am\u00e8me souvent des pesticides, de la mati\u00e8re organique, des nutriments, et des s\u00e9diments dans les cours d&rsquo;eau. Une zone riveraine en sant\u00e9 est aussi le meilleur moyen de protection contre un probl\u00e8me de plus en plus commun et s\u00e9rieux dans nos r\u00e9gios, soit l&rsquo;\u00e9rosion des berges.<\/p>\n<p>&nbsp;<\/p>\n<p><img loading=\"lazy\" decoding=\"async\" class=\"alignleft size-full wp-image-1009\" src=\"http:\/\/www.id-build.com\/wp-APRSE\/wp-content\/uploads\/2013\/01\/Screen-Shot-2013-01-31-at-5.12.24-PM.png\" alt=\"Screen Shot 2013-01-31 at 5.12.24 PM\" width=\"800\" height=\"415\" srcset=\"https:\/\/www.saa-aprse.ca\/wp-content\/uploads\/2013\/01\/Screen-Shot-2013-01-31-at-5.12.24-PM.png 800w, https:\/\/www.saa-aprse.ca\/wp-content\/uploads\/2013\/01\/Screen-Shot-2013-01-31-at-5.12.24-PM-300x155.png 300w, https:\/\/www.saa-aprse.ca\/wp-content\/uploads\/2013\/01\/Screen-Shot-2013-01-31-at-5.12.24-PM-500x259.png 500w\" sizes=\"(max-width: 800px) 100vw, 800px\" \/><\/p>\n<p>Les racines des herbes, arbustes et arbres que l&rsquo;on retrouve dans une zone riveraine saine retiennent le sol et l&#8217;emp\u00eachent de se d\u00e9laver.<\/p>\n<p><img loading=\"lazy\" decoding=\"async\" class=\"alignleft size-full wp-image-1477\" src=\"http:\/\/www.saa-aprse.ca\/wp-content\/uploads\/2013\/02\/ZoneRiveraine.png\" alt=\"ZoneRiveraine\" width=\"700\" height=\"347\" srcset=\"https:\/\/www.saa-aprse.ca\/wp-content\/uploads\/2013\/02\/ZoneRiveraine.png 700w, https:\/\/www.saa-aprse.ca\/wp-content\/uploads\/2013\/02\/ZoneRiveraine-300x148.png 300w, https:\/\/www.saa-aprse.ca\/wp-content\/uploads\/2013\/02\/ZoneRiveraine-500x247.png 500w\" sizes=\"(max-width: 700px) 100vw, 700px\" \/><\/p>\n<p>Dans le pass\u00e9, L&rsquo;APRSE a travaill\u00e9 sur divers projets visant \u00e0 d\u00e9montrer l\u2019importance de la zone riveraine quant \u00e0 la qualit\u00e9 de l\u2019eau et de l\u2019habitat du poisson. L\u2019APRSE a aussi fait du travail de sensibilisation et d&rsquo;\u00e9ducation aupr\u00e8s des propri\u00e9taires de r\u00e9sidences permanentes et saisonni\u00e8res sur l\u2019importance des zones riveraines pour la qualit\u00e9 de l\u2019eau. <strong>Cette ann\u00e9e (2013), l&rsquo;APRSE a re\u00e7u des fonds pour un projet d&rsquo;am\u00e9lioration des zones riveraines des rivi\u00e8res de Bouctouche, Little Bouctouche, Cocagne et Chokpish. Ceci nous permet de recruter des propri\u00e9taires de terrains en bordure de l&rsquo;eau, d&rsquo;\u00e9valuer leurs zones riveraines et leurs berges, de faire des recommandations quant \u00e0 leur am\u00e9lioration, et m\u00eame d&rsquo;aider \u00e0 au transplant de plantes indig\u00e8s. Nous recherchons encore des peopri\u00e9taires en ce moment. <span style=\"text-decoration: underline;\">Si ce projet vous int\u00e9resse, veuillez nous contacter en visitant la page \u201cContact\u201d.<\/span><\/strong><\/p>\n<p>Au cours des ann\u00e9es, plusieurs documents ont \u00e9t\u00e9 pr\u00e9par\u00e9s afin d\u2019informer les propri\u00e9taires riverains sur des mesures simples, peu co\u00fbteuses qu\u2019ils peuvent entreprendre pour am\u00e9liorer la sant\u00e9 de la zone riveraine. Ces ressources sont disponibles ci-bas.<\/p>\n<p><span style=\"text-decoration: underline;\"><strong>Ressources utiles:<\/strong><\/span><\/p>\n<p><a href=\"http:\/\/www.saa-aprse.ca\/wp-content\/uploads\/2013\/02\/depliant-APRSEfr.pdf\" target=\"_blank\" rel=\"attachment wp-att-1465\"><u><span style=\"color: #0066cc;\">Cliquez ici pour t\u00e9l\u00e9charger notre d\u00e9pliant\u00a0<strong>Prot\u00e9geons nos cours d&rsquo;eau<\/strong><\/span><\/u><\/a><\/p>\n<p>Cliquez sur l&rsquo;image ci-bas pour t\u00e9l\u00e9charger notre Guide d&rsquo;am\u00e9nagement du propri\u00e9taire<\/p>\n<p><a title=\"Guide d'am\u00e9nagement pour propri\u00e9taires riverains\" href=\"http:\/\/www.saa-aprse.ca\/wp-content\/uploads\/2013\/02\/LandscapeGuideAmenagement.pdf\" target=\"_blank\"><img loading=\"lazy\" decoding=\"async\" class=\"alignleft size-medium wp-image-1486\" src=\"http:\/\/www.saa-aprse.ca\/wp-content\/uploads\/2013\/02\/LandcapeGuideAmenagment-231x300.png\" alt=\"LandcapeGuideAmenagment\" width=\"231\" height=\"300\" srcset=\"https:\/\/www.saa-aprse.ca\/wp-content\/uploads\/2013\/02\/LandcapeGuideAmenagment-231x300.png 231w, https:\/\/www.saa-aprse.ca\/wp-content\/uploads\/2013\/02\/LandcapeGuideAmenagment.png 540w\" sizes=\"(max-width: 231px) 100vw, 231px\" \/><br \/>\n<\/a><\/p>\n","protected":false},"excerpt":{"rendered":"<p>Ferme agricole et b\u00e9tails L\u2019APRSE a travaill\u00e9 sur divers projets afin d\u2019informer et de d\u00e9montrer l\u2019importance de la zone riveraine en mati\u00e8re de la qualit\u00e9 de l\u2019eau et de l\u2019habitat du poisson. Gr\u00e2ce \u00e0 plusieurs sources de financements, 11 fermiers &hellip; <a href=\"https:\/\/www.saa-aprse.ca\/fr\/projets\/projet-derosion-et-de-restauration\/zone-riveraine-prevenez-lerosion\/ferme-agricole-et-betails\/\">Continuez de lire <span class=\"meta-nav\">\u2192<\/span><\/a><\/p>\n","protected":false},"author":1,"featured_media":0,"parent":215,"menu_order":0,"comment_status":"closed","ping_status":"closed","template":"page-project.php","meta":{"_acf_changed":false,"footnotes":""},"acf":[],"_links":{"self":[{"href":"https:\/\/www.saa-aprse.ca\/fr\/wp-json\/wp\/v2\/pages\/929"}],"collection":[{"href":"https:\/\/www.saa-aprse.ca\/fr\/wp-json\/wp\/v2\/pages"}],"about":[{"href":"https:\/\/www.saa-aprse.ca\/fr\/wp-json\/wp\/v2\/types\/page"}],"author":[{"embeddable":true,"href":"https:\/\/www.saa-aprse.ca\/fr\/wp-json\/wp\/v2\/users\/1"}],"replies":[{"embeddable":true,"href":"https:\/\/www.saa-aprse.ca\/fr\/wp-json\/wp\/v2\/comments?post=929"}],"version-history":[{"count":6,"href":"https:\/\/www.saa-aprse.ca\/fr\/wp-json\/wp\/v2\/pages\/929\/revisions"}],"predecessor-version":[{"id":2523,"href":"https:\/\/www.saa-aprse.ca\/fr\/wp-json\/wp\/v2\/pages\/929\/revisions\/2523"}],"up":[{"embeddable":true,"href":"https:\/\/www.saa-aprse.ca\/fr\/wp-json\/wp\/v2\/pages\/215"}],"wp:attachment":[{"href":"https:\/\/www.saa-aprse.ca\/fr\/wp-json\/wp\/v2\/media?parent=929"}],"curies":[{"name":"wp","href":"https:\/\/api.w.org\/{rel}","templated":true}]}}