{"id":931,"date":"2013-01-30T22:26:54","date_gmt":"2013-01-30T22:26:54","guid":{"rendered":"http:\/\/www.id-build.com\/wp-APRSE\/?page_id=931"},"modified":"2017-07-18T17:03:10","modified_gmt":"2017-07-18T17:03:10","slug":"fluctuation-de-la-temperature-de-leau","status":"publish","type":"page","link":"https:\/\/www.saa-aprse.ca\/fr\/projets\/water-quality-projects\/fluctuation-de-la-temperature-de-leau\/","title":{"rendered":"Fluctuation de la temp\u00e9rature de l\u2019eau"},"content":{"rendered":"<p>Des enregistreurs de donn\u00e9es sur la temp\u00e9rature sont de petits appareils \u00e9lectroniques, qui lorsqu\u2019ils sont install\u00e9s dans un cours d\u2019eau, peuvent capter p\u00e9riodiquement la temp\u00e9rature. Cet appareil est capable de mesurer la temp\u00e9rature \u00e0 divers intervalles de temps pendant la journ\u00e9e (ex : toutes les heures). Cet outil donne une meilleure id\u00e9e des fluctuations de la temp\u00e9rature de l\u2019eau qui pourrait se produire durant la journ\u00e9e et entre les mois.<\/p>\n\n\t\t<style type=\"text\/css\">\n\t\t\t#gallery-1 {\n\t\t\t\tmargin: auto;\n\t\t\t}\n\t\t\t#gallery-1 .gallery-item {\n\t\t\t\tfloat: left;\n\t\t\t\tmargin-top: 10px;\n\t\t\t\ttext-align: center;\n\t\t\t\twidth: 33%;\n\t\t\t}\n\t\t\t#gallery-1 img {\n\t\t\t\tborder: 2px solid #cfcfcf;\n\t\t\t}\n\t\t\t#gallery-1 .gallery-caption {\n\t\t\t\tmargin-left: 0;\n\t\t\t}\n\t\t\t\/* see gallery_shortcode() in wp-includes\/media.php *\/\n\t\t<\/style>\n\t\t<div id='gallery-1' class='gallery galleryid-931 gallery-columns-3 gallery-size-full'><dl class='gallery-item'>\n\t\t\t<dt class='gallery-icon portrait'>\n\t\t\t\t<a href='https:\/\/www.saa-aprse.ca\/wp-content\/uploads\/2013\/01\/DSCF0372-e1500397374236.jpg' title=\"\" data-rl_title=\"\" class=\"rl-gallery-link\" data-rl_caption=\"\" data-rel=\"lightbox-gallery-1\"><img loading=\"lazy\" decoding=\"async\" width=\"3456\" height=\"4608\" src=\"https:\/\/www.saa-aprse.ca\/wp-content\/uploads\/2013\/01\/DSCF0372-e1500397374236.jpg\" class=\"attachment-full size-full\" alt=\"\" srcset=\"https:\/\/www.saa-aprse.ca\/wp-content\/uploads\/2013\/01\/DSCF0372-e1500397374236.jpg 3456w, https:\/\/www.saa-aprse.ca\/wp-content\/uploads\/2013\/01\/DSCF0372-e1500397374236-225x300.jpg 225w, https:\/\/www.saa-aprse.ca\/wp-content\/uploads\/2013\/01\/DSCF0372-e1500397374236-768x1024.jpg 768w, https:\/\/www.saa-aprse.ca\/wp-content\/uploads\/2013\/01\/DSCF0372-e1500397374236-525x700.jpg 525w\" sizes=\"(max-width: 3456px) 100vw, 3456px\" \/><\/a>\n\t\t\t<\/dt><\/dl><dl class='gallery-item'>\n\t\t\t<dt class='gallery-icon landscape'>\n\t\t\t\t<a href='https:\/\/www.saa-aprse.ca\/wp-content\/uploads\/2013\/01\/160408-120951.jpg' title=\"\" data-rl_title=\"\" class=\"rl-gallery-link\" data-rl_caption=\"\" data-rel=\"lightbox-gallery-1\"><img loading=\"lazy\" decoding=\"async\" width=\"640\" height=\"480\" src=\"https:\/\/www.saa-aprse.ca\/wp-content\/uploads\/2013\/01\/160408-120951.jpg\" class=\"attachment-full size-full\" alt=\"\" srcset=\"https:\/\/www.saa-aprse.ca\/wp-content\/uploads\/2013\/01\/160408-120951.jpg 640w, https:\/\/www.saa-aprse.ca\/wp-content\/uploads\/2013\/01\/160408-120951-300x225.jpg 300w, https:\/\/www.saa-aprse.ca\/wp-content\/uploads\/2013\/01\/160408-120951-400x300.jpg 400w\" sizes=\"(max-width: 640px) 100vw, 640px\" \/><\/a>\n\t\t\t<\/dt><\/dl><dl class='gallery-item'>\n\t\t\t<dt class='gallery-icon portrait'>\n\t\t\t\t<a href='https:\/\/www.saa-aprse.ca\/wp-content\/uploads\/2013\/01\/IMG_0820.jpg' title=\"\" data-rl_title=\"\" class=\"rl-gallery-link\" data-rl_caption=\"\" data-rel=\"lightbox-gallery-1\"><img loading=\"lazy\" decoding=\"async\" width=\"2448\" height=\"3264\" src=\"https:\/\/www.saa-aprse.ca\/wp-content\/uploads\/2013\/01\/IMG_0820.jpg\" class=\"attachment-full size-full\" alt=\"\" srcset=\"https:\/\/www.saa-aprse.ca\/wp-content\/uploads\/2013\/01\/IMG_0820.jpg 2448w, https:\/\/www.saa-aprse.ca\/wp-content\/uploads\/2013\/01\/IMG_0820-225x300.jpg 225w, https:\/\/www.saa-aprse.ca\/wp-content\/uploads\/2013\/01\/IMG_0820-768x1024.jpg 768w, https:\/\/www.saa-aprse.ca\/wp-content\/uploads\/2013\/01\/IMG_0820-525x700.jpg 525w\" sizes=\"(max-width: 2448px) 100vw, 2448px\" \/><\/a>\n\t\t\t<\/dt><\/dl><br style=\"clear: both\" \/>\n\t\t<\/div>\n\n","protected":false},"excerpt":{"rendered":"<p>Des enregistreurs de donn\u00e9es sur la temp\u00e9rature sont de petits appareils \u00e9lectroniques, qui lorsqu\u2019ils sont install\u00e9s dans un cours d\u2019eau, peuvent capter p\u00e9riodiquement la temp\u00e9rature. Cet appareil est capable de mesurer la temp\u00e9rature \u00e0 divers intervalles de temps pendant la &hellip; <a href=\"https:\/\/www.saa-aprse.ca\/fr\/projets\/water-quality-projects\/fluctuation-de-la-temperature-de-leau\/\">Continuez de lire <span class=\"meta-nav\">\u2192<\/span><\/a><\/p>\n","protected":false},"author":1,"featured_media":0,"parent":2035,"menu_order":0,"comment_status":"closed","ping_status":"closed","template":"","meta":{"_acf_changed":false,"footnotes":""},"acf":[],"_links":{"self":[{"href":"https:\/\/www.saa-aprse.ca\/fr\/wp-json\/wp\/v2\/pages\/931"}],"collection":[{"href":"https:\/\/www.saa-aprse.ca\/fr\/wp-json\/wp\/v2\/pages"}],"about":[{"href":"https:\/\/www.saa-aprse.ca\/fr\/wp-json\/wp\/v2\/types\/page"}],"author":[{"embeddable":true,"href":"https:\/\/www.saa-aprse.ca\/fr\/wp-json\/wp\/v2\/users\/1"}],"replies":[{"embeddable":true,"href":"https:\/\/www.saa-aprse.ca\/fr\/wp-json\/wp\/v2\/comments?post=931"}],"version-history":[{"count":3,"href":"https:\/\/www.saa-aprse.ca\/fr\/wp-json\/wp\/v2\/pages\/931\/revisions"}],"predecessor-version":[{"id":2754,"href":"https:\/\/www.saa-aprse.ca\/fr\/wp-json\/wp\/v2\/pages\/931\/revisions\/2754"}],"up":[{"embeddable":true,"href":"https:\/\/www.saa-aprse.ca\/fr\/wp-json\/wp\/v2\/pages\/2035"}],"wp:attachment":[{"href":"https:\/\/www.saa-aprse.ca\/fr\/wp-json\/wp\/v2\/media?parent=931"}],"curies":[{"name":"wp","href":"https:\/\/api.w.org\/{rel}","templated":true}]}}