{"id":932,"date":"2013-01-30T22:27:50","date_gmt":"2013-01-30T22:27:50","guid":{"rendered":"http:\/\/www.id-build.com\/wp-APRSE\/?page_id=932"},"modified":"2016-04-13T12:28:57","modified_gmt":"2016-04-13T12:28:57","slug":"parametres-chimiques","status":"publish","type":"page","link":"https:\/\/www.saa-aprse.ca\/fr\/projets\/water-quality-projects\/parametres-chimiques\/","title":{"rendered":"Param\u00e8tres chimiques"},"content":{"rendered":"<p><img loading=\"lazy\" decoding=\"async\" class=\"alignleft size-full wp-image-1362\" src=\"http:\/\/www.saa-aprse.ca\/wp-content\/uploads\/2013\/01\/Screen-Shot-2013-02-14-at-3.53.37-PM.png\" alt=\"Qualite seau\" width=\"800\" height=\"405\" srcset=\"https:\/\/www.saa-aprse.ca\/wp-content\/uploads\/2013\/01\/Screen-Shot-2013-02-14-at-3.53.37-PM.png 800w, https:\/\/www.saa-aprse.ca\/wp-content\/uploads\/2013\/01\/Screen-Shot-2013-02-14-at-3.53.37-PM-300x151.png 300w, https:\/\/www.saa-aprse.ca\/wp-content\/uploads\/2013\/01\/Screen-Shot-2013-02-14-at-3.53.37-PM-500x253.png 500w\" sizes=\"(max-width: 800px) 100vw, 800px\" \/><br \/>\nL\u2019analyse de la qualit\u00e9 de l\u2019eau est un outil important qui serre \u00e0 v\u00e9rifier l\u2019impact des activit\u00e9s sur un bassin versant. La mesure de certaines des param\u00e8tres de l\u2019eau aide \u00e0 d\u00e9terminer la sant\u00e9 du milieu aquatique. La compilation des donn\u00e9es et de l\u2019analyse constitue \u00e9galement un atout important, afin de surveiller tout nouveau d\u00e9veloppement et les progr\u00e8s r\u00e9alis\u00e9s dans le cadre des projets entrepris pour am\u00e9liorer la qualit\u00e9 de l\u2019eau.<\/p>\n<p><img loading=\"lazy\" decoding=\"async\" class=\"alignleft size-full wp-image-1301\" src=\"http:\/\/www.saa-aprse.ca\/wp-content\/uploads\/2013\/01\/Screen-Shot-2013-02-12-at-3.32.32-PM.png\" alt=\"\" width=\"800\" height=\"368\" srcset=\"https:\/\/www.saa-aprse.ca\/wp-content\/uploads\/2013\/01\/Screen-Shot-2013-02-12-at-3.32.32-PM.png 800w, https:\/\/www.saa-aprse.ca\/wp-content\/uploads\/2013\/01\/Screen-Shot-2013-02-12-at-3.32.32-PM-300x138.png 300w, https:\/\/www.saa-aprse.ca\/wp-content\/uploads\/2013\/01\/Screen-Shot-2013-02-12-at-3.32.32-PM-500x230.png 500w\" sizes=\"(max-width: 800px) 100vw, 800px\" \/><\/p>\n<p><strong>Pour voir les donn\u00e9es sur la qualit\u00e9 d&rsquo;eau pour\u00a0Chockpish &#8211; Bouctouche &#8211; Cocagne\u00a0(2000-2015) veuillez selectionner le l&rsquo;icone ou le lien ci-dessous <\/strong><strong>(en anglais seulement) :<\/strong><\/p>\n<p><a title=\"Qualit\u00e9 d'eau - Carte interactive\" href=\"http:\/\/www.arcgis.com\/apps\/Embed\/index.html?webmap=32fa180c0a8b4a86b6e3993e386bc5bf&amp;amp;extent=-65.4643,46.1437,-64.1116,46.6579&amp;amp;home=true&amp;amp;zoom=true&amp;amp;scale=true&amp;amp;details=true&amp;amp;legend=true&amp;amp;active_panel=details&amp;amp;disable_scroll=true&amp;amp;theme=light&quot;&gt;&lt;\/iframe&gt;&lt;\/div&gt;\" target=\"_blank\"><img loading=\"lazy\" decoding=\"async\" class=\"alignnone wp-image-1947\" style=\"width: 173px;\" src=\"https:\/\/www.saa-aprse.ca\/wp-content\/uploads\/2013\/01\/Water-quality-map-300x296.jpg\" alt=\"Water quality map\" width=\"300\" height=\"188\" \/><\/a><\/p>\n<p><a href=\"http:\/\/www.arcgis.com\/apps\/Embed\/index.html?webmap=32fa180c0a8b4a86b6e3993e386bc5bf&amp;amp;extent=-65.467,46.1662,-64.1129,46.6878&amp;amp;zoom=true&amp;amp;scale=true&amp;amp;disable_scroll=true&amp;amp;theme=light&quot;&gt;&lt;\/iframe&gt;&lt;\/div\">http:\/\/www.arcgis.com\/apps\/Embed\/index.html?webmap=32fa180c0a8b4a86b6e3993e386bc5bf&amp;amp;extent=-65.467,46.1662,-64.1129,46.6878&amp;amp;zoom=true&amp;amp;scale=true&amp;amp;disable_scroll=true&amp;amp;theme=light\u00a0\u00bb&gt;&lt;\/iframe&gt;&lt;\/div<\/a>&gt;<\/p>\n<p>&nbsp;<\/p>\n<p>&nbsp;<\/p>\n<p>&nbsp;<\/p>\n","protected":false},"excerpt":{"rendered":"<p>L\u2019analyse de la qualit\u00e9 de l\u2019eau est un outil important qui serre \u00e0 v\u00e9rifier l\u2019impact des activit\u00e9s sur un bassin versant. La mesure de certaines des param\u00e8tres de l\u2019eau aide \u00e0 d\u00e9terminer la sant\u00e9 du milieu aquatique. La compilation des &hellip; <a href=\"https:\/\/www.saa-aprse.ca\/fr\/projets\/water-quality-projects\/parametres-chimiques\/\">Continuez de lire <span class=\"meta-nav\">\u2192<\/span><\/a><\/p>\n","protected":false},"author":1,"featured_media":0,"parent":2035,"menu_order":0,"comment_status":"closed","ping_status":"closed","template":"page-project.php","meta":{"_acf_changed":false,"footnotes":""},"acf":[],"_links":{"self":[{"href":"https:\/\/www.saa-aprse.ca\/fr\/wp-json\/wp\/v2\/pages\/932"}],"collection":[{"href":"https:\/\/www.saa-aprse.ca\/fr\/wp-json\/wp\/v2\/pages"}],"about":[{"href":"https:\/\/www.saa-aprse.ca\/fr\/wp-json\/wp\/v2\/types\/page"}],"author":[{"embeddable":true,"href":"https:\/\/www.saa-aprse.ca\/fr\/wp-json\/wp\/v2\/users\/1"}],"replies":[{"embeddable":true,"href":"https:\/\/www.saa-aprse.ca\/fr\/wp-json\/wp\/v2\/comments?post=932"}],"version-history":[{"count":12,"href":"https:\/\/www.saa-aprse.ca\/fr\/wp-json\/wp\/v2\/pages\/932\/revisions"}],"predecessor-version":[{"id":2451,"href":"https:\/\/www.saa-aprse.ca\/fr\/wp-json\/wp\/v2\/pages\/932\/revisions\/2451"}],"up":[{"embeddable":true,"href":"https:\/\/www.saa-aprse.ca\/fr\/wp-json\/wp\/v2\/pages\/2035"}],"wp:attachment":[{"href":"https:\/\/www.saa-aprse.ca\/fr\/wp-json\/wp\/v2\/media?parent=932"}],"curies":[{"name":"wp","href":"https:\/\/api.w.org\/{rel}","templated":true}]}}